{"id":207283,"date":"2026-04-04T14:57:39","date_gmt":"2026-04-04T14:57:39","guid":{"rendered":"https:\/\/modesthanim.com\/product\/karisik-erkek-cocuk-desenli-3lu-atlet\/"},"modified":"2026-04-11T15:12:55","modified_gmt":"2026-04-11T15:12:55","slug":"karisik-erkek-cocuk-desenli-3lu-atlet","status":"publish","type":"product","link":"https:\/\/mod.wisdar.net\/tr\/urun\/karisik-erkek-cocuk-desenli-3lu-atlet\/","title":{"rendered":"Kar\u0131\u015f\u0131k Erkek \u00c7ocuk Desenli 3&#8217;l\u00fc Atlet"},"content":{"rendered":"<p>Pan\u00e7o Kar\u0131\u015f\u0131k Erkek \u00c7ocuk Desenli 3&#8217;l\u00fc Atlet size \u00f6zel indirim, taksit ve kap\u0131da \u00f6deme avantajlar\u0131yla LCW&#8217;de! Hemen online al\u0131\u015fveri\u015f yap, \u00fcr\u00fcn kap\u0131na gelsin! \u2013 S000525883-23173<\/p>\n","protected":false},"excerpt":{"rendered":"<p>Pan\u00e7o Kar\u0131\u015f\u0131k Erkek \u00c7ocuk Desenli 3&#8217;l\u00fc Atlet size \u00f6zel indirim, taksit ve kap\u0131da \u00f6deme avantajlar\u0131yla LCW&#8217;de! Hemen online al\u0131\u015fveri\u015f yap, \u00fcr\u00fcn kap\u0131na gelsin! \u2013 S000525883-23173<\/p>\n","protected":false},"featured_media":207276,"comment_status":"open","ping_status":"closed","template":"","meta":[],"product_brand":[],"product_cat":[8739,8757,8694],"product_tag":[],"class_list":{"0":"post-207283","1":"product","2":"type-product","3":"status-publish","4":"has-post-thumbnail","6":"product_cat-erkek-cocuklar-2-14-yas","7":"product_cat-ic-giyim","8":"product_cat-cocuklar","9":"pa_brand-panco","10":"pa_color-karisik","11":"pa_size-10-11-yas","12":"pa_size-12-13-yas","13":"pa_size-2-3-yas","14":"pa_size-4-5-yas","15":"pa_size-6-7-yas","16":"pa_size-8-9-yas","18":"first","19":"instock","20":"sale","21":"shipping-taxable","22":"purchasable","23":"product-type-variable"},"_links":{"self":[{"href":"https:\/\/mod.wisdar.net\/tr\/wp-json\/wp\/v2\/product\/207283","targetHints":{"allow":["GET"]}}],"collection":[{"href":"https:\/\/mod.wisdar.net\/tr\/wp-json\/wp\/v2\/product"}],"about":[{"href":"https:\/\/mod.wisdar.net\/tr\/wp-json\/wp\/v2\/types\/product"}],"replies":[{"embeddable":true,"href":"https:\/\/mod.wisdar.net\/tr\/wp-json\/wp\/v2\/comments?post=207283"}],"wp:featuredmedia":[{"embeddable":true,"href":"https:\/\/mod.wisdar.net\/tr\/wp-json\/wp\/v2\/media\/207276"}],"wp:attachment":[{"href":"https:\/\/mod.wisdar.net\/tr\/wp-json\/wp\/v2\/media?parent=207283"}],"wp:term":[{"taxonomy":"product_brand","embeddable":true,"href":"https:\/\/mod.wisdar.net\/tr\/wp-json\/wp\/v2\/product_brand?post=207283"},{"taxonomy":"product_cat","embeddable":true,"href":"https:\/\/mod.wisdar.net\/tr\/wp-json\/wp\/v2\/product_cat?post=207283"},{"taxonomy":"product_tag","embeddable":true,"href":"https:\/\/mod.wisdar.net\/tr\/wp-json\/wp\/v2\/product_tag?post=207283"}],"curies":[{"name":"wp","href":"https:\/\/api.w.org\/{rel}","templated":true}]}}