{"id":207319,"date":"2026-04-04T15:09:49","date_gmt":"2026-04-04T15:09:49","guid":{"rendered":"https:\/\/modesthanim.com\/product\/mavi-cizgili-erkek-cocuk-2li-boxer\/"},"modified":"2026-04-05T10:29:13","modified_gmt":"2026-04-05T10:29:13","slug":"mavi-cizgili-erkek-cocuk-2li-boxer","status":"publish","type":"product","link":"https:\/\/mod.wisdar.net\/tr\/urun\/mavi-cizgili-erkek-cocuk-2li-boxer\/","title":{"rendered":"Mavi \u00c7izgili Erkek \u00c7ocuk 2&#8217;li Boxer"},"content":{"rendered":"<p>LCW Kids Mavi \u00c7izgili Erkek \u00c7ocuk 2&#8217;li Boxer size \u00f6zel indirim, taksit ve kap\u0131da \u00f6deme avantajlar\u0131yla LCW&#8217;de! Hemen online al\u0131\u015fveri\u015f yap, \u00fcr\u00fcn kap\u0131na gelsin! \u2013 S6N083Z4-LEN<\/p>\n<p>\u2014 Technical Details \u2014<br \/>\nDesen: \u00c7izgili<br \/>\nKal\u0131p: Standart &amp; Regular<br \/>\nKuma\u015f: Penye<br \/>\nMalzeme: %100 Pamuk<br \/>\nPaket \u0130\u00e7eri\u011fi: 2&#8217;li Paket<br \/>\nPar\u00e7a Say\u0131s\u0131: 2 Par\u00e7a<br \/>\nBel Fiti: Beli Lastikli<br \/>\nCinsiyet: Erkek \u00c7ocuk<br \/>\n\u00dcr\u00fcn Tipi: Boxer<\/p>\n","protected":false},"excerpt":{"rendered":"<p>LCW Kids Mavi \u00c7izgili Erkek \u00c7ocuk 2&#8217;li Boxer size \u00f6zel indirim, taksit ve kap\u0131da \u00f6deme avantajlar\u0131yla LCW&#8217;de! Hemen online al\u0131\u015fveri\u015f yap, \u00fcr\u00fcn kap\u0131na gelsin! \u2013 S6N083Z4-LEN \u2014 Technical Details \u2014 Desen: \u00c7izgili Kal\u0131p: Standart &amp; Regular Kuma\u015f: Penye Malzeme: %100 Pamuk Paket \u0130\u00e7eri\u011fi: 2&#8217;li Paket Par\u00e7a Say\u0131s\u0131: 2 Par\u00e7a Bel Fiti: Beli Lastikli Cinsiyet: Erkek [&hellip;]<\/p>\n","protected":false},"featured_media":207313,"comment_status":"open","ping_status":"closed","template":"","meta":[],"product_brand":[],"product_cat":[8739,8757,8694],"product_tag":[4579,7912,7444,8088],"class_list":{"0":"post-207319","1":"product","2":"type-product","3":"status-publish","4":"has-post-thumbnail","6":"product_cat-erkek-cocuklar-2-14-yas","7":"product_cat-ic-giyim","8":"product_cat-cocuklar","9":"product_tag-100-cotton","10":"product_tag-cizgili","11":"product_tag-jarse","12":"product_tag-lastikli-bel-2","13":"pa_brand-lcw-kids","14":"pa_color-mavi","15":"pa_size-11-12-yas","16":"pa_size-13-14-yas","17":"pa_size-7-8-yas","18":"pa_size-9-10-yas","20":"first","21":"instock","22":"sale","23":"shipping-taxable","24":"purchasable","25":"product-type-variable"},"_links":{"self":[{"href":"https:\/\/mod.wisdar.net\/tr\/wp-json\/wp\/v2\/product\/207319","targetHints":{"allow":["GET"]}}],"collection":[{"href":"https:\/\/mod.wisdar.net\/tr\/wp-json\/wp\/v2\/product"}],"about":[{"href":"https:\/\/mod.wisdar.net\/tr\/wp-json\/wp\/v2\/types\/product"}],"replies":[{"embeddable":true,"href":"https:\/\/mod.wisdar.net\/tr\/wp-json\/wp\/v2\/comments?post=207319"}],"wp:featuredmedia":[{"embeddable":true,"href":"https:\/\/mod.wisdar.net\/tr\/wp-json\/wp\/v2\/media\/207313"}],"wp:attachment":[{"href":"https:\/\/mod.wisdar.net\/tr\/wp-json\/wp\/v2\/media?parent=207319"}],"wp:term":[{"taxonomy":"product_brand","embeddable":true,"href":"https:\/\/mod.wisdar.net\/tr\/wp-json\/wp\/v2\/product_brand?post=207319"},{"taxonomy":"product_cat","embeddable":true,"href":"https:\/\/mod.wisdar.net\/tr\/wp-json\/wp\/v2\/product_cat?post=207319"},{"taxonomy":"product_tag","embeddable":true,"href":"https:\/\/mod.wisdar.net\/tr\/wp-json\/wp\/v2\/product_tag?post=207319"}],"curies":[{"name":"wp","href":"https:\/\/api.w.org\/{rel}","templated":true}]}}