{"id":20761,"date":"2025-11-07T20:16:06","date_gmt":"2025-11-02T14:34:04","guid":{"rendered":"https:\/\/modesthanim.com\/product\/siyah-boru-paca-pantolon\/"},"modified":"2026-02-19T02:31:33","modified_gmt":"2026-02-19T02:31:33","slug":"siyah-boru-paca-pantolon","status":"publish","type":"product","link":"https:\/\/mod.wisdar.net\/tr\/urun\/siyah-boru-paca-pantolon\/","title":{"rendered":"Siyah-Boru Pa\u00e7a Pantolon"},"content":{"rendered":"<p>Siyah-Boru Pa\u00e7a Pantolon ile modern ve rahat bir tarz\u0131 yakalay\u0131n. ALLDAY&#8217;in Pantolon kategorisindeki di\u011fer modelleri ke\u015ffedin. Kombininizi tamamlayacak bu pantolonu hemen inceleyin!<\/p>\n<p>\u2014 Teknik Detaylar \u2014<br \/>\nSezon: 25-Yaz<br \/>\nKuma\u015f \u0130\u00e7eri\u011fi: %97 Pamuk %3 Elastan<br \/>\nKuma\u015f Grubu: Pamuk Polyester<br \/>\nCep Detay\u0131: Yan Cep<br \/>\nEbat \/ Boy: 105 CM<br \/>\nTasar\u0131m D\u00f6nemi: 25-Yaz<br \/>\nKal\u0131p: Rahat Kal\u0131p<br \/>\nPa\u00e7a: Geni\u015f Pa\u00e7a<br \/>\nBel: Lastikli<br \/>\nDesen: D\u00fcz<br \/>\nTema: Sade<br \/>\nSeri: Gen\u00e7<br \/>\n\u00dcr\u00fcn Kalitesi: A Kalite<br \/>\nSezon Sat\u0131\u015f D\u00f6nemi: Baharl\u0131k<br \/>\nMalzeme T\u00fcr\u00fc: Dokuma<\/p>\n","protected":false},"excerpt":{"rendered":"<p>Siyah-Boru Pa\u00e7a Pantolon ile modern ve rahat bir tarz\u0131 yakalay\u0131n. ALLDAY&#8217;in Pantolon kategorisindeki di\u011fer modelleri ke\u015ffedin. Kombininizi tamamlayacak bu pantolonu hemen inceleyin! \u2014 Teknik Detaylar \u2014 Sezon: 25-Yaz Kuma\u015f \u0130\u00e7eri\u011fi: %97 Pamuk %3 Elastan Kuma\u015f Grubu: Pamuk Polyester Cep Detay\u0131: Yan Cep Ebat \/ Boy: 105 CM Tasar\u0131m D\u00f6nemi: 25-Yaz Kal\u0131p: Rahat Kal\u0131p Pa\u00e7a: Geni\u015f [&hellip;]<\/p>\n","protected":false},"featured_media":20746,"comment_status":"open","ping_status":"closed","template":"","meta":[],"product_brand":[],"product_cat":[1882],"product_tag":[],"class_list":{"0":"post-20761","1":"product","2":"type-product","3":"status-publish","4":"has-post-thumbnail","6":"product_cat-alt-giyim","7":"pa_brand-allday","8":"pa_color-siyah","9":"pa_size-4701","10":"pa_size-4706","11":"pa_size-4711","12":"pa_size-4713","13":"pa_size-4751","15":"first","16":"instock","17":"sale","18":"shipping-taxable","19":"purchasable","20":"product-type-variable"},"_links":{"self":[{"href":"https:\/\/mod.wisdar.net\/tr\/wp-json\/wp\/v2\/product\/20761","targetHints":{"allow":["GET"]}}],"collection":[{"href":"https:\/\/mod.wisdar.net\/tr\/wp-json\/wp\/v2\/product"}],"about":[{"href":"https:\/\/mod.wisdar.net\/tr\/wp-json\/wp\/v2\/types\/product"}],"replies":[{"embeddable":true,"href":"https:\/\/mod.wisdar.net\/tr\/wp-json\/wp\/v2\/comments?post=20761"}],"wp:featuredmedia":[{"embeddable":true,"href":"https:\/\/mod.wisdar.net\/tr\/wp-json\/wp\/v2\/media\/20746"}],"wp:attachment":[{"href":"https:\/\/mod.wisdar.net\/tr\/wp-json\/wp\/v2\/media?parent=20761"}],"wp:term":[{"taxonomy":"product_brand","embeddable":true,"href":"https:\/\/mod.wisdar.net\/tr\/wp-json\/wp\/v2\/product_brand?post=20761"},{"taxonomy":"product_cat","embeddable":true,"href":"https:\/\/mod.wisdar.net\/tr\/wp-json\/wp\/v2\/product_cat?post=20761"},{"taxonomy":"product_tag","embeddable":true,"href":"https:\/\/mod.wisdar.net\/tr\/wp-json\/wp\/v2\/product_tag?post=20761"}],"curies":[{"name":"wp","href":"https:\/\/api.w.org\/{rel}","templated":true}]}}