{"id":207670,"date":"2026-04-04T15:55:42","date_gmt":"2026-04-04T15:55:42","guid":{"rendered":"https:\/\/modesthanim.com\/product\/gri-smiley-desenli-erkek-cocuk-boxer-3lu\/"},"modified":"2026-04-05T10:30:58","modified_gmt":"2026-04-05T10:30:58","slug":"gri-smiley-desenli-erkek-cocuk-boxer-3lu","status":"publish","type":"product","link":"https:\/\/mod.wisdar.net\/tr\/urun\/gri-smiley-desenli-erkek-cocuk-boxer-3lu\/","title":{"rendered":"Gri Smiley Desenli Erkek \u00c7ocuk Boxer 3&#8217;l\u00fc"},"content":{"rendered":"<p>LCW Kids Gri Smiley Desenli Erkek \u00c7ocuk Boxer 3&#8217;l\u00fc size \u00f6zel indirim, taksit ve kap\u0131da \u00f6deme avantajlar\u0131yla LCW&#8217;de! Hemen online al\u0131\u015fveri\u015f yap, \u00fcr\u00fcn kap\u0131na gelsin! \u2013 S6O777Z4-HKT<\/p>\n<p>\u2014 Technical Details \u2014<br \/>\nMen\u015fei: T\u00fcrkiye<br \/>\nSat\u0131c\u0131: LC Waikiki<br \/>\nMarka: LCW Kids<br \/>\n\u00dcr\u00fcn Tipi: Boxer<br \/>\nCinsiyet: Erkek \u00c7ocuk<br \/>\nKuma\u015f: Penye<br \/>\nDesen: Desenli<br \/>\nPaket \u0130\u00e7eri\u011fi: 3&#8217;l\u00fc Paket<br \/>\nMalzeme: Y\u00fcksek Pamuk \u0130\u00e7erir<br \/>\nPar\u00e7a Say\u0131s\u0131: 3 Par\u00e7a<br \/>\nBel Fiti: Beli Lastikli<\/p>\n","protected":false},"excerpt":{"rendered":"<p>LCW Kids Gri Smiley Desenli Erkek \u00c7ocuk Boxer 3&#8217;l\u00fc size \u00f6zel indirim, taksit ve kap\u0131da \u00f6deme avantajlar\u0131yla LCW&#8217;de! Hemen online al\u0131\u015fveri\u015f yap, \u00fcr\u00fcn kap\u0131na gelsin! \u2013 S6O777Z4-HKT \u2014 Technical Details \u2014 Men\u015fei: T\u00fcrkiye Sat\u0131c\u0131: LC Waikiki Marka: LCW Kids \u00dcr\u00fcn Tipi: Boxer Cinsiyet: Erkek \u00c7ocuk Kuma\u015f: Penye Desen: Desenli Paket \u0130\u00e7eri\u011fi: 3&#8217;l\u00fc Paket Malzeme: Y\u00fcksek [&hellip;]<\/p>\n","protected":false},"featured_media":207656,"comment_status":"open","ping_status":"closed","template":"","meta":[],"product_brand":[],"product_cat":[8739,8757,8694],"product_tag":[],"class_list":{"0":"post-207670","1":"product","2":"type-product","3":"status-publish","4":"has-post-thumbnail","6":"product_cat-erkek-cocuklar-2-14-yas","7":"product_cat-ic-giyim","8":"product_cat-cocuklar","9":"pa_brand-lcw-kids","10":"pa_color-koyu-gri","11":"pa_size-11-12-yas","12":"pa_size-13-14-yas","13":"pa_size-7-8-yas","14":"pa_size-9-10-yas","16":"first","17":"instock","18":"sale","19":"shipping-taxable","20":"purchasable","21":"product-type-variable"},"_links":{"self":[{"href":"https:\/\/mod.wisdar.net\/tr\/wp-json\/wp\/v2\/product\/207670","targetHints":{"allow":["GET"]}}],"collection":[{"href":"https:\/\/mod.wisdar.net\/tr\/wp-json\/wp\/v2\/product"}],"about":[{"href":"https:\/\/mod.wisdar.net\/tr\/wp-json\/wp\/v2\/types\/product"}],"replies":[{"embeddable":true,"href":"https:\/\/mod.wisdar.net\/tr\/wp-json\/wp\/v2\/comments?post=207670"}],"wp:featuredmedia":[{"embeddable":true,"href":"https:\/\/mod.wisdar.net\/tr\/wp-json\/wp\/v2\/media\/207656"}],"wp:attachment":[{"href":"https:\/\/mod.wisdar.net\/tr\/wp-json\/wp\/v2\/media?parent=207670"}],"wp:term":[{"taxonomy":"product_brand","embeddable":true,"href":"https:\/\/mod.wisdar.net\/tr\/wp-json\/wp\/v2\/product_brand?post=207670"},{"taxonomy":"product_cat","embeddable":true,"href":"https:\/\/mod.wisdar.net\/tr\/wp-json\/wp\/v2\/product_cat?post=207670"},{"taxonomy":"product_tag","embeddable":true,"href":"https:\/\/mod.wisdar.net\/tr\/wp-json\/wp\/v2\/product_tag?post=207670"}],"curies":[{"name":"wp","href":"https:\/\/api.w.org\/{rel}","templated":true}]}}