{"id":207747,"date":"2026-04-04T15:56:28","date_gmt":"2026-04-04T15:56:28","guid":{"rendered":"https:\/\/modesthanim.com\/product\/gri-erkek-cocuk-sonic-baskili-boxer-3lu\/"},"modified":"2026-04-11T16:12:00","modified_gmt":"2026-04-11T16:12:00","slug":"gri-erkek-cocuk-sonic-baskili-boxer-3lu","status":"publish","type":"product","link":"https:\/\/mod.wisdar.net\/tr\/urun\/gri-erkek-cocuk-sonic-baskili-boxer-3lu\/","title":{"rendered":"Gri Erkek \u00c7ocuk Sonic Bask\u0131l\u0131 Boxer 3&#8217;l\u00fc"},"content":{"rendered":"<p>LCW Kids Gri Erkek \u00c7ocuk Sonic Bask\u0131l\u0131 Boxer 3&#8217;l\u00fc size \u00f6zel indirim, taksit ve kap\u0131da \u00f6deme avantajlar\u0131yla LCW&#8217;de! Hemen online al\u0131\u015fveri\u015f yap, \u00fcr\u00fcn kap\u0131na gelsin! \u2013 S6BF71Z4-G2Y<\/p>\n<p>\u2014 Technical Details \u2014<br \/>\nMen\u015fei: Banglade\u015f,Turk\u0131ye<br \/>\nSat\u0131c\u0131: LC Waikiki<br \/>\nMarka: LCW Kids<br \/>\n\u00dcr\u00fcn Tipi: Boxer<br \/>\nCinsiyet: Erkek \u00c7ocuk<br \/>\nKal\u0131p: Standart &amp; Regular<br \/>\nKuma\u015f: Penye<br \/>\nDesen: Bask\u0131l\u0131<br \/>\nLisans: Sonic<br \/>\nPaket \u0130\u00e7eri\u011fi: 3&#8217;l\u00fc Paket<br \/>\nMalzeme: Y\u00fcksek Pamuk \u0130\u00e7erir<br \/>\nPar\u00e7a Say\u0131s\u0131: 3 Par\u00e7a<\/p>\n","protected":false},"excerpt":{"rendered":"<p>LCW Kids Gri Erkek \u00c7ocuk Sonic Bask\u0131l\u0131 Boxer 3&#8217;l\u00fc size \u00f6zel indirim, taksit ve kap\u0131da \u00f6deme avantajlar\u0131yla LCW&#8217;de! Hemen online al\u0131\u015fveri\u015f yap, \u00fcr\u00fcn kap\u0131na gelsin! \u2013 S6BF71Z4-G2Y \u2014 Technical Details \u2014 Men\u015fei: Banglade\u015f,Turk\u0131ye Sat\u0131c\u0131: LC Waikiki Marka: LCW Kids \u00dcr\u00fcn Tipi: Boxer Cinsiyet: Erkek \u00c7ocuk Kal\u0131p: Standart &amp; Regular Kuma\u015f: Penye Desen: Bask\u0131l\u0131 Lisans: Sonic [&hellip;]<\/p>\n","protected":false},"featured_media":207723,"comment_status":"open","ping_status":"closed","template":"","meta":[],"product_brand":[],"product_cat":[8739,8757,8694],"product_tag":[8926,10488,12542,12557,9986,12403],"class_list":{"0":"post-207747","1":"product","2":"type-product","3":"status-publish","4":"has-post-thumbnail","6":"product_cat-erkek-cocuklar-2-14-yas","7":"product_cat-ic-giyim","8":"product_cat-cocuklar","9":"product_tag-3-pack","10":"product_tag-boys-boxer","11":"product_tag-cotton-boxer","12":"product_tag-gray-boxer","13":"product_tag-kids-underwear","14":"product_tag-sonic","15":"pa_brand-lcw-kids","16":"pa_color-gri","17":"pa_size-11-12-yas","18":"pa_size-13-14-yas","19":"pa_size-7-8-yas","20":"pa_size-9-10-yas","22":"first","23":"instock","24":"sale","25":"shipping-taxable","26":"purchasable","27":"product-type-variable"},"_links":{"self":[{"href":"https:\/\/mod.wisdar.net\/tr\/wp-json\/wp\/v2\/product\/207747","targetHints":{"allow":["GET"]}}],"collection":[{"href":"https:\/\/mod.wisdar.net\/tr\/wp-json\/wp\/v2\/product"}],"about":[{"href":"https:\/\/mod.wisdar.net\/tr\/wp-json\/wp\/v2\/types\/product"}],"replies":[{"embeddable":true,"href":"https:\/\/mod.wisdar.net\/tr\/wp-json\/wp\/v2\/comments?post=207747"}],"wp:featuredmedia":[{"embeddable":true,"href":"https:\/\/mod.wisdar.net\/tr\/wp-json\/wp\/v2\/media\/207723"}],"wp:attachment":[{"href":"https:\/\/mod.wisdar.net\/tr\/wp-json\/wp\/v2\/media?parent=207747"}],"wp:term":[{"taxonomy":"product_brand","embeddable":true,"href":"https:\/\/mod.wisdar.net\/tr\/wp-json\/wp\/v2\/product_brand?post=207747"},{"taxonomy":"product_cat","embeddable":true,"href":"https:\/\/mod.wisdar.net\/tr\/wp-json\/wp\/v2\/product_cat?post=207747"},{"taxonomy":"product_tag","embeddable":true,"href":"https:\/\/mod.wisdar.net\/tr\/wp-json\/wp\/v2\/product_tag?post=207747"}],"curies":[{"name":"wp","href":"https:\/\/api.w.org\/{rel}","templated":true}]}}