{"id":20778,"date":"2025-11-02T14:34:11","date_gmt":"2025-11-02T14:34:11","guid":{"rendered":"https:\/\/modesthanim.com\/product\/bej-pilili-genis-paca-pantolon\/"},"modified":"2026-02-19T02:31:17","modified_gmt":"2026-02-19T02:31:17","slug":"bej-pilili-genis-paca-pantolon","status":"publish","type":"product","link":"https:\/\/mod.wisdar.net\/tr\/urun\/bej-pilili-genis-paca-pantolon\/","title":{"rendered":"Bej Pilili Geni\u015f Pa\u00e7a Pantolon"},"content":{"rendered":"<p>Bej Pilili Geni\u015f Pa\u00e7a Pantolonlar\u0131m\u0131z ile modern ve rahat bir stil yakalay\u0131n. Kombininizi tamamlamak i\u00e7in ALLDAY&#8217;in Pantolon kategorisindeki di\u011fer modelleri ke\u015ffedin. \u015eimdi ke\u015ffet!<\/p>\n<p>\u2014 Teknik Detaylar \u2014<br \/>\nKuma\u015f Grubu: Pamuk Polyester<br \/>\nCep Detay\u0131: Yan Cep<br \/>\nBoy \/ Uzunluk: 105 CM<br \/>\nTasar\u0131m D\u00f6nemi: 25-Yaz<br \/>\nKal\u0131p: PALAZZO<br \/>\nPa\u00e7a: Geni\u015f Pa\u00e7a<br \/>\nBel: Lastikli<br \/>\nDesen: D\u00fcz<br \/>\nTema: 2.LADY<br \/>\n\u00c7izgi: ZARAFET<br \/>\n\u00dcr\u00fcn Kalitesi: A S\u0131n\u0131f\u0131<br \/>\nSat\u0131\u015f Sezonu: Yaz<br \/>\nMalzeme T\u00fcr\u00fc: Dokuma<br \/>\nSezon: 25-Yaz Rpt<\/p>\n","protected":false},"excerpt":{"rendered":"<p>Bej Pilili Geni\u015f Pa\u00e7a Pantolonlar\u0131m\u0131z ile modern ve rahat bir stil yakalay\u0131n. Kombininizi tamamlamak i\u00e7in ALLDAY&#8217;in Pantolon kategorisindeki di\u011fer modelleri ke\u015ffedin. \u015eimdi ke\u015ffet! \u2014 Teknik Detaylar \u2014 Kuma\u015f Grubu: Pamuk Polyester Cep Detay\u0131: Yan Cep Boy \/ Uzunluk: 105 CM Tasar\u0131m D\u00f6nemi: 25-Yaz Kal\u0131p: PALAZZO Pa\u00e7a: Geni\u015f Pa\u00e7a Bel: Lastikli Desen: D\u00fcz Tema: 2.LADY \u00c7izgi: [&hellip;]<\/p>\n","protected":false},"featured_media":0,"comment_status":"open","ping_status":"closed","template":"","meta":[],"product_brand":[],"product_cat":[1882],"product_tag":[4861,6753,6761,6749,6747],"class_list":{"0":"post-20778","1":"product","2":"type-product","3":"status-publish","5":"product_cat-alt-giyim","6":"product_tag-allday","7":"product_tag-bej","8":"product_tag-bol-paca","9":"product_tag-pantolon","10":"product_tag-pile-detayli","11":"pa_brand-allday","12":"pa_color-bej","13":"pa_size-4701","14":"pa_size-4706","15":"pa_size-4711","16":"pa_size-4713","17":"pa_size-4751","19":"first","20":"instock","21":"sale","22":"shipping-taxable","23":"purchasable","24":"product-type-variable"},"_links":{"self":[{"href":"https:\/\/mod.wisdar.net\/tr\/wp-json\/wp\/v2\/product\/20778","targetHints":{"allow":["GET"]}}],"collection":[{"href":"https:\/\/mod.wisdar.net\/tr\/wp-json\/wp\/v2\/product"}],"about":[{"href":"https:\/\/mod.wisdar.net\/tr\/wp-json\/wp\/v2\/types\/product"}],"replies":[{"embeddable":true,"href":"https:\/\/mod.wisdar.net\/tr\/wp-json\/wp\/v2\/comments?post=20778"}],"wp:attachment":[{"href":"https:\/\/mod.wisdar.net\/tr\/wp-json\/wp\/v2\/media?parent=20778"}],"wp:term":[{"taxonomy":"product_brand","embeddable":true,"href":"https:\/\/mod.wisdar.net\/tr\/wp-json\/wp\/v2\/product_brand?post=20778"},{"taxonomy":"product_cat","embeddable":true,"href":"https:\/\/mod.wisdar.net\/tr\/wp-json\/wp\/v2\/product_cat?post=20778"},{"taxonomy":"product_tag","embeddable":true,"href":"https:\/\/mod.wisdar.net\/tr\/wp-json\/wp\/v2\/product_tag?post=20778"}],"curies":[{"name":"wp","href":"https:\/\/api.w.org\/{rel}","templated":true}]}}