{"id":207864,"date":"2026-04-05T10:59:57","date_gmt":"2026-04-05T10:59:57","guid":{"rendered":"https:\/\/modesthanim.com\/product\/pembe-fiyonk-gorunumlu-kiz-bebek-babet\/"},"modified":"2026-04-12T11:11:12","modified_gmt":"2026-04-12T11:11:12","slug":"pembe-fiyonk-gorunumlu-kiz-bebek-babet","status":"publish","type":"product","link":"https:\/\/mod.wisdar.net\/tr\/urun\/pembe-fiyonk-gorunumlu-kiz-bebek-babet\/","title":{"rendered":"Pembe Fiyonk G\u00f6r\u00fcn\u00fcml\u00fc K\u0131z Bebek Babet"},"content":{"rendered":"<p>LCW STEPS Pembe Fiyonk G\u00f6r\u00fcn\u00fcml\u00fc K\u0131z Bebek Babet size \u00f6zel indirim, taksit ve kap\u0131da \u00f6deme avantajlar\u0131yla LCW&#8217;de! Hemen online al\u0131\u015fveri\u015f yap, \u00fcr\u00fcn kap\u0131na gelsin! \u2013 S6CN88Z1-E6T<\/p>\n<p>\u2014 Technical Details \u2014<br \/>\nMen\u015fei: Turk\u0131ye<br \/>\nSat\u0131c\u0131: LC Waikiki<br \/>\nMarka: LCW STEPS<br \/>\n\u00dcr\u00fcn Tipi: Babet<br \/>\nCinsiyet: K\u0131z Bebek<br \/>\nDesen: Ta\u015fl\u0131<br \/>\nBurun \u015eekli: Oval Burun<br \/>\nAyakkab\u0131 Kapanma \u015eekli: C\u0131rt C\u0131rt<br \/>\nKoleksiyon: 23 Nisan<\/p>\n","protected":false},"excerpt":{"rendered":"<p>LCW STEPS Pembe Fiyonk G\u00f6r\u00fcn\u00fcml\u00fc K\u0131z Bebek Babet size \u00f6zel indirim, taksit ve kap\u0131da \u00f6deme avantajlar\u0131yla LCW&#8217;de! Hemen online al\u0131\u015fveri\u015f yap, \u00fcr\u00fcn kap\u0131na gelsin! \u2013 S6CN88Z1-E6T \u2014 Technical Details \u2014 Men\u015fei: Turk\u0131ye Sat\u0131c\u0131: LC Waikiki Marka: LCW STEPS \u00dcr\u00fcn Tipi: Babet Cinsiyet: K\u0131z Bebek Desen: Ta\u015fl\u0131 Burun \u015eekli: Oval Burun Ayakkab\u0131 Kapanma \u015eekli: C\u0131rt C\u0131rt [&hellip;]<\/p>\n","protected":false},"featured_media":207859,"comment_status":"open","ping_status":"closed","template":"","meta":[],"product_brand":[],"product_cat":[8694,8697,8700],"product_tag":[7419,7744,6751],"class_list":{"0":"post-207864","1":"product","2":"type-product","3":"status-publish","4":"has-post-thumbnail","6":"product_cat-cocuklar","7":"product_cat-yenidogan-0-12-ay","8":"product_cat-yenidogan-giyim","9":"product_tag-gunluk","10":"product_tag-pembe","11":"product_tag-rahat","12":"pa_brand-lcw-steps","13":"pa_color-pembe","14":"pa_size-10726","15":"pa_size-7851","16":"pa_size-10734","17":"pa_size-7843","18":"pa_size-10735","19":"pa_size-7841","20":"pa_size-7842","22":"first","23":"instock","24":"sale","25":"shipping-taxable","26":"purchasable","27":"product-type-variable"},"_links":{"self":[{"href":"https:\/\/mod.wisdar.net\/tr\/wp-json\/wp\/v2\/product\/207864","targetHints":{"allow":["GET"]}}],"collection":[{"href":"https:\/\/mod.wisdar.net\/tr\/wp-json\/wp\/v2\/product"}],"about":[{"href":"https:\/\/mod.wisdar.net\/tr\/wp-json\/wp\/v2\/types\/product"}],"replies":[{"embeddable":true,"href":"https:\/\/mod.wisdar.net\/tr\/wp-json\/wp\/v2\/comments?post=207864"}],"wp:featuredmedia":[{"embeddable":true,"href":"https:\/\/mod.wisdar.net\/tr\/wp-json\/wp\/v2\/media\/207859"}],"wp:attachment":[{"href":"https:\/\/mod.wisdar.net\/tr\/wp-json\/wp\/v2\/media?parent=207864"}],"wp:term":[{"taxonomy":"product_brand","embeddable":true,"href":"https:\/\/mod.wisdar.net\/tr\/wp-json\/wp\/v2\/product_brand?post=207864"},{"taxonomy":"product_cat","embeddable":true,"href":"https:\/\/mod.wisdar.net\/tr\/wp-json\/wp\/v2\/product_cat?post=207864"},{"taxonomy":"product_tag","embeddable":true,"href":"https:\/\/mod.wisdar.net\/tr\/wp-json\/wp\/v2\/product_tag?post=207864"}],"curies":[{"name":"wp","href":"https:\/\/api.w.org\/{rel}","templated":true}]}}