{"id":207925,"date":"2026-04-05T11:04:02","date_gmt":"2026-04-05T11:04:02","guid":{"rendered":"https:\/\/modesthanim.com\/product\/siyah-kuromi-baskili-kiz-bebek-spor-ayakkabi\/"},"modified":"2026-04-05T11:04:27","modified_gmt":"2026-04-05T11:04:27","slug":"siyah-kuromi-baskili-kiz-bebek-spor-ayakkabi","status":"publish","type":"product","link":"https:\/\/mod.wisdar.net\/tr\/urun\/siyah-kuromi-baskili-kiz-bebek-spor-ayakkabi\/","title":{"rendered":"Siyah Kuromi Bask\u0131l\u0131 K\u0131z Bebek Spor Ayakkab\u0131"},"content":{"rendered":"<p>LCW STEPS Siyah Kuromi Bask\u0131l\u0131 K\u0131z Bebek Spor Ayakkab\u0131 size \u00f6zel indirim, taksit ve kap\u0131da \u00f6deme avantajlar\u0131yla LCW&#8217;de! Hemen online al\u0131\u015fveri\u015f yap, \u00fcr\u00fcn kap\u0131na gelsin! \u2013 S6JI45Z1-HUC<\/p>\n<p>\u2014 Technical Details \u2014<br \/>\nDesen: Nak\u0131\u015fl\u0131<br \/>\nBurun \u015eekli: Yuvarlak Burun<br \/>\nAyakkab\u0131 Kapanma \u015eekli: Ba\u011fc\u0131k ve C\u0131rt C\u0131rt<br \/>\n\u00dcr\u00fcn Tipi: Sneaker<br \/>\nCinsiyet: K\u0131z Bebek<\/p>\n","protected":false},"excerpt":{"rendered":"<p>LCW STEPS Siyah Kuromi Bask\u0131l\u0131 K\u0131z Bebek Spor Ayakkab\u0131 size \u00f6zel indirim, taksit ve kap\u0131da \u00f6deme avantajlar\u0131yla LCW&#8217;de! Hemen online al\u0131\u015fveri\u015f yap, \u00fcr\u00fcn kap\u0131na gelsin! \u2013 S6JI45Z1-HUC \u2014 Technical Details \u2014 Desen: Nak\u0131\u015fl\u0131 Burun \u015eekli: Yuvarlak Burun Ayakkab\u0131 Kapanma \u015eekli: Ba\u011fc\u0131k ve C\u0131rt C\u0131rt \u00dcr\u00fcn Tipi: Sneaker Cinsiyet: K\u0131z Bebek<\/p>\n","protected":false},"featured_media":207915,"comment_status":"open","ping_status":"closed","template":"","meta":[],"product_brand":[],"product_cat":[8694,8697,8700],"product_tag":[12563,12566,12565,12564,9490,10378],"class_list":{"0":"post-207925","1":"product","2":"type-product","3":"status-publish","4":"has-post-thumbnail","6":"product_cat-cocuklar","7":"product_cat-yenidogan-0-12-ay","8":"product_cat-yenidogan-giyim","9":"product_tag-baby-girl-sneakers","10":"product_tag-black-sneakers","11":"product_tag-embroidered-sneakers","12":"product_tag-kuromi-shoes","13":"product_tag-lcw-steps","14":"product_tag-toddler-shoes","15":"pa_brand-lcw-steps","16":"pa_color-siyah","17":"pa_size-7841","18":"pa_size-7842","19":"pa_size-10738","20":"pa_size-7846","21":"pa_size-10739","22":"pa_size-4698","23":"pa_size-10742","25":"first","26":"instock","27":"sale","28":"shipping-taxable","29":"purchasable","30":"product-type-variable"},"_links":{"self":[{"href":"https:\/\/mod.wisdar.net\/tr\/wp-json\/wp\/v2\/product\/207925","targetHints":{"allow":["GET"]}}],"collection":[{"href":"https:\/\/mod.wisdar.net\/tr\/wp-json\/wp\/v2\/product"}],"about":[{"href":"https:\/\/mod.wisdar.net\/tr\/wp-json\/wp\/v2\/types\/product"}],"replies":[{"embeddable":true,"href":"https:\/\/mod.wisdar.net\/tr\/wp-json\/wp\/v2\/comments?post=207925"}],"wp:featuredmedia":[{"embeddable":true,"href":"https:\/\/mod.wisdar.net\/tr\/wp-json\/wp\/v2\/media\/207915"}],"wp:attachment":[{"href":"https:\/\/mod.wisdar.net\/tr\/wp-json\/wp\/v2\/media?parent=207925"}],"wp:term":[{"taxonomy":"product_brand","embeddable":true,"href":"https:\/\/mod.wisdar.net\/tr\/wp-json\/wp\/v2\/product_brand?post=207925"},{"taxonomy":"product_cat","embeddable":true,"href":"https:\/\/mod.wisdar.net\/tr\/wp-json\/wp\/v2\/product_cat?post=207925"},{"taxonomy":"product_tag","embeddable":true,"href":"https:\/\/mod.wisdar.net\/tr\/wp-json\/wp\/v2\/product_tag?post=207925"}],"curies":[{"name":"wp","href":"https:\/\/api.w.org\/{rel}","templated":true}]}}