{"id":207962,"date":"2026-04-05T11:04:21","date_gmt":"2026-04-05T11:04:21","guid":{"rendered":"https:\/\/modesthanim.com\/product\/lila-sanrio-baskili-kiz-bebek-plaj-sandaleti\/"},"modified":"2026-04-05T11:04:49","modified_gmt":"2026-04-05T11:04:49","slug":"lila-sanrio-baskili-kiz-bebek-plaj-sandaleti","status":"publish","type":"product","link":"https:\/\/mod.wisdar.net\/tr\/urun\/lila-sanrio-baskili-kiz-bebek-plaj-sandaleti\/","title":{"rendered":"Lila Sanrio Bask\u0131l\u0131 K\u0131z Bebek Plaj Sandaleti"},"content":{"rendered":"<p>LCW STEPS Lila Sanrio Bask\u0131l\u0131 K\u0131z Bebek Plaj Sandaleti size \u00f6zel indirim, taksit ve kap\u0131da \u00f6deme avantajlar\u0131yla LCW&#8217;de! Hemen online al\u0131\u015fveri\u015f yap, \u00fcr\u00fcn kap\u0131na gelsin! \u2013 S6JJ00Z1-ZXY<\/p>\n<p>\u2014 Technical Details \u2014<br \/>\n\u00dcr\u00fcn Tipi: Sandalet<br \/>\nCinsiyet: K\u0131z Bebek<br \/>\nDesen: Bask\u0131l\u0131<br \/>\nStil: Plaj<br \/>\nLisans: Hello Kitty<br \/>\nBurun \u015eekli: Yuvarlak Burun<br \/>\nAyakkab\u0131 Kapanma \u015eekli: Tokal\u0131<\/p>\n","protected":false},"excerpt":{"rendered":"<p>LCW STEPS Lila Sanrio Bask\u0131l\u0131 K\u0131z Bebek Plaj Sandaleti size \u00f6zel indirim, taksit ve kap\u0131da \u00f6deme avantajlar\u0131yla LCW&#8217;de! Hemen online al\u0131\u015fveri\u015f yap, \u00fcr\u00fcn kap\u0131na gelsin! \u2013 S6JJ00Z1-ZXY \u2014 Technical Details \u2014 \u00dcr\u00fcn Tipi: Sandalet Cinsiyet: K\u0131z Bebek Desen: Bask\u0131l\u0131 Stil: Plaj Lisans: Hello Kitty Burun \u015eekli: Yuvarlak Burun Ayakkab\u0131 Kapanma \u015eekli: Tokal\u0131<\/p>\n","protected":false},"featured_media":207950,"comment_status":"open","ping_status":"closed","template":"","meta":[],"product_brand":[],"product_cat":[8694,8697,8700],"product_tag":[8022],"class_list":{"0":"post-207962","1":"product","2":"type-product","3":"status-publish","4":"has-post-thumbnail","6":"product_cat-cocuklar","7":"product_cat-yenidogan-0-12-ay","8":"product_cat-yenidogan-giyim","9":"product_tag-baskili-2","10":"pa_brand-lcw-steps","11":"pa_color-lila","12":"pa_size-23-24","13":"pa_size-25-26","14":"pa_size-27-28","15":"pa_size-29-30","16":"pa_size-31-32","18":"first","19":"instock","20":"sale","21":"shipping-taxable","22":"purchasable","23":"product-type-variable"},"_links":{"self":[{"href":"https:\/\/mod.wisdar.net\/tr\/wp-json\/wp\/v2\/product\/207962","targetHints":{"allow":["GET"]}}],"collection":[{"href":"https:\/\/mod.wisdar.net\/tr\/wp-json\/wp\/v2\/product"}],"about":[{"href":"https:\/\/mod.wisdar.net\/tr\/wp-json\/wp\/v2\/types\/product"}],"replies":[{"embeddable":true,"href":"https:\/\/mod.wisdar.net\/tr\/wp-json\/wp\/v2\/comments?post=207962"}],"wp:featuredmedia":[{"embeddable":true,"href":"https:\/\/mod.wisdar.net\/tr\/wp-json\/wp\/v2\/media\/207950"}],"wp:attachment":[{"href":"https:\/\/mod.wisdar.net\/tr\/wp-json\/wp\/v2\/media?parent=207962"}],"wp:term":[{"taxonomy":"product_brand","embeddable":true,"href":"https:\/\/mod.wisdar.net\/tr\/wp-json\/wp\/v2\/product_brand?post=207962"},{"taxonomy":"product_cat","embeddable":true,"href":"https:\/\/mod.wisdar.net\/tr\/wp-json\/wp\/v2\/product_cat?post=207962"},{"taxonomy":"product_tag","embeddable":true,"href":"https:\/\/mod.wisdar.net\/tr\/wp-json\/wp\/v2\/product_tag?post=207962"}],"curies":[{"name":"wp","href":"https:\/\/api.w.org\/{rel}","templated":true}]}}