{"id":20806,"date":"2025-11-02T14:34:33","date_gmt":"2025-11-02T14:34:33","guid":{"rendered":"https:\/\/modesthanim.com\/product\/tas-yikamali-genis-paca-pantolon\/"},"modified":"2026-01-15T08:37:23","modified_gmt":"2026-01-15T08:37:23","slug":"tas-yikamali-genis-paca-pantolon","status":"publish","type":"product","link":"https:\/\/mod.wisdar.net\/tr\/urun\/tas-yikamali-genis-paca-pantolon\/","title":{"rendered":"Ta\u015f Y\u0131kamal\u0131 Geni\u015f Pa\u00e7a Pantolon"},"content":{"rendered":"<p>Ta\u015f Y\u0131kamal\u0131 Geni\u015f Pa\u00e7a Pantolonlar\u0131m\u0131z ile modern ve rahat bir stil yakalay\u0131n. ALLDAY&#8217;in Pantolon kategorisinde di\u011fer modelleri ke\u015ffedin. Kusursuz Ta\u015f Y\u0131kamal\u0131 Geni\u015f Pa\u00e7a Pantolonunuzla tarz\u0131n\u0131z\u0131 tamamlay\u0131n bug\u00fcn!<\/p>\n<p>\u2014 Teknik Detaylar \u2014<br \/>\nMevsim: 25-Yaz<br \/>\nKuma\u015f \u0130\u00e7eri\u011fi: %97 Pamuk, %3 Elastan<br \/>\nKuma\u015f Grubu: Pamuk Polyester<br \/>\nCep Detay\u0131: Yan Cep<br \/>\nBoyut \/ Uzunluk: 105 CM<br \/>\nTasar\u0131m D\u00f6nemi: 25-Yaz<br \/>\nKal\u0131p: RAHAT KES\u0130M<br \/>\nBacak Stili: Geni\u015f Bacak<br \/>\nBel: Lastikli<br \/>\nDesen: D\u00fcz<br \/>\nTema: 2.SADE<br \/>\n\u00c7izgi: GEN\u00c7<br \/>\n\u00dcr\u00fcn Kalitesi: A S\u0131n\u0131f\u0131<br \/>\nMevsimlik Sat\u0131\u015f D\u00f6nemi: \u0130lkbahar<br \/>\nMalzeme T\u00fcr\u00fc: Dokuma<\/p>\n","protected":false},"excerpt":{"rendered":"<p>Ta\u015f Y\u0131kamal\u0131 Geni\u015f Pa\u00e7a Pantolonlar\u0131m\u0131z ile modern ve rahat bir stil yakalay\u0131n. ALLDAY&#8217;in Pantolon kategorisinde di\u011fer modelleri ke\u015ffedin. Kusursuz Ta\u015f Y\u0131kamal\u0131 Geni\u015f Pa\u00e7a Pantolonunuzla tarz\u0131n\u0131z\u0131 tamamlay\u0131n bug\u00fcn! \u2014 Teknik Detaylar \u2014 Mevsim: 25-Yaz Kuma\u015f \u0130\u00e7eri\u011fi: %97 Pamuk, %3 Elastan Kuma\u015f Grubu: Pamuk Polyester Cep Detay\u0131: Yan Cep Boyut \/ Uzunluk: 105 CM Tasar\u0131m D\u00f6nemi: 25-Yaz [&hellip;]<\/p>\n","protected":false},"featured_media":0,"comment_status":"open","ping_status":"closed","template":"","meta":[],"product_brand":[],"product_cat":[1882],"product_tag":[8232,5013,6751],"class_list":{"0":"post-20806","1":"product","2":"type-product","3":"status-publish","5":"product_cat-alt-giyim","6":"product_tag-klos","7":"product_tag-modern","8":"product_tag-rahat","9":"pa_brand-allday","10":"pa_color-tas","11":"pa_size-4701","12":"pa_size-4706","13":"pa_size-4711","14":"pa_size-4713","15":"pa_size-4751","17":"first","18":"instock","19":"sale","20":"shipping-taxable","21":"purchasable","22":"product-type-variable"},"_links":{"self":[{"href":"https:\/\/mod.wisdar.net\/tr\/wp-json\/wp\/v2\/product\/20806","targetHints":{"allow":["GET"]}}],"collection":[{"href":"https:\/\/mod.wisdar.net\/tr\/wp-json\/wp\/v2\/product"}],"about":[{"href":"https:\/\/mod.wisdar.net\/tr\/wp-json\/wp\/v2\/types\/product"}],"replies":[{"embeddable":true,"href":"https:\/\/mod.wisdar.net\/tr\/wp-json\/wp\/v2\/comments?post=20806"}],"wp:attachment":[{"href":"https:\/\/mod.wisdar.net\/tr\/wp-json\/wp\/v2\/media?parent=20806"}],"wp:term":[{"taxonomy":"product_brand","embeddable":true,"href":"https:\/\/mod.wisdar.net\/tr\/wp-json\/wp\/v2\/product_brand?post=20806"},{"taxonomy":"product_cat","embeddable":true,"href":"https:\/\/mod.wisdar.net\/tr\/wp-json\/wp\/v2\/product_cat?post=20806"},{"taxonomy":"product_tag","embeddable":true,"href":"https:\/\/mod.wisdar.net\/tr\/wp-json\/wp\/v2\/product_tag?post=20806"}],"curies":[{"name":"wp","href":"https:\/\/api.w.org\/{rel}","templated":true}]}}