{"id":208098,"date":"2026-04-05T11:46:08","date_gmt":"2026-04-05T11:46:08","guid":{"rendered":"https:\/\/modesthanim.com\/product\/beyaz-lilo-ve-stitch-baskili-kiz-bebek-plaj-sandaleti\/"},"modified":"2026-04-05T11:46:28","modified_gmt":"2026-04-05T11:46:28","slug":"beyaz-lilo-ve-stitch-baskili-kiz-bebek-plaj-sandaleti","status":"publish","type":"product","link":"https:\/\/mod.wisdar.net\/tr\/urun\/beyaz-lilo-ve-stitch-baskili-kiz-bebek-plaj-sandaleti\/","title":{"rendered":"Beyaz Lilo Ve Stitch Bask\u0131l\u0131 K\u0131z Bebek Plaj Sandaleti"},"content":{"rendered":"<p>LCW STEPS Beyaz Lilo ve Stitch Bask\u0131l\u0131 K\u0131z Bebek Plaj Sandaleti size \u00f6zel indirim, taksit ve kap\u0131da \u00f6deme avantajlar\u0131yla LCW&#8217;de! Hemen online al\u0131\u015fveri\u015f yap, \u00fcr\u00fcn kap\u0131na gelsin! \u2013 S6K784Z1-Q6K<\/p>\n<p>\u2014 Technical Details \u2014<br \/>\nDesen: 3 Boyutlu<br \/>\nStil: Plaj<br \/>\nLisans: Lilo &amp; Stitch<br \/>\nBurun \u015eekli: Yuvarlak Burun<br \/>\nAyakkab\u0131 Kapanma \u015eekli: Tokal\u0131<br \/>\n\u00dcr\u00fcn Tipi: Sandalet<br \/>\nCinsiyet: K\u0131z Bebek<\/p>\n","protected":false},"excerpt":{"rendered":"<p>LCW STEPS Beyaz Lilo ve Stitch Bask\u0131l\u0131 K\u0131z Bebek Plaj Sandaleti size \u00f6zel indirim, taksit ve kap\u0131da \u00f6deme avantajlar\u0131yla LCW&#8217;de! Hemen online al\u0131\u015fveri\u015f yap, \u00fcr\u00fcn kap\u0131na gelsin! \u2013 S6K784Z1-Q6K \u2014 Technical Details \u2014 Desen: 3 Boyutlu Stil: Plaj Lisans: Lilo &amp; Stitch Burun \u015eekli: Yuvarlak Burun Ayakkab\u0131 Kapanma \u015eekli: Tokal\u0131 \u00dcr\u00fcn Tipi: Sandalet Cinsiyet: K\u0131z [&hellip;]<\/p>\n","protected":false},"featured_media":208091,"comment_status":"open","ping_status":"closed","template":"","meta":[],"product_brand":[],"product_cat":[8694,8697,8700],"product_tag":[12318,12371,9510,10389,10340],"class_list":{"0":"post-208098","1":"product","2":"type-product","3":"status-publish","4":"has-post-thumbnail","6":"product_cat-cocuklar","7":"product_cat-yenidogan-0-12-ay","8":"product_cat-yenidogan-giyim","9":"product_tag-baby-sandals","10":"product_tag-beach-footwear","11":"product_tag-girls-shoes","12":"product_tag-lilo-stitch","13":"product_tag-summer-sandals","14":"pa_brand-lcw-steps","15":"pa_color-beyaz","16":"pa_size-23-24","17":"pa_size-25-26","18":"pa_size-27-28","19":"pa_size-29-30","20":"pa_size-31-32","22":"first","23":"instock","24":"sale","25":"shipping-taxable","26":"purchasable","27":"product-type-variable"},"_links":{"self":[{"href":"https:\/\/mod.wisdar.net\/tr\/wp-json\/wp\/v2\/product\/208098","targetHints":{"allow":["GET"]}}],"collection":[{"href":"https:\/\/mod.wisdar.net\/tr\/wp-json\/wp\/v2\/product"}],"about":[{"href":"https:\/\/mod.wisdar.net\/tr\/wp-json\/wp\/v2\/types\/product"}],"replies":[{"embeddable":true,"href":"https:\/\/mod.wisdar.net\/tr\/wp-json\/wp\/v2\/comments?post=208098"}],"wp:featuredmedia":[{"embeddable":true,"href":"https:\/\/mod.wisdar.net\/tr\/wp-json\/wp\/v2\/media\/208091"}],"wp:attachment":[{"href":"https:\/\/mod.wisdar.net\/tr\/wp-json\/wp\/v2\/media?parent=208098"}],"wp:term":[{"taxonomy":"product_brand","embeddable":true,"href":"https:\/\/mod.wisdar.net\/tr\/wp-json\/wp\/v2\/product_brand?post=208098"},{"taxonomy":"product_cat","embeddable":true,"href":"https:\/\/mod.wisdar.net\/tr\/wp-json\/wp\/v2\/product_cat?post=208098"},{"taxonomy":"product_tag","embeddable":true,"href":"https:\/\/mod.wisdar.net\/tr\/wp-json\/wp\/v2\/product_tag?post=208098"}],"curies":[{"name":"wp","href":"https:\/\/api.w.org\/{rel}","templated":true}]}}