{"id":208180,"date":"2026-04-05T11:54:07","date_gmt":"2026-04-05T11:54:07","guid":{"rendered":"https:\/\/modesthanim.com\/product\/pembe-fiyonk-baskili-kiz-bebek-babet\/"},"modified":"2026-04-05T11:54:26","modified_gmt":"2026-04-05T11:54:26","slug":"pembe-fiyonk-baskili-kiz-bebek-babet","status":"publish","type":"product","link":"https:\/\/mod.wisdar.net\/tr\/urun\/pembe-fiyonk-baskili-kiz-bebek-babet\/","title":{"rendered":"Pembe Fiyonk Bask\u0131l\u0131 K\u0131z Bebek Babet"},"content":{"rendered":"<p>LCW STEPS Pembe Fiyonk Bask\u0131l\u0131 K\u0131z Bebek Babet size \u00f6zel indirim, taksit ve kap\u0131da \u00f6deme avantajlar\u0131yla LCW&#8217;de! Hemen online al\u0131\u015fveri\u015f yap, \u00fcr\u00fcn kap\u0131na gelsin! \u2013 S6P351Z1-DMQ<\/p>\n<p>\u2014 Technical Details \u2014<br \/>\nMen\u015fei: Turk\u0131ye<br \/>\nSat\u0131c\u0131: LC Waikiki<br \/>\nMarka: LCW STEPS<br \/>\n\u00dcr\u00fcn Tipi: Babet<br \/>\nCinsiyet: K\u0131z Bebek<br \/>\nDesen: D\u00fcz<br \/>\nBurun \u015eekli: Yuvarlak Burun<br \/>\nAyakkab\u0131 Kapanma \u015eekli: C\u0131rt C\u0131rt<br \/>\nKuma\u015f: Suni Deri<\/p>\n","protected":false},"excerpt":{"rendered":"<p>LCW STEPS Pembe Fiyonk Bask\u0131l\u0131 K\u0131z Bebek Babet size \u00f6zel indirim, taksit ve kap\u0131da \u00f6deme avantajlar\u0131yla LCW&#8217;de! Hemen online al\u0131\u015fveri\u015f yap, \u00fcr\u00fcn kap\u0131na gelsin! \u2013 S6P351Z1-DMQ \u2014 Technical Details \u2014 Men\u015fei: Turk\u0131ye Sat\u0131c\u0131: LC Waikiki Marka: LCW STEPS \u00dcr\u00fcn Tipi: Babet Cinsiyet: K\u0131z Bebek Desen: D\u00fcz Burun \u015eekli: Yuvarlak Burun Ayakkab\u0131 Kapanma \u015eekli: C\u0131rt C\u0131rt [&hellip;]<\/p>\n","protected":false},"featured_media":208175,"comment_status":"open","ping_status":"closed","template":"","meta":[],"product_brand":[],"product_cat":[8736,8715,8694],"product_tag":[7100],"class_list":{"0":"post-208180","1":"product","2":"type-product","3":"status-publish","4":"has-post-thumbnail","6":"product_cat-ayakkabilar","7":"product_cat-kiz-cocuklari-2-14-yas","8":"product_cat-cocuklar","9":"product_tag-suni-deri-2","10":"pa_brand-lcw-steps","11":"pa_color-pembe","12":"pa_size-10715","13":"pa_size-10720","14":"pa_size-10726","15":"pa_size-7851","16":"pa_size-10734","17":"pa_size-7843","18":"pa_size-10735","20":"first","21":"instock","22":"sale","23":"shipping-taxable","24":"purchasable","25":"product-type-variable"},"_links":{"self":[{"href":"https:\/\/mod.wisdar.net\/tr\/wp-json\/wp\/v2\/product\/208180","targetHints":{"allow":["GET"]}}],"collection":[{"href":"https:\/\/mod.wisdar.net\/tr\/wp-json\/wp\/v2\/product"}],"about":[{"href":"https:\/\/mod.wisdar.net\/tr\/wp-json\/wp\/v2\/types\/product"}],"replies":[{"embeddable":true,"href":"https:\/\/mod.wisdar.net\/tr\/wp-json\/wp\/v2\/comments?post=208180"}],"wp:featuredmedia":[{"embeddable":true,"href":"https:\/\/mod.wisdar.net\/tr\/wp-json\/wp\/v2\/media\/208175"}],"wp:attachment":[{"href":"https:\/\/mod.wisdar.net\/tr\/wp-json\/wp\/v2\/media?parent=208180"}],"wp:term":[{"taxonomy":"product_brand","embeddable":true,"href":"https:\/\/mod.wisdar.net\/tr\/wp-json\/wp\/v2\/product_brand?post=208180"},{"taxonomy":"product_cat","embeddable":true,"href":"https:\/\/mod.wisdar.net\/tr\/wp-json\/wp\/v2\/product_cat?post=208180"},{"taxonomy":"product_tag","embeddable":true,"href":"https:\/\/mod.wisdar.net\/tr\/wp-json\/wp\/v2\/product_tag?post=208180"}],"curies":[{"name":"wp","href":"https:\/\/api.w.org\/{rel}","templated":true}]}}