{"id":208270,"date":"2026-04-05T11:56:27","date_gmt":"2026-04-05T11:56:27","guid":{"rendered":"https:\/\/modesthanim.com\/product\/siyah-tasli-kiz-bebek-babet\/"},"modified":"2026-04-05T11:56:46","modified_gmt":"2026-04-05T11:56:46","slug":"siyah-tasli-kiz-bebek-babet","status":"publish","type":"product","link":"https:\/\/mod.wisdar.net\/tr\/urun\/siyah-tasli-kiz-bebek-babet\/","title":{"rendered":"Siyah Ta\u015fl\u0131 K\u0131z Bebek Babet"},"content":{"rendered":"<p>LCW STEPS Siyah Ta\u015fl\u0131 K\u0131z Bebek Babet size \u00f6zel indirim, taksit ve kap\u0131da \u00f6deme avantajlar\u0131yla LCW&#8217;de! Hemen online al\u0131\u015fveri\u015f yap, \u00fcr\u00fcn kap\u0131na gelsin! \u2013 S6MO58Z1-HUC<\/p>\n<p>\u2014 Technical Details \u2014<br \/>\nDesen: Ta\u015fl\u0131<br \/>\nBurun \u015eekli: Yuvarlak Burun<br \/>\nCinsiyet: K\u0131z Bebek<br \/>\n\u00dcr\u00fcn Tipi: Babet<\/p>\n","protected":false},"excerpt":{"rendered":"<p>LCW STEPS Siyah Ta\u015fl\u0131 K\u0131z Bebek Babet size \u00f6zel indirim, taksit ve kap\u0131da \u00f6deme avantajlar\u0131yla LCW&#8217;de! Hemen online al\u0131\u015fveri\u015f yap, \u00fcr\u00fcn kap\u0131na gelsin! \u2013 S6MO58Z1-HUC \u2014 Technical Details \u2014 Desen: Ta\u015fl\u0131 Burun \u015eekli: Yuvarlak Burun Cinsiyet: K\u0131z Bebek \u00dcr\u00fcn Tipi: Babet<\/p>\n","protected":false},"featured_media":208265,"comment_status":"open","ping_status":"closed","template":"","meta":[],"product_brand":[],"product_cat":[8694,8697,8700],"product_tag":[8893,10363,9493,6165],"class_list":{"0":"post-208270","1":"product","2":"type-product","3":"status-publish","4":"has-post-thumbnail","6":"product_cat-cocuklar","7":"product_cat-yenidogan-0-12-ay","8":"product_cat-yenidogan-giyim","9":"product_tag-baby-girl","10":"product_tag-ballet-flats","11":"product_tag-round-toe","12":"product_tag-stone-embellished-2","13":"pa_brand-lcw-steps","14":"pa_color-siyah","15":"pa_size-10734","16":"pa_size-7843","17":"pa_size-10735","18":"pa_size-7841","19":"pa_size-7842","20":"pa_size-10738","21":"pa_size-7846","23":"first","24":"instock","25":"sale","26":"shipping-taxable","27":"purchasable","28":"product-type-variable"},"_links":{"self":[{"href":"https:\/\/mod.wisdar.net\/tr\/wp-json\/wp\/v2\/product\/208270","targetHints":{"allow":["GET"]}}],"collection":[{"href":"https:\/\/mod.wisdar.net\/tr\/wp-json\/wp\/v2\/product"}],"about":[{"href":"https:\/\/mod.wisdar.net\/tr\/wp-json\/wp\/v2\/types\/product"}],"replies":[{"embeddable":true,"href":"https:\/\/mod.wisdar.net\/tr\/wp-json\/wp\/v2\/comments?post=208270"}],"wp:featuredmedia":[{"embeddable":true,"href":"https:\/\/mod.wisdar.net\/tr\/wp-json\/wp\/v2\/media\/208265"}],"wp:attachment":[{"href":"https:\/\/mod.wisdar.net\/tr\/wp-json\/wp\/v2\/media?parent=208270"}],"wp:term":[{"taxonomy":"product_brand","embeddable":true,"href":"https:\/\/mod.wisdar.net\/tr\/wp-json\/wp\/v2\/product_brand?post=208270"},{"taxonomy":"product_cat","embeddable":true,"href":"https:\/\/mod.wisdar.net\/tr\/wp-json\/wp\/v2\/product_cat?post=208270"},{"taxonomy":"product_tag","embeddable":true,"href":"https:\/\/mod.wisdar.net\/tr\/wp-json\/wp\/v2\/product_tag?post=208270"}],"curies":[{"name":"wp","href":"https:\/\/api.w.org\/{rel}","templated":true}]}}