{"id":208462,"date":"2026-04-05T12:27:41","date_gmt":"2026-04-05T12:27:41","guid":{"rendered":"https:\/\/modesthanim.com\/product\/bej-deri-gorunumlu-kiz-bebek-sandalet\/"},"modified":"2026-04-05T12:27:55","modified_gmt":"2026-04-05T12:27:55","slug":"bej-deri-gorunumlu-kiz-bebek-sandalet","status":"publish","type":"product","link":"https:\/\/mod.wisdar.net\/tr\/urun\/bej-deri-gorunumlu-kiz-bebek-sandalet\/","title":{"rendered":"Bej Deri G\u00f6r\u00fcn\u00fcml\u00fc K\u0131z Bebek Sandalet"},"content":{"rendered":"<p>LCW STEPS Bej Deri G\u00f6r\u00fcn\u00fcml\u00fc K\u0131z Bebek Sandalet size \u00f6zel indirim, taksit ve kap\u0131da \u00f6deme avantajlar\u0131yla LCW&#8217;de! Hemen online al\u0131\u015fveri\u015f yap, \u00fcr\u00fcn kap\u0131na gelsin! \u2013 S6M430Z1-FPT<\/p>\n<p>\u2014 Technical Details \u2014<br \/>\nMen\u015fei: Turk\u0131ye<br \/>\nSat\u0131c\u0131: LC Waikiki<br \/>\nMarka: LCW STEPS<br \/>\n\u00dcr\u00fcn Tipi: Babet<br \/>\nCinsiyet: K\u0131z Bebek<br \/>\nDesen: D\u00fcz<br \/>\nBurun \u015eekli: Yuvarlak Burun<br \/>\nAyakkab\u0131 Kapanma \u015eekli: C\u0131rt C\u0131rt<br \/>\nKuma\u015f: Suni Deri<br \/>\nKal\u0131p: Standart &amp; Regular<\/p>\n","protected":false},"excerpt":{"rendered":"<p>LCW STEPS Bej Deri G\u00f6r\u00fcn\u00fcml\u00fc K\u0131z Bebek Sandalet size \u00f6zel indirim, taksit ve kap\u0131da \u00f6deme avantajlar\u0131yla LCW&#8217;de! Hemen online al\u0131\u015fveri\u015f yap, \u00fcr\u00fcn kap\u0131na gelsin! \u2013 S6M430Z1-FPT \u2014 Technical Details \u2014 Men\u015fei: Turk\u0131ye Sat\u0131c\u0131: LC Waikiki Marka: LCW STEPS \u00dcr\u00fcn Tipi: Babet Cinsiyet: K\u0131z Bebek Desen: D\u00fcz Burun \u015eekli: Yuvarlak Burun Ayakkab\u0131 Kapanma \u015eekli: C\u0131rt C\u0131rt [&hellip;]<\/p>\n","protected":false},"featured_media":208457,"comment_status":"open","ping_status":"closed","template":"","meta":[],"product_brand":[],"product_cat":[8694,8697,8700],"product_tag":[6998],"class_list":{"0":"post-208462","1":"product","2":"type-product","3":"status-publish","4":"has-post-thumbnail","6":"product_cat-cocuklar","7":"product_cat-yenidogan-0-12-ay","8":"product_cat-yenidogan-giyim","9":"product_tag-suni-deri","10":"pa_brand-lcw-steps","11":"pa_color-bej","12":"pa_size-10715","13":"pa_size-10720","15":"first","16":"instock","17":"sale","18":"shipping-taxable","19":"purchasable","20":"product-type-variable"},"_links":{"self":[{"href":"https:\/\/mod.wisdar.net\/tr\/wp-json\/wp\/v2\/product\/208462","targetHints":{"allow":["GET"]}}],"collection":[{"href":"https:\/\/mod.wisdar.net\/tr\/wp-json\/wp\/v2\/product"}],"about":[{"href":"https:\/\/mod.wisdar.net\/tr\/wp-json\/wp\/v2\/types\/product"}],"replies":[{"embeddable":true,"href":"https:\/\/mod.wisdar.net\/tr\/wp-json\/wp\/v2\/comments?post=208462"}],"wp:featuredmedia":[{"embeddable":true,"href":"https:\/\/mod.wisdar.net\/tr\/wp-json\/wp\/v2\/media\/208457"}],"wp:attachment":[{"href":"https:\/\/mod.wisdar.net\/tr\/wp-json\/wp\/v2\/media?parent=208462"}],"wp:term":[{"taxonomy":"product_brand","embeddable":true,"href":"https:\/\/mod.wisdar.net\/tr\/wp-json\/wp\/v2\/product_brand?post=208462"},{"taxonomy":"product_cat","embeddable":true,"href":"https:\/\/mod.wisdar.net\/tr\/wp-json\/wp\/v2\/product_cat?post=208462"},{"taxonomy":"product_tag","embeddable":true,"href":"https:\/\/mod.wisdar.net\/tr\/wp-json\/wp\/v2\/product_tag?post=208462"}],"curies":[{"name":"wp","href":"https:\/\/api.w.org\/{rel}","templated":true}]}}