{"id":208504,"date":"2026-04-05T12:34:01","date_gmt":"2026-04-05T12:34:01","guid":{"rendered":"https:\/\/modesthanim.com\/product\/beyaz-barbie-nakisli-kiz-bebek-spor-ayakkabi\/"},"modified":"2026-04-05T12:34:26","modified_gmt":"2026-04-05T12:34:26","slug":"beyaz-barbie-nakisli-kiz-bebek-spor-ayakkabi","status":"publish","type":"product","link":"https:\/\/mod.wisdar.net\/tr\/urun\/beyaz-barbie-nakisli-kiz-bebek-spor-ayakkabi\/","title":{"rendered":"Beyaz Barbie Nak\u0131\u015fl\u0131 K\u0131z Bebek Spor Ayakkab\u0131"},"content":{"rendered":"<p>LCW STEPS Beyaz Barbie Nak\u0131\u015fl\u0131 K\u0131z Bebek Spor Ayakkab\u0131 size \u00f6zel indirim, taksit ve kap\u0131da \u00f6deme avantajlar\u0131yla LCW&#8217;de! Hemen online al\u0131\u015fveri\u015f yap, \u00fcr\u00fcn kap\u0131na gelsin! \u2013 S6GH01Z1-Q6K<\/p>\n<p>\u2014 Technical Details \u2014<br \/>\n\u00dcr\u00fcn Tipi: Sneaker<br \/>\nCinsiyet: K\u0131z Bebek<br \/>\nDesen: Nak\u0131\u015fl\u0131<br \/>\nLisans: Barbie<br \/>\nBurun \u015eekli: Yuvarlak Burun<br \/>\nAyakkab\u0131 Kapanma \u015eekli: Ba\u011fc\u0131k ve C\u0131rt C\u0131rt<\/p>\n","protected":false},"excerpt":{"rendered":"<p>LCW STEPS Beyaz Barbie Nak\u0131\u015fl\u0131 K\u0131z Bebek Spor Ayakkab\u0131 size \u00f6zel indirim, taksit ve kap\u0131da \u00f6deme avantajlar\u0131yla LCW&#8217;de! Hemen online al\u0131\u015fveri\u015f yap, \u00fcr\u00fcn kap\u0131na gelsin! \u2013 S6GH01Z1-Q6K \u2014 Technical Details \u2014 \u00dcr\u00fcn Tipi: Sneaker Cinsiyet: K\u0131z Bebek Desen: Nak\u0131\u015fl\u0131 Lisans: Barbie Burun \u015eekli: Yuvarlak Burun Ayakkab\u0131 Kapanma \u015eekli: Ba\u011fc\u0131k ve C\u0131rt C\u0131rt<\/p>\n","protected":false},"featured_media":208499,"comment_status":"open","ping_status":"closed","template":"","meta":[],"product_brand":[],"product_cat":[8694,8697,8700],"product_tag":[9483,12571,10328,3050,9510,9497,10405],"class_list":{"0":"post-208504","1":"product","2":"type-product","3":"status-publish","4":"has-post-thumbnail","6":"product_cat-cocuklar","7":"product_cat-yenidogan-0-12-ay","8":"product_cat-yenidogan-giyim","9":"product_tag-baby-shoes","10":"product_tag-barbie","11":"product_tag-casual-shoes","12":"product_tag-embroidered","13":"product_tag-girls-shoes","14":"product_tag-sneakers","15":"product_tag-white-sneakers","16":"pa_brand-lcw-steps","17":"pa_color-beyaz","18":"pa_size-7843","19":"pa_size-10735","20":"pa_size-7841","21":"pa_size-7842","22":"pa_size-10738","23":"pa_size-7846","24":"pa_size-10739","26":"first","27":"instock","28":"sale","29":"shipping-taxable","30":"purchasable","31":"product-type-variable"},"_links":{"self":[{"href":"https:\/\/mod.wisdar.net\/tr\/wp-json\/wp\/v2\/product\/208504","targetHints":{"allow":["GET"]}}],"collection":[{"href":"https:\/\/mod.wisdar.net\/tr\/wp-json\/wp\/v2\/product"}],"about":[{"href":"https:\/\/mod.wisdar.net\/tr\/wp-json\/wp\/v2\/types\/product"}],"replies":[{"embeddable":true,"href":"https:\/\/mod.wisdar.net\/tr\/wp-json\/wp\/v2\/comments?post=208504"}],"wp:featuredmedia":[{"embeddable":true,"href":"https:\/\/mod.wisdar.net\/tr\/wp-json\/wp\/v2\/media\/208499"}],"wp:attachment":[{"href":"https:\/\/mod.wisdar.net\/tr\/wp-json\/wp\/v2\/media?parent=208504"}],"wp:term":[{"taxonomy":"product_brand","embeddable":true,"href":"https:\/\/mod.wisdar.net\/tr\/wp-json\/wp\/v2\/product_brand?post=208504"},{"taxonomy":"product_cat","embeddable":true,"href":"https:\/\/mod.wisdar.net\/tr\/wp-json\/wp\/v2\/product_cat?post=208504"},{"taxonomy":"product_tag","embeddable":true,"href":"https:\/\/mod.wisdar.net\/tr\/wp-json\/wp\/v2\/product_tag?post=208504"}],"curies":[{"name":"wp","href":"https:\/\/api.w.org\/{rel}","templated":true}]}}