{"id":20854,"date":"2025-11-07T20:16:06","date_gmt":"2025-11-02T14:35:14","guid":{"rendered":"https:\/\/modesthanim.com\/product\/bej-bol-paca-keten-pantolon\/"},"modified":"2026-02-19T02:32:32","modified_gmt":"2026-02-19T02:32:32","slug":"bej-bol-paca-keten-pantolon","status":"publish","type":"product","link":"https:\/\/mod.wisdar.net\/tr\/urun\/bej-bol-paca-keten-pantolon\/","title":{"rendered":"Bej-Bol Pa\u00e7a Keten Pantolon"},"content":{"rendered":"<p>Bej-Bol Pa\u00e7a Keten Pantolon ile modern ve rahat bir stil yakalay\u0131n. ALLDAY&#8217;in Geni\u015f Pa\u00e7a koleksiyonundaki di\u011fer \u00fcr\u00fcnleri ke\u015ffedin. \u015e\u0131kl\u0131\u011f\u0131n\u0131z\u0131 tamamlayacak bu pantolonu hemen inceleyin!<\/p>\n<p>\u2014 Teknik Detaylar \u2014<br \/>\nSezon: 25-Yaz<br \/>\nKuma\u015f \u0130\u00e7eri\u011fi: %49 RAYON %30 KETEN %21 VISKON<br \/>\nKuma\u015f Grubu: Pamuk Polyester<br \/>\nCep Detay\u0131: Gizli<br \/>\nEbat \/ Boy: 105 CM<br \/>\nTasar\u0131m D\u00f6nemi: 25-Yaz<br \/>\nKal\u0131p: PALAZZO<br \/>\nPa\u00e7a: Geni\u015f<br \/>\nBel: Lastikli<br \/>\nDesen: D\u00fcz<br \/>\nTema: Zenginlik<br \/>\nSeri: Zarafet<br \/>\n\u00dcr\u00fcn Kalitesi: A S\u0131n\u0131f\u0131<br \/>\nSezon Sat\u0131\u015f D\u00f6nemi: Yaz<br \/>\nMalzeme T\u00fcr\u00fc: Dokuma<\/p>\n","protected":false},"excerpt":{"rendered":"<p>Bej-Bol Pa\u00e7a Keten Pantolon ile modern ve rahat bir stil yakalay\u0131n. ALLDAY&#8217;in Geni\u015f Pa\u00e7a koleksiyonundaki di\u011fer \u00fcr\u00fcnleri ke\u015ffedin. \u015e\u0131kl\u0131\u011f\u0131n\u0131z\u0131 tamamlayacak bu pantolonu hemen inceleyin! \u2014 Teknik Detaylar \u2014 Sezon: 25-Yaz Kuma\u015f \u0130\u00e7eri\u011fi: %49 RAYON %30 KETEN %21 VISKON Kuma\u015f Grubu: Pamuk Polyester Cep Detay\u0131: Gizli Ebat \/ Boy: 105 CM Tasar\u0131m D\u00f6nemi: 25-Yaz Kal\u0131p: PALAZZO [&hellip;]<\/p>\n","protected":false},"featured_media":0,"comment_status":"open","ping_status":"closed","template":"","meta":[],"product_brand":[],"product_cat":[1882],"product_tag":[7377,7520],"class_list":{"0":"post-20854","1":"product","2":"type-product","3":"status-publish","5":"product_cat-alt-giyim","6":"product_tag-genis-paca","7":"product_tag-plain","8":"pa_brand-allday","9":"pa_color-bej","10":"pa_size-4701","11":"pa_size-4706","12":"pa_size-4711","13":"pa_size-4713","14":"pa_size-4751","16":"first","17":"instock","18":"sale","19":"shipping-taxable","20":"purchasable","21":"product-type-variable"},"_links":{"self":[{"href":"https:\/\/mod.wisdar.net\/tr\/wp-json\/wp\/v2\/product\/20854","targetHints":{"allow":["GET"]}}],"collection":[{"href":"https:\/\/mod.wisdar.net\/tr\/wp-json\/wp\/v2\/product"}],"about":[{"href":"https:\/\/mod.wisdar.net\/tr\/wp-json\/wp\/v2\/types\/product"}],"replies":[{"embeddable":true,"href":"https:\/\/mod.wisdar.net\/tr\/wp-json\/wp\/v2\/comments?post=20854"}],"wp:attachment":[{"href":"https:\/\/mod.wisdar.net\/tr\/wp-json\/wp\/v2\/media?parent=20854"}],"wp:term":[{"taxonomy":"product_brand","embeddable":true,"href":"https:\/\/mod.wisdar.net\/tr\/wp-json\/wp\/v2\/product_brand?post=20854"},{"taxonomy":"product_cat","embeddable":true,"href":"https:\/\/mod.wisdar.net\/tr\/wp-json\/wp\/v2\/product_cat?post=20854"},{"taxonomy":"product_tag","embeddable":true,"href":"https:\/\/mod.wisdar.net\/tr\/wp-json\/wp\/v2\/product_tag?post=20854"}],"curies":[{"name":"wp","href":"https:\/\/api.w.org\/{rel}","templated":true}]}}