{"id":208550,"date":"2026-04-05T12:39:09","date_gmt":"2026-04-05T12:39:09","guid":{"rendered":"https:\/\/modesthanim.com\/product\/ekru-dondurma-baskili-kiz-bebek-plaj-sandaleti\/"},"modified":"2026-04-12T12:51:09","modified_gmt":"2026-04-12T12:51:09","slug":"ekru-dondurma-baskili-kiz-bebek-plaj-sandaleti","status":"publish","type":"product","link":"https:\/\/mod.wisdar.net\/tr\/urun\/ekru-dondurma-baskili-kiz-bebek-plaj-sandaleti\/","title":{"rendered":"Ekru Dondurma Bask\u0131l\u0131 K\u0131z Bebek Plaj Sandaleti"},"content":{"rendered":"<p>LCW STEPS Ekru Dondurma Bask\u0131l\u0131 K\u0131z Bebek Plaj Sandaleti size \u00f6zel indirim, taksit ve kap\u0131da \u00f6deme avantajlar\u0131yla LCW&#8217;de! Hemen online al\u0131\u015fveri\u015f yap, \u00fcr\u00fcn kap\u0131na gelsin! \u2013 S6JI97Z1-FDH<\/p>\n<p>\u2014 Technical Details \u2014<br \/>\nSat\u0131c\u0131: LC Waikiki<br \/>\nMarka: LCW STEPS<br \/>\n\u00dcr\u00fcn Tipi: Sandalet<br \/>\nCinsiyet: K\u0131z Bebek<br \/>\nDesen: Bask\u0131l\u0131<br \/>\nStil: Plaj<br \/>\nBurun \u015eekli: Yuvarlak Burun<br \/>\nAyakkab\u0131 Kapanma \u015eekli: Tokal\u0131<\/p>\n","protected":false},"excerpt":{"rendered":"<p>LCW STEPS Ekru Dondurma Bask\u0131l\u0131 K\u0131z Bebek Plaj Sandaleti size \u00f6zel indirim, taksit ve kap\u0131da \u00f6deme avantajlar\u0131yla LCW&#8217;de! Hemen online al\u0131\u015fveri\u015f yap, \u00fcr\u00fcn kap\u0131na gelsin! \u2013 S6JI97Z1-FDH \u2014 Technical Details \u2014 Sat\u0131c\u0131: LC Waikiki Marka: LCW STEPS \u00dcr\u00fcn Tipi: Sandalet Cinsiyet: K\u0131z Bebek Desen: Bask\u0131l\u0131 Stil: Plaj Burun \u015eekli: Yuvarlak Burun Ayakkab\u0131 Kapanma \u015eekli: Tokal\u0131<\/p>\n","protected":false},"featured_media":208545,"comment_status":"open","ping_status":"closed","template":"","meta":[],"product_brand":[],"product_cat":[8694,8697,8700],"product_tag":[12318,12572,10377,9486,12382,10340],"class_list":{"0":"post-208550","1":"product","2":"type-product","3":"status-publish","4":"has-post-thumbnail","6":"product_cat-cocuklar","7":"product_cat-yenidogan-0-12-ay","8":"product_cat-yenidogan-giyim","9":"product_tag-baby-sandals","10":"product_tag-beach-shoes","11":"product_tag-girls-footwear","12":"product_tag-infant-shoes","13":"product_tag-printed-sandals","14":"product_tag-summer-sandals","15":"pa_brand-lcw-steps","16":"pa_color-ekru","17":"pa_size-21-22","18":"pa_size-23-24","19":"pa_size-25-26","20":"pa_size-27-28","21":"pa_size-29-30","22":"pa_size-31-32","24":"first","25":"instock","26":"sale","27":"shipping-taxable","28":"purchasable","29":"product-type-variable"},"_links":{"self":[{"href":"https:\/\/mod.wisdar.net\/tr\/wp-json\/wp\/v2\/product\/208550","targetHints":{"allow":["GET"]}}],"collection":[{"href":"https:\/\/mod.wisdar.net\/tr\/wp-json\/wp\/v2\/product"}],"about":[{"href":"https:\/\/mod.wisdar.net\/tr\/wp-json\/wp\/v2\/types\/product"}],"replies":[{"embeddable":true,"href":"https:\/\/mod.wisdar.net\/tr\/wp-json\/wp\/v2\/comments?post=208550"}],"wp:featuredmedia":[{"embeddable":true,"href":"https:\/\/mod.wisdar.net\/tr\/wp-json\/wp\/v2\/media\/208545"}],"wp:attachment":[{"href":"https:\/\/mod.wisdar.net\/tr\/wp-json\/wp\/v2\/media?parent=208550"}],"wp:term":[{"taxonomy":"product_brand","embeddable":true,"href":"https:\/\/mod.wisdar.net\/tr\/wp-json\/wp\/v2\/product_brand?post=208550"},{"taxonomy":"product_cat","embeddable":true,"href":"https:\/\/mod.wisdar.net\/tr\/wp-json\/wp\/v2\/product_cat?post=208550"},{"taxonomy":"product_tag","embeddable":true,"href":"https:\/\/mod.wisdar.net\/tr\/wp-json\/wp\/v2\/product_tag?post=208550"}],"curies":[{"name":"wp","href":"https:\/\/api.w.org\/{rel}","templated":true}]}}