{"id":20860,"date":"2025-11-02T14:35:15","date_gmt":"2025-11-02T14:35:15","guid":{"rendered":"https:\/\/modesthanim.com\/product\/indigo-genis-paca-keten-pantolon\/"},"modified":"2026-02-19T02:34:44","modified_gmt":"2026-02-19T02:34:44","slug":"indigo-genis-paca-keten-pantolon","status":"publish","type":"product","link":"https:\/\/mod.wisdar.net\/tr\/urun\/indigo-genis-paca-keten-pantolon\/","title":{"rendered":"Indigo Geni\u015f Pa\u00e7a Keten Pantolon"},"content":{"rendered":"<p>Indigo Geni\u015f Pa\u00e7a Keten Pantolonlar\u0131m\u0131z ile modern ve rahat bir stil yakalay\u0131n. K\u0131yafetinizi tamamlamak i\u00e7in ALLDAY&#8217;in Geni\u015f Pa\u00e7a kategorisindeki di\u011fer modelleri ke\u015ffedin. \u015eimdi ke\u015ffet!<\/p>\n<p>\u2014 Teknik Detaylar \u2014<br \/>\nMevsim: 25-Yaz<br \/>\nKuma\u015f \u0130\u00e7eri\u011fi: %49 REYON, %30 KETEN, %21 V\u0130SKON<br \/>\nKuma\u015f Grubu: Pamuk Polyester<br \/>\nCep Detay\u0131: Gizli<br \/>\nBoy \/ Uzunluk: 105 CM<br \/>\nTasar\u0131m D\u00f6nemi: 25-Yaz<br \/>\nKal\u0131p: PALAZZO<br \/>\nPa\u00e7a: Geni\u015f<br \/>\nBel: Elastik<br \/>\nDesen: D\u00fcz<br \/>\nTema: 3.ZENG\u0130N<br \/>\n\u00c7izgi: ZARAFET<br \/>\n\u00dcr\u00fcn Lig: A Kalite<br \/>\nSezon Sat\u0131\u015f D\u00f6nemi: Yaz<br \/>\nMateryal Tipi: Dokuma<\/p>\n","protected":false},"excerpt":{"rendered":"<p>Indigo Geni\u015f Pa\u00e7a Keten Pantolonlar\u0131m\u0131z ile modern ve rahat bir stil yakalay\u0131n. K\u0131yafetinizi tamamlamak i\u00e7in ALLDAY&#8217;in Geni\u015f Pa\u00e7a kategorisindeki di\u011fer modelleri ke\u015ffedin. \u015eimdi ke\u015ffet! \u2014 Teknik Detaylar \u2014 Mevsim: 25-Yaz Kuma\u015f \u0130\u00e7eri\u011fi: %49 REYON, %30 KETEN, %21 V\u0130SKON Kuma\u015f Grubu: Pamuk Polyester Cep Detay\u0131: Gizli Boy \/ Uzunluk: 105 CM Tasar\u0131m D\u00f6nemi: 25-Yaz Kal\u0131p: PALAZZO [&hellip;]<\/p>\n","protected":false},"featured_media":0,"comment_status":"open","ping_status":"closed","template":"","meta":[],"product_brand":[],"product_cat":[1882],"product_tag":[7490,4998,5013,6749,6751],"class_list":{"0":"post-20860","1":"product","2":"type-product","3":"status-publish","5":"product_cat-alt-giyim","6":"product_tag-bol-paca-2","7":"product_tag-indigo","8":"product_tag-modern","9":"product_tag-pantolon","10":"product_tag-rahat","11":"pa_brand-allday","12":"pa_color-indigo","13":"pa_size-4701","14":"pa_size-4706","15":"pa_size-4711","16":"pa_size-4713","17":"pa_size-4751","19":"first","20":"instock","21":"sale","22":"shipping-taxable","23":"purchasable","24":"product-type-variable"},"_links":{"self":[{"href":"https:\/\/mod.wisdar.net\/tr\/wp-json\/wp\/v2\/product\/20860","targetHints":{"allow":["GET"]}}],"collection":[{"href":"https:\/\/mod.wisdar.net\/tr\/wp-json\/wp\/v2\/product"}],"about":[{"href":"https:\/\/mod.wisdar.net\/tr\/wp-json\/wp\/v2\/types\/product"}],"replies":[{"embeddable":true,"href":"https:\/\/mod.wisdar.net\/tr\/wp-json\/wp\/v2\/comments?post=20860"}],"wp:attachment":[{"href":"https:\/\/mod.wisdar.net\/tr\/wp-json\/wp\/v2\/media?parent=20860"}],"wp:term":[{"taxonomy":"product_brand","embeddable":true,"href":"https:\/\/mod.wisdar.net\/tr\/wp-json\/wp\/v2\/product_brand?post=20860"},{"taxonomy":"product_cat","embeddable":true,"href":"https:\/\/mod.wisdar.net\/tr\/wp-json\/wp\/v2\/product_cat?post=20860"},{"taxonomy":"product_tag","embeddable":true,"href":"https:\/\/mod.wisdar.net\/tr\/wp-json\/wp\/v2\/product_tag?post=20860"}],"curies":[{"name":"wp","href":"https:\/\/api.w.org\/{rel}","templated":true}]}}