{"id":208630,"date":"2026-04-05T12:43:16","date_gmt":"2026-04-05T12:43:16","guid":{"rendered":"https:\/\/modesthanim.com\/product\/beyaz-pullu-fiyonklu-deri-kiz-bebek-makosen\/"},"modified":"2026-04-05T12:43:29","modified_gmt":"2026-04-05T12:43:29","slug":"beyaz-pullu-fiyonklu-deri-kiz-bebek-makosen","status":"publish","type":"product","link":"https:\/\/mod.wisdar.net\/tr\/urun\/beyaz-pullu-fiyonklu-deri-kiz-bebek-makosen\/","title":{"rendered":"Beyaz Pullu Fiyonklu Deri K\u0131z Bebek Makosen"},"content":{"rendered":"<p>Le Mabelle Beyaz Pullu Fiyonklu Deri K\u0131z Bebek Makosen size \u00f6zel indirim, taksit ve kap\u0131da \u00f6deme avantajlar\u0131yla LCW&#8217;de! Hemen online al\u0131\u015fveri\u015f yap, \u00fcr\u00fcn kap\u0131na gelsin! \u2013 S000237727-20063<\/p>\n<p>\u2014 Technical Details \u2014<br \/>\n\u00dcr\u00fcn Tipi: \u0130lk Ad\u0131m Ayakkab\u0131s\u0131<br \/>\nCinsiyet: K\u0131z Bebek<br \/>\nKuma\u015f: Deri<br \/>\nDesen: Desenli<br \/>\nBurun \u015eekli: Yuvarlak Burun<br \/>\nAyakkab\u0131 Kapanma \u015eekli: Lastik<\/p>\n","protected":false},"excerpt":{"rendered":"<p>Le Mabelle Beyaz Pullu Fiyonklu Deri K\u0131z Bebek Makosen size \u00f6zel indirim, taksit ve kap\u0131da \u00f6deme avantajlar\u0131yla LCW&#8217;de! Hemen online al\u0131\u015fveri\u015f yap, \u00fcr\u00fcn kap\u0131na gelsin! \u2013 S000237727-20063 \u2014 Technical Details \u2014 \u00dcr\u00fcn Tipi: \u0130lk Ad\u0131m Ayakkab\u0131s\u0131 Cinsiyet: K\u0131z Bebek Kuma\u015f: Deri Desen: Desenli Burun \u015eekli: Yuvarlak Burun Ayakkab\u0131 Kapanma \u015eekli: Lastik<\/p>\n","protected":false},"featured_media":208628,"comment_status":"open","ping_status":"closed","template":"","meta":[],"product_brand":[],"product_cat":[8694,8697,8700],"product_tag":[8186],"class_list":{"0":"post-208630","1":"product","2":"type-product","3":"status-publish","4":"has-post-thumbnail","6":"product_cat-cocuklar","7":"product_cat-yenidogan-0-12-ay","8":"product_cat-yenidogan-giyim","9":"product_tag-kurdele-detayi","10":"pa_brand-le-mabelle","11":"pa_color-beyaz","12":"pa_size-12-18-ay","13":"pa_size-18-24-ay","14":"pa_size-6-12-ay","16":"first","17":"instock","18":"sale","19":"shipping-taxable","20":"purchasable","21":"product-type-variable"},"_links":{"self":[{"href":"https:\/\/mod.wisdar.net\/tr\/wp-json\/wp\/v2\/product\/208630","targetHints":{"allow":["GET"]}}],"collection":[{"href":"https:\/\/mod.wisdar.net\/tr\/wp-json\/wp\/v2\/product"}],"about":[{"href":"https:\/\/mod.wisdar.net\/tr\/wp-json\/wp\/v2\/types\/product"}],"replies":[{"embeddable":true,"href":"https:\/\/mod.wisdar.net\/tr\/wp-json\/wp\/v2\/comments?post=208630"}],"wp:featuredmedia":[{"embeddable":true,"href":"https:\/\/mod.wisdar.net\/tr\/wp-json\/wp\/v2\/media\/208628"}],"wp:attachment":[{"href":"https:\/\/mod.wisdar.net\/tr\/wp-json\/wp\/v2\/media?parent=208630"}],"wp:term":[{"taxonomy":"product_brand","embeddable":true,"href":"https:\/\/mod.wisdar.net\/tr\/wp-json\/wp\/v2\/product_brand?post=208630"},{"taxonomy":"product_cat","embeddable":true,"href":"https:\/\/mod.wisdar.net\/tr\/wp-json\/wp\/v2\/product_cat?post=208630"},{"taxonomy":"product_tag","embeddable":true,"href":"https:\/\/mod.wisdar.net\/tr\/wp-json\/wp\/v2\/product_tag?post=208630"}],"curies":[{"name":"wp","href":"https:\/\/api.w.org\/{rel}","templated":true}]}}