{"id":208795,"date":"2026-04-05T20:44:53","date_gmt":"2026-04-05T20:44:53","guid":{"rendered":"https:\/\/modesthanim.com\/product\/modal-kumas-beli-bagcikli-genis-paca-palazzo-pantolon-2\/"},"modified":"2026-04-15T21:28:06","modified_gmt":"2026-04-15T21:28:06","slug":"modal-kumas-beli-bagcikli-genis-paca-palazzo-pantolon-2","status":"publish","type":"product","link":"https:\/\/mod.wisdar.net\/tr\/urun\/modal-kumas-beli-bagcikli-genis-paca-palazzo-pantolon-2\/","title":{"rendered":"Modal Kuma\u015f Beli Ba\u011fc\u0131kl\u0131 Geni\u015f Pa\u00e7a Palazzo Pantolon"},"content":{"rendered":"<p>Pantolon, klasik geni\u015f pa\u00e7a kesimi ve beli ba\u011fc\u0131kl\u0131 tasar\u0131m\u0131 ile zarif bir stil sunuyor. Modal kuma\u015f\u0131n yumu\u015fakl\u0131\u011f\u0131 ve d\u00f6k\u00fcml\u00fc yap\u0131s\u0131 konfor sa\u011flarken dayan\u0131kl\u0131l\u0131\u011f\u0131 art\u0131r\u0131yor. Yan cepler pantolonun kullan\u0131m\u0131n\u0131 daha pratik hale getirirken normal bel tasar\u0131m\u0131 g\u00fcnl\u00fck \u015f\u0131kl\u0131\u011f\u0131 tamaml\u0131yor. Hem ofis hem de g\u00fcnl\u00fck kombinlerde rahatl\u0131kla kullan\u0131lan tasar\u0131m \u015f\u0131kl\u0131\u011f\u0131 ve konforu bir arada sunuyor. Stil \u00d6nerisi Geni\u015f pa\u00e7a palazzo pantolonu basic d\u00fcz renk bir bluz ve zarif bir ceketle kombinleyerek \u00f6zel g\u00fcnlerde veya ofiste \u015f\u0131kl\u0131\u011f\u0131n\u0131z\u0131 ortaya koyabilirsiniz. Rahat ama \u015f\u0131k bir g\u00f6r\u00fcn\u00fcm i\u00e7inse beyaz sneaker ayakkab\u0131lar ve tarz bir bel \u00e7antas\u0131 ile tamamlayabilirsiniz. \u00dcr\u00fcn \u00d6zellikleri Kuma\u015f: %89 Modal, %11 Polyester Bel Tipi: Normal Bel Pa\u00e7a: Normal Pa\u00e7a Fit: Regular Stil &amp; Sil\u00fcet: Geni\u015f Pa\u00e7a Detay: Beli Ba\u011fc\u0131kl\u0131 Kullan\u0131m Alan\u0131: Ofis Giyim, G\u00fcnl\u00fck Giyim Koton pantolon koleksiyonu modern ve zarif tasar\u0131mlar\u0131yla dikkat \u00e7ekiyor. Her sezon \u015f\u0131kl\u0131\u011f\u0131n keyfini Koton ile ke\u015ffedin! Respect Life \u2013 Ya\u015fama Sayg\u0131 | \u00c7evre dostu kuma\u015f. Koton&#8217;un insana ve topluma de\u011fer katma, gelecek nesillere daha ya\u015fan\u0131labilir bir d\u00fcnya b\u0131rakma duyarl\u0131l\u0131\u011f\u0131yla haz\u0131rlad\u0131\u011f\u0131 koleksiyonu ke\u015ffedin.<\/p>\n<p>\u2014 Technical Details \u2014<br \/>\nKuma\u015f: %89 MODAL, %11 POL\u0130ESTER<br \/>\nSil\u00fcet: Wide Leg<br \/>\nBel Y\u00fcksekli\u011fi: Standart Bel<br \/>\n\u00dcr\u00fcn Tipi \/ Stil: Wide Leg<br \/>\n\u00dcr\u00fcn\u00fcn Alt Markas\u0131: City fashion<br \/>\nSat\u0131c\u0131\/\u0130malat\u00e7\u0131\/\u0130thalat\u00e7\u0131 \u0130smi: Koton Ma\u011fazac\u0131l\u0131k Tekstil Sanayi ve Ticaret A.\u015e.<br \/>\nPosta Adresi: Ayaza\u011fa Mah. Maslak Ayaza\u011fa Cad. No:3 \u0130\u00e7 Kap\u0131 No:5 Sar\u0131yer\/\u0130stanbul<br \/>\nE-Posta Adresi: mim@koton.com<\/p>\n","protected":false},"excerpt":{"rendered":"<p>Pantolon, klasik geni\u015f pa\u00e7a kesimi ve beli ba\u011fc\u0131kl\u0131 tasar\u0131m\u0131 ile zarif bir stil sunuyor. Modal kuma\u015f\u0131n yumu\u015fakl\u0131\u011f\u0131 ve d\u00f6k\u00fcml\u00fc yap\u0131s\u0131 konfor sa\u011flarken dayan\u0131kl\u0131l\u0131\u011f\u0131 art\u0131r\u0131yor. Yan cepler pantolonun kullan\u0131m\u0131n\u0131 daha pratik hale getirirken normal bel tasar\u0131m\u0131 g\u00fcnl\u00fck \u015f\u0131kl\u0131\u011f\u0131 tamaml\u0131yor. Hem ofis hem de g\u00fcnl\u00fck kombinlerde rahatl\u0131kla kullan\u0131lan tasar\u0131m \u015f\u0131kl\u0131\u011f\u0131 ve konforu bir arada sunuyor. Stil \u00d6nerisi [&hellip;]<\/p>\n","protected":false},"featured_media":208784,"comment_status":"open","ping_status":"closed","template":"","meta":[],"product_brand":[],"product_cat":[1882],"product_tag":[8281,7729,7426,6754,8443],"class_list":{"0":"post-208795","1":"product","2":"type-product","3":"status-publish","4":"has-post-thumbnail","6":"product_cat-alt-giyim","7":"product_tag-bagcikli-bel","8":"product_tag-bol-paca-pantolon","9":"product_tag-gunluk-giyim-3","10":"product_tag-ofis-kiyafeti","11":"product_tag-palazzo-pantolon","12":"pa_brand-koton","13":"pa_color-vizon","14":"pa_size-4698","15":"pa_size-4701","16":"pa_size-4706","17":"pa_size-4711","18":"pa_size-4713","19":"pa_size-4751","21":"first","22":"instock","23":"sale","24":"shipping-taxable","25":"purchasable","26":"product-type-variable"},"_links":{"self":[{"href":"https:\/\/mod.wisdar.net\/tr\/wp-json\/wp\/v2\/product\/208795","targetHints":{"allow":["GET"]}}],"collection":[{"href":"https:\/\/mod.wisdar.net\/tr\/wp-json\/wp\/v2\/product"}],"about":[{"href":"https:\/\/mod.wisdar.net\/tr\/wp-json\/wp\/v2\/types\/product"}],"replies":[{"embeddable":true,"href":"https:\/\/mod.wisdar.net\/tr\/wp-json\/wp\/v2\/comments?post=208795"}],"wp:featuredmedia":[{"embeddable":true,"href":"https:\/\/mod.wisdar.net\/tr\/wp-json\/wp\/v2\/media\/208784"}],"wp:attachment":[{"href":"https:\/\/mod.wisdar.net\/tr\/wp-json\/wp\/v2\/media?parent=208795"}],"wp:term":[{"taxonomy":"product_brand","embeddable":true,"href":"https:\/\/mod.wisdar.net\/tr\/wp-json\/wp\/v2\/product_brand?post=208795"},{"taxonomy":"product_cat","embeddable":true,"href":"https:\/\/mod.wisdar.net\/tr\/wp-json\/wp\/v2\/product_cat?post=208795"},{"taxonomy":"product_tag","embeddable":true,"href":"https:\/\/mod.wisdar.net\/tr\/wp-json\/wp\/v2\/product_tag?post=208795"}],"curies":[{"name":"wp","href":"https:\/\/api.w.org\/{rel}","templated":true}]}}