{"id":208962,"date":"2026-04-05T20:47:32","date_gmt":"2026-04-05T20:47:32","guid":{"rendered":"https:\/\/modesthanim.com\/product\/desenli-asimetrik-kesim-slim-fit-midi-etek\/"},"modified":"2026-04-12T22:18:25","modified_gmt":"2026-04-12T22:18:25","slug":"desenli-asimetrik-kesim-slim-fit-midi-etek","status":"publish","type":"product","link":"https:\/\/mod.wisdar.net\/tr\/urun\/desenli-asimetrik-kesim-slim-fit-midi-etek\/","title":{"rendered":"Desenli Asimetrik Kesim Slim Fit Midi Etek"},"content":{"rendered":"<p>Desenli Asimetrik Kesim Slim Fit Midi Etek at Koton.com with discounted prices! Desenli Asimetrik Kesim Slim Fit Midi Etek 999.99 TL only Click now to buy! | Koton<\/p>\n<p>\u2014 Technical Details \u2014<br \/>\nKuma\u015f: %6 ELASTAN, %94 POL\u0130ESTER<br \/>\nAstar: %100 POL\u0130ESTER<br \/>\nSil\u00fcet: Asimetrik<br \/>\nBel Y\u00fcksekli\u011fi: Standart Bel<br \/>\n\u00dcr\u00fcn Tipi \/ Stil: Asimetrik<br \/>\n\u00dcr\u00fcn\u00fcn Alt Markas\u0131: Ole<br \/>\nSat\u0131c\u0131\/\u0130malat\u00e7\u0131\/\u0130thalat\u00e7\u0131 \u0130smi: Koton Ma\u011fazac\u0131l\u0131k Tekstil Sanayi ve Ticaret A.\u015e.<br \/>\nPosta Adresi: Ayaza\u011fa Mah. Maslak Ayaza\u011fa Cad. No:3 \u0130\u00e7 Kap\u0131 No:5 Sar\u0131yer\/\u0130stanbul<br \/>\nE-Posta Adresi: mim@koton.com<\/p>\n","protected":false},"excerpt":{"rendered":"<p>Desenli Asimetrik Kesim Slim Fit Midi Etek at Koton.com with discounted prices! Desenli Asimetrik Kesim Slim Fit Midi Etek 999.99 TL only Click now to buy! | Koton \u2014 Technical Details \u2014 Kuma\u015f: %6 ELASTAN, %94 POL\u0130ESTER Astar: %100 POL\u0130ESTER Sil\u00fcet: Asimetrik Bel Y\u00fcksekli\u011fi: Standart Bel \u00dcr\u00fcn Tipi \/ Stil: Asimetrik \u00dcr\u00fcn\u00fcn Alt Markas\u0131: Ole [&hellip;]<\/p>\n","protected":false},"featured_media":208949,"comment_status":"open","ping_status":"closed","template":"","meta":[],"product_brand":[],"product_cat":[12479],"product_tag":[],"class_list":{"0":"post-208962","1":"product","2":"type-product","3":"status-publish","4":"has-post-thumbnail","6":"product_cat-gunluk-giyim","7":"pa_brand-koton","8":"pa_color-pembe-desenli","9":"pa_size-l","10":"pa_size-m","11":"pa_size-s","12":"pa_size-xl","13":"pa_size-xs","14":"pa_size-xxl","16":"first","17":"instock","18":"shipping-taxable","19":"purchasable","20":"product-type-variable"},"_links":{"self":[{"href":"https:\/\/mod.wisdar.net\/tr\/wp-json\/wp\/v2\/product\/208962","targetHints":{"allow":["GET"]}}],"collection":[{"href":"https:\/\/mod.wisdar.net\/tr\/wp-json\/wp\/v2\/product"}],"about":[{"href":"https:\/\/mod.wisdar.net\/tr\/wp-json\/wp\/v2\/types\/product"}],"replies":[{"embeddable":true,"href":"https:\/\/mod.wisdar.net\/tr\/wp-json\/wp\/v2\/comments?post=208962"}],"wp:featuredmedia":[{"embeddable":true,"href":"https:\/\/mod.wisdar.net\/tr\/wp-json\/wp\/v2\/media\/208949"}],"wp:attachment":[{"href":"https:\/\/mod.wisdar.net\/tr\/wp-json\/wp\/v2\/media?parent=208962"}],"wp:term":[{"taxonomy":"product_brand","embeddable":true,"href":"https:\/\/mod.wisdar.net\/tr\/wp-json\/wp\/v2\/product_brand?post=208962"},{"taxonomy":"product_cat","embeddable":true,"href":"https:\/\/mod.wisdar.net\/tr\/wp-json\/wp\/v2\/product_cat?post=208962"},{"taxonomy":"product_tag","embeddable":true,"href":"https:\/\/mod.wisdar.net\/tr\/wp-json\/wp\/v2\/product_tag?post=208962"}],"curies":[{"name":"wp","href":"https:\/\/api.w.org\/{rel}","templated":true}]}}