{"id":20899,"date":"2025-11-07T20:16:06","date_gmt":"2025-11-02T14:35:38","guid":{"rendered":"https:\/\/modesthanim.com\/product\/bej-beli-lastikli-palazzo-modal-pantolon\/"},"modified":"2026-02-19T02:34:22","modified_gmt":"2026-02-19T02:34:22","slug":"bej-beli-lastikli-palazzo-modal-pantolon","status":"publish","type":"product","link":"https:\/\/mod.wisdar.net\/tr\/urun\/bej-beli-lastikli-palazzo-modal-pantolon\/","title":{"rendered":"Bej-Beli Lastikli Palazzo Modal Pantolon"},"content":{"rendered":"<p>Bej-Beli Lastikli Palazzo Modal Pantolon ile modern ve rahat bir tarz yakalay\u0131n. ALLDAY&#8217;in Geni\u015f Pa\u00e7a kategorisindeki di\u011fer modellerini ke\u015ffedin. Kombininizi tamamlayacak Bej-Beli Lastikli Palazzo Modal Pantolon i\u00e7in hemen ke\u015ffedin! Teknik Detaylar: Sezon: 25-Yaz Rpt, Kuma\u015f \u0130\u00e7eri\u011fi: %84 CMD %16 PES, Kuma\u015f Grubu: Pamuk Polyester, Cep Detay\u0131: Gizli, Ebat \/ Boy: 105 CM, Tasar\u0131m D\u00f6nemi: 25-Yaz, Kal\u0131p: PALAZZO, Pa\u00e7a: Geni\u015f Pa\u00e7a, Bel: Lastikli, Desen: D\u00fcz, Tema: 3.RICH, Line: ELEGANCE, \u00dcr\u00fcn Ligi: A Kalite, Sezon Sat\u0131\u015f D\u00f6nemi: Yaz, Malzeme T\u00fcr\u00fc: Dokuma.<\/p>\n","protected":false},"excerpt":{"rendered":"<p>Bej-Beli Lastikli Palazzo Modal Pantolon ile modern ve rahat bir tarz yakalay\u0131n. ALLDAY&#8217;in Geni\u015f Pa\u00e7a kategorisindeki di\u011fer modellerini ke\u015ffedin. Kombininizi tamamlayacak Bej-Beli Lastikli Palazzo Modal Pantolon i\u00e7in hemen ke\u015ffedin! Teknik Detaylar: Sezon: 25-Yaz Rpt, Kuma\u015f \u0130\u00e7eri\u011fi: %84 CMD %16 PES, Kuma\u015f Grubu: Pamuk Polyester, Cep Detay\u0131: Gizli, Ebat \/ Boy: 105 CM, Tasar\u0131m D\u00f6nemi: 25-Yaz, [&hellip;]<\/p>\n","protected":false},"featured_media":0,"comment_status":"open","ping_status":"closed","template":"","meta":[],"product_brand":[],"product_cat":[1882],"product_tag":[],"class_list":{"0":"post-20899","1":"product","2":"type-product","3":"status-publish","5":"product_cat-alt-giyim","6":"pa_brand-allday","7":"pa_color-bej","8":"pa_size-4701","9":"pa_size-4706","10":"pa_size-4711","11":"pa_size-4713","12":"pa_size-4751","14":"first","15":"instock","16":"sale","17":"shipping-taxable","18":"purchasable","19":"product-type-variable"},"_links":{"self":[{"href":"https:\/\/mod.wisdar.net\/tr\/wp-json\/wp\/v2\/product\/20899","targetHints":{"allow":["GET"]}}],"collection":[{"href":"https:\/\/mod.wisdar.net\/tr\/wp-json\/wp\/v2\/product"}],"about":[{"href":"https:\/\/mod.wisdar.net\/tr\/wp-json\/wp\/v2\/types\/product"}],"replies":[{"embeddable":true,"href":"https:\/\/mod.wisdar.net\/tr\/wp-json\/wp\/v2\/comments?post=20899"}],"wp:attachment":[{"href":"https:\/\/mod.wisdar.net\/tr\/wp-json\/wp\/v2\/media?parent=20899"}],"wp:term":[{"taxonomy":"product_brand","embeddable":true,"href":"https:\/\/mod.wisdar.net\/tr\/wp-json\/wp\/v2\/product_brand?post=20899"},{"taxonomy":"product_cat","embeddable":true,"href":"https:\/\/mod.wisdar.net\/tr\/wp-json\/wp\/v2\/product_cat?post=20899"},{"taxonomy":"product_tag","embeddable":true,"href":"https:\/\/mod.wisdar.net\/tr\/wp-json\/wp\/v2\/product_tag?post=20899"}],"curies":[{"name":"wp","href":"https:\/\/api.w.org\/{rel}","templated":true}]}}