{"id":208993,"date":"2026-04-05T20:48:02","date_gmt":"2026-04-05T20:48:02","guid":{"rendered":"https:\/\/modesthanim.com\/product\/dugmeli-bisiklet-cift-yaka-kisa-kollu-viskon-triko-kazak\/"},"modified":"2026-04-12T22:23:25","modified_gmt":"2026-04-12T22:23:25","slug":"dugmeli-bisiklet-cift-yaka-kisa-kollu-viskon-triko-kazak","status":"publish","type":"product","link":"https:\/\/mod.wisdar.net\/tr\/urun\/dugmeli-bisiklet-cift-yaka-kisa-kollu-viskon-triko-kazak\/","title":{"rendered":"D\u00fc\u011fmeli Bisiklet \u00c7ift Yaka K\u0131sa Kollu Viskon Triko Kazak"},"content":{"rendered":"<p>Kazak, \u015f\u0131kl\u0131\u011f\u0131 ve rahatl\u0131\u011f\u0131 bir arada sunan detaylar\u0131yla gard\u0131robunuzun vazge\u00e7ilmez bir par\u00e7as\u0131 olmaya aday. K\u0131sa kollu tasar\u0131m\u0131 ve bisiklet yaka kesimi s\u0131cak havalar i\u00e7in ideal. D\u00fc\u011fme detaylar\u0131 ile hareket kazanan kazak, klasik ve modern dokunu\u015flar\u0131 bir araya getiriyor. Viskon i\u00e7eri\u011fi sayesinde yumu\u015fak bir dokunu\u015f sa\u011flayarak g\u00fcn boyu konfor sunuyor. Hem g\u00fcnl\u00fck kombinlerde hem de \u00f6zel davetlerde \u015f\u0131k bir se\u00e7im olan kazak, dolab\u0131n\u0131z\u0131n joker par\u00e7alar\u0131ndan biri olacak. Stil \u00d6nerisi Triko kazak, casual ve \u015f\u0131k kombinler i\u00e7in m\u00fckemmel bir se\u00e7im sunuyor. Pantolonlar ve midi eteklerle rahat\u00e7a kombinlenebilir, g\u00fcnl\u00fck stilinizin favorisi olabilir. Sneaker veya topuklu ayakkab\u0131larla tamamlayarak rahat ve \u015f\u0131k bir g\u00f6r\u00fcn\u00fcm elde edebilirsiniz. Blazer ceketle ofis stilinizi tamamlarken jean ve spor ceketlerle de hafta sonu g\u00f6r\u00fcn\u00fcm\u00fcn\u00fcze rahat ve stil sahibi bir dokunu\u015f katabilirsiniz. \u00dcr\u00fcn \u00d6zellikleri Kol Tipi: K\u0131sa Kol Yaka Tipi: Bisiklet Yaka Detay: D\u00fc\u011fmeli Fit: Regular Fit Kuma\u015f: %27 Polyester, %22 Poliamid, %51 Viskon Kullan\u0131m Alan\u0131: G\u00fcnl\u00fck Giyim, Ofis Giyim, \u00d6zel G\u00fcnler Koton&#8217;un triko kazak koleksiyonuyla ile \u015f\u0131kl\u0131\u011f\u0131 yakalay\u0131n! Koton tasar\u0131mlar\u0131yla \u015fimdi stilinizi tamamlay\u0131n!<\/p>\n","protected":false},"excerpt":{"rendered":"<p>Kazak, \u015f\u0131kl\u0131\u011f\u0131 ve rahatl\u0131\u011f\u0131 bir arada sunan detaylar\u0131yla gard\u0131robunuzun vazge\u00e7ilmez bir par\u00e7as\u0131 olmaya aday. K\u0131sa kollu tasar\u0131m\u0131 ve bisiklet yaka kesimi s\u0131cak havalar i\u00e7in ideal. D\u00fc\u011fme detaylar\u0131 ile hareket kazanan kazak, klasik ve modern dokunu\u015flar\u0131 bir araya getiriyor. Viskon i\u00e7eri\u011fi sayesinde yumu\u015fak bir dokunu\u015f sa\u011flayarak g\u00fcn boyu konfor sunuyor. Hem g\u00fcnl\u00fck kombinlerde hem de \u00f6zel [&hellip;]<\/p>\n","protected":false},"featured_media":208979,"comment_status":"open","ping_status":"closed","template":"","meta":[],"product_brand":[],"product_cat":[12479],"product_tag":[7426,6754],"class_list":{"0":"post-208993","1":"product","2":"type-product","3":"status-publish","4":"has-post-thumbnail","6":"product_cat-gunluk-giyim","7":"product_tag-gunluk-giyim-3","8":"product_tag-ofis-kiyafeti","9":"pa_brand-koton","10":"pa_color-vizon","11":"pa_size-l","12":"pa_size-m","13":"pa_size-s","14":"pa_size-xl","15":"pa_size-xs","17":"first","18":"instock","19":"sale","20":"shipping-taxable","21":"purchasable","22":"product-type-variable"},"_links":{"self":[{"href":"https:\/\/mod.wisdar.net\/tr\/wp-json\/wp\/v2\/product\/208993","targetHints":{"allow":["GET"]}}],"collection":[{"href":"https:\/\/mod.wisdar.net\/tr\/wp-json\/wp\/v2\/product"}],"about":[{"href":"https:\/\/mod.wisdar.net\/tr\/wp-json\/wp\/v2\/types\/product"}],"replies":[{"embeddable":true,"href":"https:\/\/mod.wisdar.net\/tr\/wp-json\/wp\/v2\/comments?post=208993"}],"wp:featuredmedia":[{"embeddable":true,"href":"https:\/\/mod.wisdar.net\/tr\/wp-json\/wp\/v2\/media\/208979"}],"wp:attachment":[{"href":"https:\/\/mod.wisdar.net\/tr\/wp-json\/wp\/v2\/media?parent=208993"}],"wp:term":[{"taxonomy":"product_brand","embeddable":true,"href":"https:\/\/mod.wisdar.net\/tr\/wp-json\/wp\/v2\/product_brand?post=208993"},{"taxonomy":"product_cat","embeddable":true,"href":"https:\/\/mod.wisdar.net\/tr\/wp-json\/wp\/v2\/product_cat?post=208993"},{"taxonomy":"product_tag","embeddable":true,"href":"https:\/\/mod.wisdar.net\/tr\/wp-json\/wp\/v2\/product_tag?post=208993"}],"curies":[{"name":"wp","href":"https:\/\/api.w.org\/{rel}","templated":true}]}}