{"id":209067,"date":"2026-04-05T20:49:04","date_gmt":"2026-04-05T20:49:04","guid":{"rendered":"https:\/\/modesthanim.com\/product\/normal-bel-pamuklu-cepli-kemerli-ispanyol-paca-jean-pantolon-flare-jeans\/"},"modified":"2026-04-12T22:18:17","modified_gmt":"2026-04-12T22:18:17","slug":"normal-bel-pamuklu-cepli-kemerli-ispanyol-paca-jean-pantolon-flare-jeans","status":"publish","type":"product","link":"https:\/\/mod.wisdar.net\/tr\/urun\/normal-bel-pamuklu-cepli-kemerli-ispanyol-paca-jean-pantolon-flare-jeans\/","title":{"rendered":"Normal Bel Pamuklu Cepli Kemerli \u0130spanyol Pa\u00e7a Jean Pantolon \u2013 Flare Jeans"},"content":{"rendered":"<p>Normal Bel Pamuklu Cepli Kemerli \u0130spanyol Pa\u00e7a Jean Pantolon \u2013 Flare Jeans at Koton.com with discounted prices! Normal Bel Pamuklu Cepli Kemerli \u0130spanyol Pa\u00e7a Jean Pantolon \u2013 Flare Jeans 1299.99 TL only Click now to buy! | Koton<\/p>\n<p>\u2014 Technical Details \u2014<br \/>\nModelin \u00d6l\u00e7\u00fcleri: Boy: 22 \/ Bel: 62 \/ G\u00f6\u011f\u00fcs: 80 \/ Kal\u00e7a: 88<br \/>\nKuma\u015f: %100 PAMUK<br \/>\nSil\u00fcet: Flare<br \/>\nBel Y\u00fcksekli\u011fi: Standart Bel<br \/>\nBoy: 32<br \/>\n\u00dcr\u00fcn Tipi \/ Stil: Flare<br \/>\n\u00dcr\u00fcn\u00fcn Alt Markas\u0131: Koton jeans<br \/>\nSat\u0131c\u0131\/\u0130malat\u00e7\u0131\/\u0130thalat\u00e7\u0131 \u0130smi: Koton Ma\u011fazac\u0131l\u0131k Tekstil Sanayi ve Ticaret A.\u015e.<br \/>\nPosta Adresi: Ayaza\u011fa Mah. Maslak Ayaza\u011fa Cad. No:3 \u0130\u00e7 Kap\u0131 No:5 Sar\u0131yer\/\u0130stanbul<br \/>\nE-Posta Adresi: mim@koton.com<\/p>\n","protected":false},"excerpt":{"rendered":"<p>Normal Bel Pamuklu Cepli Kemerli \u0130spanyol Pa\u00e7a Jean Pantolon \u2013 Flare Jeans at Koton.com with discounted prices! Normal Bel Pamuklu Cepli Kemerli \u0130spanyol Pa\u00e7a Jean Pantolon \u2013 Flare Jeans 1299.99 TL only Click now to buy! | Koton \u2014 Technical Details \u2014 Modelin \u00d6l\u00e7\u00fcleri: Boy: 22 \/ Bel: 62 \/ G\u00f6\u011f\u00fcs: 80 \/ Kal\u00e7a: 88 [&hellip;]<\/p>\n","protected":false},"featured_media":209052,"comment_status":"open","ping_status":"closed","template":"","meta":[],"product_brand":[],"product_cat":[1882],"product_tag":[7467,7874],"class_list":{"0":"post-209067","1":"product","2":"type-product","3":"status-publish","4":"has-post-thumbnail","6":"product_cat-alt-giyim","7":"product_tag-ispanyol-paca","8":"product_tag-moda-pantolonu","9":"pa_brand-koton","10":"pa_color-acik-indigo-3","11":"pa_size-10734","12":"pa_size-7843","13":"pa_size-10735","14":"pa_size-7841","15":"pa_size-7842","16":"pa_size-10738","17":"pa_size-7846","18":"pa_size-4698","20":"first","21":"instock","22":"shipping-taxable","23":"purchasable","24":"product-type-variable"},"_links":{"self":[{"href":"https:\/\/mod.wisdar.net\/tr\/wp-json\/wp\/v2\/product\/209067","targetHints":{"allow":["GET"]}}],"collection":[{"href":"https:\/\/mod.wisdar.net\/tr\/wp-json\/wp\/v2\/product"}],"about":[{"href":"https:\/\/mod.wisdar.net\/tr\/wp-json\/wp\/v2\/types\/product"}],"replies":[{"embeddable":true,"href":"https:\/\/mod.wisdar.net\/tr\/wp-json\/wp\/v2\/comments?post=209067"}],"wp:featuredmedia":[{"embeddable":true,"href":"https:\/\/mod.wisdar.net\/tr\/wp-json\/wp\/v2\/media\/209052"}],"wp:attachment":[{"href":"https:\/\/mod.wisdar.net\/tr\/wp-json\/wp\/v2\/media?parent=209067"}],"wp:term":[{"taxonomy":"product_brand","embeddable":true,"href":"https:\/\/mod.wisdar.net\/tr\/wp-json\/wp\/v2\/product_brand?post=209067"},{"taxonomy":"product_cat","embeddable":true,"href":"https:\/\/mod.wisdar.net\/tr\/wp-json\/wp\/v2\/product_cat?post=209067"},{"taxonomy":"product_tag","embeddable":true,"href":"https:\/\/mod.wisdar.net\/tr\/wp-json\/wp\/v2\/product_tag?post=209067"}],"curies":[{"name":"wp","href":"https:\/\/api.w.org\/{rel}","templated":true}]}}