{"id":209081,"date":"2026-04-05T20:49:25","date_gmt":"2026-04-05T20:49:25","guid":{"rendered":"https:\/\/modesthanim.com\/product\/asimetrik-kesim-yirtmac-detayli-tul-midi-etek\/"},"modified":"2026-04-15T21:18:48","modified_gmt":"2026-04-15T21:18:48","slug":"asimetrik-kesim-yirtmac-detayli-tul-midi-etek","status":"publish","type":"product","link":"https:\/\/mod.wisdar.net\/tr\/urun\/asimetrik-kesim-yirtmac-detayli-tul-midi-etek\/","title":{"rendered":"Asimetrik Kesim Y\u0131rtma\u00e7 Detayl\u0131 T\u00fcl Midi Etek"},"content":{"rendered":"<p>Asimetrik Kesim Y\u0131rtma\u00e7 Detayl\u0131 T\u00fcl Midi Etek at Koton.com with discounted prices! Asimetrik Kesim Y\u0131rtma\u00e7 Detayl\u0131 T\u00fcl Midi Etek 1099.99 TL only Click now to buy! | Koton<\/p>\n<p>\u2014 Technical Details \u2014<br \/>\nModel Bilgileri: Jean: 27\/32, Modelin Bedeni: S, Boy: 176, Bel: 57, G\u00f6\u011f\u00fcs: 77, Kal\u00e7a: 88<br \/>\nSil\u00fcet: Asimetrik<br \/>\nBel Y\u00fcksekli\u011fi: Standart Bel<br \/>\n\u00dcr\u00fcn Tipi \/ Stil: Asimetrik<br \/>\n\u00dcr\u00fcn\u00fcn Alt Markas\u0131: Ole<br \/>\nSat\u0131c\u0131\/\u0130malat\u00e7\u0131\/\u0130thalat\u00e7\u0131 \u0130smi: Koton Ma\u011fazac\u0131l\u0131k Tekstil Sanayi ve Ticaret A.\u015e.<br \/>\nPosta Adresi: Ayaza\u011fa Mah. Maslak Ayaza\u011fa Cad. No:3 \u0130\u00e7 Kap\u0131 No:5 Sar\u0131yer\/\u0130stanbul<br \/>\nE-Posta Adresi: mim@koton.com<\/p>\n","protected":false},"excerpt":{"rendered":"<p>Asimetrik Kesim Y\u0131rtma\u00e7 Detayl\u0131 T\u00fcl Midi Etek at Koton.com with discounted prices! Asimetrik Kesim Y\u0131rtma\u00e7 Detayl\u0131 T\u00fcl Midi Etek 1099.99 TL only Click now to buy! | Koton \u2014 Technical Details \u2014 Model Bilgileri: Jean: 27\/32, Modelin Bedeni: S, Boy: 176, Bel: 57, G\u00f6\u011f\u00fcs: 77, Kal\u00e7a: 88 Sil\u00fcet: Asimetrik Bel Y\u00fcksekli\u011fi: Standart Bel \u00dcr\u00fcn Tipi [&hellip;]<\/p>\n","protected":false},"featured_media":209061,"comment_status":"open","ping_status":"closed","template":"","meta":[],"product_brand":[],"product_cat":[12479],"product_tag":[7621],"class_list":{"0":"post-209081","1":"product","2":"type-product","3":"status-publish","4":"has-post-thumbnail","6":"product_cat-gunluk-giyim","7":"product_tag-midi-etek","8":"pa_brand-koton","9":"pa_color-kahverengi","10":"pa_size-l","11":"pa_size-m","12":"pa_size-s","13":"pa_size-xl","14":"pa_size-xs","15":"pa_size-xxl","17":"first","18":"instock","19":"shipping-taxable","20":"purchasable","21":"product-type-variable"},"_links":{"self":[{"href":"https:\/\/mod.wisdar.net\/tr\/wp-json\/wp\/v2\/product\/209081","targetHints":{"allow":["GET"]}}],"collection":[{"href":"https:\/\/mod.wisdar.net\/tr\/wp-json\/wp\/v2\/product"}],"about":[{"href":"https:\/\/mod.wisdar.net\/tr\/wp-json\/wp\/v2\/types\/product"}],"replies":[{"embeddable":true,"href":"https:\/\/mod.wisdar.net\/tr\/wp-json\/wp\/v2\/comments?post=209081"}],"wp:featuredmedia":[{"embeddable":true,"href":"https:\/\/mod.wisdar.net\/tr\/wp-json\/wp\/v2\/media\/209061"}],"wp:attachment":[{"href":"https:\/\/mod.wisdar.net\/tr\/wp-json\/wp\/v2\/media?parent=209081"}],"wp:term":[{"taxonomy":"product_brand","embeddable":true,"href":"https:\/\/mod.wisdar.net\/tr\/wp-json\/wp\/v2\/product_brand?post=209081"},{"taxonomy":"product_cat","embeddable":true,"href":"https:\/\/mod.wisdar.net\/tr\/wp-json\/wp\/v2\/product_cat?post=209081"},{"taxonomy":"product_tag","embeddable":true,"href":"https:\/\/mod.wisdar.net\/tr\/wp-json\/wp\/v2\/product_tag?post=209081"}],"curies":[{"name":"wp","href":"https:\/\/api.w.org\/{rel}","templated":true}]}}