{"id":209163,"date":"2026-04-05T20:50:52","date_gmt":"2026-04-05T20:50:52","guid":{"rendered":"https:\/\/modesthanim.com\/product\/standart-bel-midi-kemerli-klos-etek\/"},"modified":"2026-04-05T20:51:23","modified_gmt":"2026-04-05T20:51:23","slug":"standart-bel-midi-kemerli-klos-etek","status":"publish","type":"product","link":"https:\/\/mod.wisdar.net\/tr\/urun\/standart-bel-midi-kemerli-klos-etek\/","title":{"rendered":"Standart Bel Midi Kemerli Klo\u015f Etek"},"content":{"rendered":"<p>Klo\u015f etek, midi boyuyla hareket \u00f6zg\u00fcrl\u00fc\u011f\u00fc sa\u011flarken zarif ve ak\u0131\u015fkan bir sil\u00fcet yarat\u0131yor. Ete\u011fin kemerli tasar\u0131m\u0131 belinizi vurgularken stilinize ekstra bir \u015f\u0131kl\u0131k kat\u0131yor. Viskon kar\u0131\u015f\u0131ml\u0131 kuma\u015f\u0131 hafifli\u011fi ve rahatl\u0131\u011f\u0131 bir arada sunuyor. Etek standart bel y\u00fcksekli\u011fi ve klo\u015f kesimi sayesinde gard\u0131robunuzun vazge\u00e7ilmez bir par\u00e7as\u0131 olmaya aday. Stil \u00d6nerisi Kemerli klo\u015f etek, g\u00fcnl\u00fck kullan\u0131m i\u00e7in \u015f\u0131k bir bluz ve sandaletlerle rahat\u00e7a kombinlenebilir. Ofis stilinizi tamamlamak i\u00e7in ise beyaz bir g\u00f6mlek ve topuklu ayakkab\u0131larla \u015f\u0131k bir g\u00f6r\u00fcn\u00fcm elde edebilirsiniz. Ak\u015fam davetleri i\u00e7in zarif bir clutch ve ince topuklu ayakkab\u0131larla kombininizi tamamlayabilir, stilinize zarif bir dokunu\u015f ekleyebilirsiniz. \u00dcr\u00fcn \u00d6zellikleri Kuma\u015f: %90 Viskoz, %10 Polyester Bel Tipi: Normal Bel Fit: Regular Stil: Klo\u015f Detay: Kemerli Boyu: Midi Kullan\u0131m Alan\u0131: G\u00fcnl\u00fck Giyim, Ofis Giyim, \u00d6zel G\u00fcnler Trend ve \u00f6zg\u00fcn tasar\u0131mlar dolab\u0131n\u0131zda fark yarat\u0131yor. \u015e\u0131kl\u0131\u011f\u0131n\u0131z\u0131 \u015fimdi Koton ile tamamlay\u0131n!<\/p>\n<p>\u2014 Technical Details \u2014<br \/>\nKuma\u015f: %90 V\u0130SKOZ, %10 POL\u0130ESTER<br \/>\nSil\u00fcet: Klo\u015f (Yar\u0131m Daire)<br \/>\nBel Y\u00fcksekli\u011fi: Standart Bel<br \/>\n\u00dcr\u00fcn Tipi \/ Stil: Klo\u015f (Yar\u0131m Daire)<br \/>\n\u00dcr\u00fcn\u00fcn Alt Markas\u0131: City fashion<br \/>\nModel \u00d6l\u00e7\u00fcleri: Boy: 22 \/ Bel: 62 \/ G\u00f6\u011f\u00fcs: 80 \/ Kal\u00e7a: 88<\/p>\n","protected":false},"excerpt":{"rendered":"<p>Klo\u015f etek, midi boyuyla hareket \u00f6zg\u00fcrl\u00fc\u011f\u00fc sa\u011flarken zarif ve ak\u0131\u015fkan bir sil\u00fcet yarat\u0131yor. Ete\u011fin kemerli tasar\u0131m\u0131 belinizi vurgularken stilinize ekstra bir \u015f\u0131kl\u0131k kat\u0131yor. Viskon kar\u0131\u015f\u0131ml\u0131 kuma\u015f\u0131 hafifli\u011fi ve rahatl\u0131\u011f\u0131 bir arada sunuyor. Etek standart bel y\u00fcksekli\u011fi ve klo\u015f kesimi sayesinde gard\u0131robunuzun vazge\u00e7ilmez bir par\u00e7as\u0131 olmaya aday. Stil \u00d6nerisi Kemerli klo\u015f etek, g\u00fcnl\u00fck kullan\u0131m i\u00e7in \u015f\u0131k [&hellip;]<\/p>\n","protected":false},"featured_media":209155,"comment_status":"open","ping_status":"closed","template":"","meta":[],"product_brand":[],"product_cat":[12479],"product_tag":[5012,8247,8039,7621,6754],"class_list":{"0":"post-209163","1":"product","2":"type-product","3":"status-publish","4":"has-post-thumbnail","6":"product_cat-gunluk-giyim","7":"product_tag-elegant","8":"product_tag-klos-etek","9":"product_tag-koton","10":"product_tag-midi-etek","11":"product_tag-ofis-kiyafeti","12":"pa_brand-koton","13":"pa_color-kahverengi","14":"pa_size-4698","15":"pa_size-4701","16":"pa_size-4706","17":"pa_size-4711","18":"pa_size-4713","20":"first","21":"instock","22":"shipping-taxable","23":"purchasable","24":"product-type-variable"},"_links":{"self":[{"href":"https:\/\/mod.wisdar.net\/tr\/wp-json\/wp\/v2\/product\/209163","targetHints":{"allow":["GET"]}}],"collection":[{"href":"https:\/\/mod.wisdar.net\/tr\/wp-json\/wp\/v2\/product"}],"about":[{"href":"https:\/\/mod.wisdar.net\/tr\/wp-json\/wp\/v2\/types\/product"}],"replies":[{"embeddable":true,"href":"https:\/\/mod.wisdar.net\/tr\/wp-json\/wp\/v2\/comments?post=209163"}],"wp:featuredmedia":[{"embeddable":true,"href":"https:\/\/mod.wisdar.net\/tr\/wp-json\/wp\/v2\/media\/209155"}],"wp:attachment":[{"href":"https:\/\/mod.wisdar.net\/tr\/wp-json\/wp\/v2\/media?parent=209163"}],"wp:term":[{"taxonomy":"product_brand","embeddable":true,"href":"https:\/\/mod.wisdar.net\/tr\/wp-json\/wp\/v2\/product_brand?post=209163"},{"taxonomy":"product_cat","embeddable":true,"href":"https:\/\/mod.wisdar.net\/tr\/wp-json\/wp\/v2\/product_cat?post=209163"},{"taxonomy":"product_tag","embeddable":true,"href":"https:\/\/mod.wisdar.net\/tr\/wp-json\/wp\/v2\/product_tag?post=209163"}],"curies":[{"name":"wp","href":"https:\/\/api.w.org\/{rel}","templated":true}]}}