{"id":209173,"date":"2026-04-05T20:50:51","date_gmt":"2026-04-05T20:50:51","guid":{"rendered":"https:\/\/modesthanim.com\/product\/hakim-yaka-uzun-balon-kollu-beli-bagcikli-sifon-gomlek\/"},"modified":"2026-04-15T21:18:19","modified_gmt":"2026-04-15T21:18:19","slug":"hakim-yaka-uzun-balon-kollu-beli-bagcikli-sifon-gomlek","status":"publish","type":"product","link":"https:\/\/mod.wisdar.net\/tr\/urun\/hakim-yaka-uzun-balon-kollu-beli-bagcikli-sifon-gomlek\/","title":{"rendered":"Hakim Yaka Uzun Balon Kollu Beli Ba\u011fc\u0131kl\u0131 \u015eifon G\u00f6mlek"},"content":{"rendered":"<p>G\u00f6mlek, modern ve klasik detaylar\u0131 bir arada bulu\u015fturan tasar\u0131m\u0131yla dikkat \u00e7ekiyor. Hakim yaka ve uzun balon kol \u00f6zellikleri g\u00f6mle\u011fe zarif bir hava katarken beli ba\u011fc\u0131kl\u0131 tasar\u0131m\u0131 sil\u00fcetinizi \u00f6n plana \u00e7\u0131kar\u0131yor. \u015eifon kuma\u015f\u0131 sayesinde hafif ve ak\u0131c\u0131 bir dokunu\u015f sunarak t\u00fcm g\u00fcn boyunca rahatl\u0131k sa\u011fl\u0131yor. D\u00fc\u011fmeli \u00f6n tasar\u0131m\u0131yla pratik bir kullan\u0131m sunan g\u00f6mlek, \u00f6zellikle yaz ve bahar aylar\u0131nda trend kombinler yarat\u0131yor. Stil \u00d6nerisi Beli ba\u011fc\u0131kl\u0131 \u015fifon g\u00f6mlek, balon pantolonlar ve midi eteklerle kombinlendi\u011finde zarif bir g\u00f6r\u00fcn\u00fcm yarat\u0131yor. G\u00fcnl\u00fck stilde g\u00f6mle\u011fi jean pantolon ve beyaz spor ayakkab\u0131larla rahatl\u0131kla tamamlayabilirsiniz. Ak\u015fam davetlerinde ise saten etek ve stiletto ayakkab\u0131larla tamamlanan kombin, etkileyici bir stil olu\u015fturman\u0131za yard\u0131mc\u0131 olacak. \u00dcr\u00fcn \u00d6zellikleri Kol Tipi: Uzun Kol Yaka Tipi: V Yaka Detay: Beli Ba\u011fc\u0131kl\u0131, D\u00fc\u011fmeli Fit: Bol Kal\u0131p Kullan\u0131m Alan\u0131: G\u00fcnl\u00fck Giyim, Ofis Giyim, \u00d6zel G\u00fcnler Trend ve \u00f6zg\u00fcn tasar\u0131mlar dolab\u0131n\u0131zda fark yarat\u0131yor. \u015e\u0131kl\u0131\u011f\u0131n\u0131z\u0131 \u015fimdi Koton ile tamamlay\u0131n!<\/p>\n","protected":false},"excerpt":{"rendered":"<p>G\u00f6mlek, modern ve klasik detaylar\u0131 bir arada bulu\u015fturan tasar\u0131m\u0131yla dikkat \u00e7ekiyor. Hakim yaka ve uzun balon kol \u00f6zellikleri g\u00f6mle\u011fe zarif bir hava katarken beli ba\u011fc\u0131kl\u0131 tasar\u0131m\u0131 sil\u00fcetinizi \u00f6n plana \u00e7\u0131kar\u0131yor. \u015eifon kuma\u015f\u0131 sayesinde hafif ve ak\u0131c\u0131 bir dokunu\u015f sunarak t\u00fcm g\u00fcn boyunca rahatl\u0131k sa\u011fl\u0131yor. D\u00fc\u011fmeli \u00f6n tasar\u0131m\u0131yla pratik bir kullan\u0131m sunan g\u00f6mlek, \u00f6zellikle yaz ve [&hellip;]<\/p>\n","protected":false},"featured_media":209157,"comment_status":"open","ping_status":"closed","template":"","meta":[],"product_brand":[],"product_cat":[12479],"product_tag":[7326,7426,6754,6772,8285],"class_list":{"0":"post-209173","1":"product","2":"type-product","3":"status-publish","4":"has-post-thumbnail","6":"product_cat-gunluk-giyim","7":"product_tag-bol-kesim","8":"product_tag-gunluk-giyim-3","9":"product_tag-ofis-kiyafeti","10":"product_tag-ozel-gun","11":"product_tag-sal-yaka","12":"pa_brand-koton","13":"pa_color-nane-yesili","14":"pa_size-4698","15":"pa_size-4701","16":"pa_size-4706","17":"pa_size-4711","18":"pa_size-4713","19":"pa_size-4751","20":"pa_size-4749","22":"first","23":"instock","24":"shipping-taxable","25":"purchasable","26":"product-type-variable"},"_links":{"self":[{"href":"https:\/\/mod.wisdar.net\/tr\/wp-json\/wp\/v2\/product\/209173","targetHints":{"allow":["GET"]}}],"collection":[{"href":"https:\/\/mod.wisdar.net\/tr\/wp-json\/wp\/v2\/product"}],"about":[{"href":"https:\/\/mod.wisdar.net\/tr\/wp-json\/wp\/v2\/types\/product"}],"replies":[{"embeddable":true,"href":"https:\/\/mod.wisdar.net\/tr\/wp-json\/wp\/v2\/comments?post=209173"}],"wp:featuredmedia":[{"embeddable":true,"href":"https:\/\/mod.wisdar.net\/tr\/wp-json\/wp\/v2\/media\/209157"}],"wp:attachment":[{"href":"https:\/\/mod.wisdar.net\/tr\/wp-json\/wp\/v2\/media?parent=209173"}],"wp:term":[{"taxonomy":"product_brand","embeddable":true,"href":"https:\/\/mod.wisdar.net\/tr\/wp-json\/wp\/v2\/product_brand?post=209173"},{"taxonomy":"product_cat","embeddable":true,"href":"https:\/\/mod.wisdar.net\/tr\/wp-json\/wp\/v2\/product_cat?post=209173"},{"taxonomy":"product_tag","embeddable":true,"href":"https:\/\/mod.wisdar.net\/tr\/wp-json\/wp\/v2\/product_tag?post=209173"}],"curies":[{"name":"wp","href":"https:\/\/api.w.org\/{rel}","templated":true}]}}