{"id":209246,"date":"2026-04-05T20:52:06","date_gmt":"2026-04-05T20:52:06","guid":{"rendered":"https:\/\/modesthanim.com\/product\/krep-kumas-kemer-detayli-a-kesim-midi-etek\/"},"modified":"2026-04-05T20:52:44","modified_gmt":"2026-04-05T20:52:44","slug":"krep-kumas-kemer-detayli-a-kesim-midi-etek","status":"publish","type":"product","link":"https:\/\/mod.wisdar.net\/tr\/urun\/krep-kumas-kemer-detayli-a-kesim-midi-etek\/","title":{"rendered":"Krep Kuma\u015f Kemer Detayl\u0131 A Kesim Midi Etek"},"content":{"rendered":"<p>Krep Kuma\u015f Kemer Detayl\u0131 A Kesim Midi Etek at Koton.com with discounted prices! Krep Kuma\u015f Kemer Detayl\u0131 A Kesim Midi Etek 1399.99 TL only Click now to buy! | Koton Midi etek, zarif ve modern tasar\u0131m\u0131yla dikkat \u00e7ekiyor. Krep kuma\u015f yap\u0131s\u0131 sayesinde ak\u0131c\u0131 bir duru\u015f sergilenirken, A kesim sil\u00fceti ile hareket \u00f6zg\u00fcrl\u00fc\u011f\u00fc sunuyor. Bel k\u0131sm\u0131nda yer alan kemer detay\u0131 ete\u011fe \u015f\u0131kl\u0131k katarken ayn\u0131 zamanda kullan\u0131m kolayl\u0131\u011f\u0131 sa\u011fl\u0131yor. Standart bel y\u00fcksekli\u011fi g\u00fcnl\u00fck konforu garantilerken klasik g\u00f6r\u00fcn\u00fcm\u00fc ile ofis stiline rahat\u00e7a uyum sa\u011fl\u0131yor. Stil \u00d6nerisi Etek, \u015f\u0131k bir bluz ve topuklu ayakkab\u0131larla kombinlendi\u011finde ofis i\u00e7in etkileyici bir g\u00f6r\u00fcn\u00fcm sunuyor. G\u00fcnd\u00fczden geceye ge\u00e7i\u015fte; blazer ceket ve minimal tak\u0131larla tamamlanarak stilinizi y\u00fckseltebilirsiniz. Ayr\u0131ca rahat bir ti\u015f\u00f6rt ve sneaker ayakkab\u0131larla g\u00fcnl\u00fck bir tarz da yarat\u0131labilir. Mevsime uygun tren\u00e7kot ya da deri ceketlerle uyumlu, zarif ve \u00e7ok y\u00f6nl\u00fc bir kullan\u0131m olu\u015fturabilirsiniz. \u00dcr\u00fcn \u00d6zellikleri Bel Tipi: Normal Bel Siluet: A Kesim Detay: Kemerli Kuma\u015f: %100 Elastomultiester Boy: Midi Kullan\u0131m Alan\u0131: G\u00fcnl\u00fck Giyim, Ofis Giyim Koton&#8217;un zarif etek tasar\u0131mlar\u0131yla trend kombinler yarat\u0131n. \u015e\u0131kl\u0131\u011f\u0131n\u0131z\u0131 \u015fimdi Koton ile tamamlay\u0131n!<\/p>\n<p>\u2014 Technical Details \u2014<br \/>\nKuma\u015f: %100 Elastomultiester<br \/>\nSil\u00fcet: Klo\u015f (Yar\u0131m Daire)<br \/>\nBel Y\u00fcksekli\u011fi: Standart Bel<br \/>\n\u00dcr\u00fcn Tipi \/ Stil: Klo\u015f (Yar\u0131m Daire)<br \/>\n\u00dcr\u00fcn\u00fcn Alt Markas\u0131: City fashion<br \/>\nSat\u0131c\u0131\/\u0130malat\u00e7\u0131\/\u0130thalat\u00e7\u0131 \u0130smi: Koton Ma\u011fazac\u0131l\u0131k Tekstil Sanayi ve Ticaret A.\u015e.<br \/>\nPosta Adresi: Ayaza\u011fa Mah. Maslak Ayaza\u011fa Cad. No:3 \u0130\u00e7 Kap\u0131 No:5 Sar\u0131yer\/\u0130stanbul<br \/>\nE-Posta Adresi: mim@koton.com<\/p>\n","protected":false},"excerpt":{"rendered":"<p>Krep Kuma\u015f Kemer Detayl\u0131 A Kesim Midi Etek at Koton.com with discounted prices! Krep Kuma\u015f Kemer Detayl\u0131 A Kesim Midi Etek 1399.99 TL only Click now to buy! | Koton Midi etek, zarif ve modern tasar\u0131m\u0131yla dikkat \u00e7ekiyor. Krep kuma\u015f yap\u0131s\u0131 sayesinde ak\u0131c\u0131 bir duru\u015f sergilenirken, A kesim sil\u00fceti ile hareket \u00f6zg\u00fcrl\u00fc\u011f\u00fc sunuyor. Bel k\u0131sm\u0131nda [&hellip;]<\/p>\n","protected":false},"featured_media":209233,"comment_status":"open","ping_status":"closed","template":"","meta":[],"product_brand":[],"product_cat":[12479],"product_tag":[4848,4897,7426,6744,8039,7948,7621,6754],"class_list":{"0":"post-209246","1":"product","2":"type-product","3":"status-publish","4":"has-post-thumbnail","6":"product_cat-gunluk-giyim","7":"product_tag-a-line-skirt","8":"product_tag-belted-waist","9":"product_tag-gunluk-giyim-3","10":"product_tag-kadin-modasi","11":"product_tag-koton","12":"product_tag-krep-kumas","13":"product_tag-midi-etek","14":"product_tag-ofis-kiyafeti","15":"pa_brand-koton","16":"pa_color-siyah","17":"pa_size-4698","18":"pa_size-4701","19":"pa_size-4706","20":"pa_size-4711","21":"pa_size-4713","23":"first","24":"instock","25":"shipping-taxable","26":"purchasable","27":"product-type-variable"},"_links":{"self":[{"href":"https:\/\/mod.wisdar.net\/tr\/wp-json\/wp\/v2\/product\/209246","targetHints":{"allow":["GET"]}}],"collection":[{"href":"https:\/\/mod.wisdar.net\/tr\/wp-json\/wp\/v2\/product"}],"about":[{"href":"https:\/\/mod.wisdar.net\/tr\/wp-json\/wp\/v2\/types\/product"}],"replies":[{"embeddable":true,"href":"https:\/\/mod.wisdar.net\/tr\/wp-json\/wp\/v2\/comments?post=209246"}],"wp:featuredmedia":[{"embeddable":true,"href":"https:\/\/mod.wisdar.net\/tr\/wp-json\/wp\/v2\/media\/209233"}],"wp:attachment":[{"href":"https:\/\/mod.wisdar.net\/tr\/wp-json\/wp\/v2\/media?parent=209246"}],"wp:term":[{"taxonomy":"product_brand","embeddable":true,"href":"https:\/\/mod.wisdar.net\/tr\/wp-json\/wp\/v2\/product_brand?post=209246"},{"taxonomy":"product_cat","embeddable":true,"href":"https:\/\/mod.wisdar.net\/tr\/wp-json\/wp\/v2\/product_cat?post=209246"},{"taxonomy":"product_tag","embeddable":true,"href":"https:\/\/mod.wisdar.net\/tr\/wp-json\/wp\/v2\/product_tag?post=209246"}],"curies":[{"name":"wp","href":"https:\/\/api.w.org\/{rel}","templated":true}]}}