{"id":209273,"date":"2026-04-05T20:52:24","date_gmt":"2026-04-05T20:52:24","guid":{"rendered":"https:\/\/modesthanim.com\/product\/pamuklu-katli-klos-tam-daire-uzun-cicekli-poplin-etek\/"},"modified":"2026-04-15T21:02:03","modified_gmt":"2026-04-15T21:02:03","slug":"pamuklu-katli-klos-tam-daire-uzun-cicekli-poplin-etek","status":"publish","type":"product","link":"https:\/\/mod.wisdar.net\/tr\/urun\/pamuklu-katli-klos-tam-daire-uzun-cicekli-poplin-etek\/","title":{"rendered":"Pamuklu Katl\u0131 Klo\u015f Tam Daire Uzun \u00c7i\u00e7ekli Poplin Etek"},"content":{"rendered":"<p>\u00c7i\u00e7ekli poplin etek, zarif deseni ve katl\u0131 tasar\u0131m\u0131 ile stilinize hareket kat\u0131yor. Rahat kal\u0131b\u0131 sayesinde konforlu bir kullan\u0131m sunarken pamuklu yap\u0131s\u0131yla do\u011fal bir his sa\u011fl\u0131yor. Klo\u015f ve tam daire kesimi feminen bir sil\u00fcet olu\u015fturuyor. Poplin kuma\u015f\u0131 ile kaliteli ve \u015f\u0131k bir duru\u015f sergiliyor. Stil \u00d6nerisi Uzun etek, ti\u015f\u00f6rt ve spor ayakkab\u0131larla g\u00fcnl\u00fck stilinize rahatl\u0131k kat\u0131yor. \u00d6zel g\u00fcnlerde ise topuklu sandaletler ve bluzlarla kombinlenerek zarif bir g\u00f6r\u00fcn\u00fcm sunuyor. Minimal aksesuarlar ve \u00e7apraz \u00e7antalar ile tamamlad\u0131\u011f\u0131n\u0131zda modern ve sofistike bir tarz yaratabilirsiniz. \u00dcr\u00fcn \u00d6zellikleri Bel Tipi: Normal Bel Fit: Bol Kal\u0131p Boy: Uzun Kuma\u015f: %100 Pamuk Sil\u00fcet: Klo\u015f Kullan\u0131m Alan\u0131: G\u00fcnl\u00fck Giyim, \u00d6zel G\u00fcnler Koton etek modelleriyle \u015f\u0131kl\u0131\u011f\u0131n\u0131z\u0131 her an sergileyin. \u015eimdi trend kombinler yarat\u0131n! Respect Life \u2013 Ya\u015fama Sayg\u0131 | El eme\u011fi ile \u00fcreten kad\u0131nlar\u0131m\u0131z\u0131 destekliyoruz. Koton&#8217;un insana ve topluma de\u011fer katma, gelecek nesillere daha ya\u015fan\u0131labilir bir d\u00fcnya b\u0131rakma duyarl\u0131l\u0131\u011f\u0131yla haz\u0131rlad\u0131\u011f\u0131 koleksiyonu ke\u015ffedin.<\/p>\n<p>\u2014 Technical Details \u2014<br \/>\nModel Bilgileri: Boy: 22 \/ Bel: 62 \/ G\u00f6\u011f\u00fcs: 80 \/ Kal\u00e7a: 88<br \/>\nSil\u00fcet: Klo\u015f (Tam Daire)<br \/>\nBel Y\u00fcksekli\u011fi: Standart Bel<br \/>\n\u00dcr\u00fcn Tipi \/ Stil: Klo\u015f (Tam Daire)<br \/>\n\u00dcr\u00fcn\u00fcn Alt Markas\u0131: City fashion<br \/>\nSat\u0131c\u0131\/\u0130malat\u00e7\u0131\/\u0130thalat\u00e7\u0131 \u0130smi: Koton Ma\u011fazac\u0131l\u0131k Tekstil Sanayi ve Ticaret A.\u015e.<br \/>\nPosta Adresi: Ayaza\u011fa Mah. Maslak Ayaza\u011fa Cad. No:3 \u0130\u00e7 Kap\u0131 No:5 Sar\u0131yer\/\u0130stanbul<br \/>\nE-Posta Adresi: mim@koton.com<\/p>\n","protected":false},"excerpt":{"rendered":"<p>\u00c7i\u00e7ekli poplin etek, zarif deseni ve katl\u0131 tasar\u0131m\u0131 ile stilinize hareket kat\u0131yor. Rahat kal\u0131b\u0131 sayesinde konforlu bir kullan\u0131m sunarken pamuklu yap\u0131s\u0131yla do\u011fal bir his sa\u011fl\u0131yor. Klo\u015f ve tam daire kesimi feminen bir sil\u00fcet olu\u015fturuyor. Poplin kuma\u015f\u0131 ile kaliteli ve \u015f\u0131k bir duru\u015f sergiliyor. Stil \u00d6nerisi Uzun etek, ti\u015f\u00f6rt ve spor ayakkab\u0131larla g\u00fcnl\u00fck stilinize rahatl\u0131k kat\u0131yor. [&hellip;]<\/p>\n","protected":false},"featured_media":209258,"comment_status":"open","ping_status":"closed","template":"","meta":[],"product_brand":[],"product_cat":[12479],"product_tag":[7426,6744,8247,6772,7601],"class_list":{"0":"post-209273","1":"product","2":"type-product","3":"status-publish","4":"has-post-thumbnail","6":"product_cat-gunluk-giyim","7":"product_tag-gunluk-giyim-3","8":"product_tag-kadin-modasi","9":"product_tag-klos-etek","10":"product_tag-ozel-gun","11":"product_tag-uzun-etek","12":"pa_brand-koton","13":"pa_color-mavi-desenli","14":"pa_size-4698","15":"pa_size-4701","16":"pa_size-4706","17":"pa_size-4711","18":"pa_size-4713","19":"pa_size-4751","20":"pa_size-4749","21":"pa_size-4747","23":"first","24":"instock","25":"sale","26":"shipping-taxable","27":"purchasable","28":"product-type-variable"},"_links":{"self":[{"href":"https:\/\/mod.wisdar.net\/tr\/wp-json\/wp\/v2\/product\/209273","targetHints":{"allow":["GET"]}}],"collection":[{"href":"https:\/\/mod.wisdar.net\/tr\/wp-json\/wp\/v2\/product"}],"about":[{"href":"https:\/\/mod.wisdar.net\/tr\/wp-json\/wp\/v2\/types\/product"}],"replies":[{"embeddable":true,"href":"https:\/\/mod.wisdar.net\/tr\/wp-json\/wp\/v2\/comments?post=209273"}],"wp:featuredmedia":[{"embeddable":true,"href":"https:\/\/mod.wisdar.net\/tr\/wp-json\/wp\/v2\/media\/209258"}],"wp:attachment":[{"href":"https:\/\/mod.wisdar.net\/tr\/wp-json\/wp\/v2\/media?parent=209273"}],"wp:term":[{"taxonomy":"product_brand","embeddable":true,"href":"https:\/\/mod.wisdar.net\/tr\/wp-json\/wp\/v2\/product_brand?post=209273"},{"taxonomy":"product_cat","embeddable":true,"href":"https:\/\/mod.wisdar.net\/tr\/wp-json\/wp\/v2\/product_cat?post=209273"},{"taxonomy":"product_tag","embeddable":true,"href":"https:\/\/mod.wisdar.net\/tr\/wp-json\/wp\/v2\/product_tag?post=209273"}],"curies":[{"name":"wp","href":"https:\/\/api.w.org\/{rel}","templated":true}]}}