{"id":209330,"date":"2026-04-05T20:53:24","date_gmt":"2026-04-05T20:53:24","guid":{"rendered":"https:\/\/modesthanim.com\/product\/dugmeli-cep-detayli-uzun-kollu-kruvaze-yaka-blazer-ceket\/"},"modified":"2026-04-12T22:32:12","modified_gmt":"2026-04-12T22:32:12","slug":"dugmeli-cep-detayli-uzun-kollu-kruvaze-yaka-blazer-ceket","status":"publish","type":"product","link":"https:\/\/mod.wisdar.net\/tr\/urun\/dugmeli-cep-detayli-uzun-kollu-kruvaze-yaka-blazer-ceket\/","title":{"rendered":"D\u00fc\u011fmeli Cep Detayl\u0131 Uzun Kollu Kruvaze Yaka Blazer Ceket"},"content":{"rendered":"<p>D\u00fc\u011fmeli Cep Detayl\u0131 Uzun Kollu Kruvaze Yaka Blazer Ceket at Koton.com with discounted prices! D\u00fc\u011fmeli Cep Detayl\u0131 Uzun Kollu Kruvaze Yaka Blazer Ceket 2999.99 TL only Click now to buy! | Koton<\/p>\n<p>\u2014 Technical Details \u2014<br \/>\nKuma\u015f: %71 POL\u0130ESTER, %5 ELASTAN, %24 V\u0130SKOZ<br \/>\nKol Boyu: Uzun Kol<br \/>\nKol Tipi: D\u00fc\u015f\u00fck Omuz<br \/>\nYaka Tipi: Kruvaze yaka<br \/>\nAstar: %100 POL\u0130ESTER<br \/>\nSil\u00fcet: Klasik<br \/>\n\u00dcr\u00fcn Tipi \/ Stil: Klasik<br \/>\n\u00dcr\u00fcn\u00fcn Alt Markas\u0131: City fashion<br \/>\nSat\u0131c\u0131\/\u0130malat\u00e7\u0131\/\u0130thalat\u00e7\u0131 \u0130smi: Koton Ma\u011fazac\u0131l\u0131k Tekstil Sanayi ve Ticaret A.\u015e.<br \/>\nPosta Adresi: Ayaza\u011fa Mah. Maslak Ayaza\u011fa Cad. No:3 \u0130\u00e7 Kap\u0131 No:5 Sar\u0131yer\/\u0130stanbul<br \/>\nE-Posta Adresi: mim@koton.com<\/p>\n","protected":false},"excerpt":{"rendered":"<p>D\u00fc\u011fmeli Cep Detayl\u0131 Uzun Kollu Kruvaze Yaka Blazer Ceket at Koton.com with discounted prices! D\u00fc\u011fmeli Cep Detayl\u0131 Uzun Kollu Kruvaze Yaka Blazer Ceket 2999.99 TL only Click now to buy! | Koton \u2014 Technical Details \u2014 Kuma\u015f: %71 POL\u0130ESTER, %5 ELASTAN, %24 V\u0130SKOZ Kol Boyu: Uzun Kol Kol Tipi: D\u00fc\u015f\u00fck Omuz Yaka Tipi: Kruvaze yaka [&hellip;]<\/p>\n","protected":false},"featured_media":209316,"comment_status":"open","ping_status":"closed","template":"","meta":[],"product_brand":[],"product_cat":[2050],"product_tag":[],"class_list":{"0":"post-209330","1":"product","2":"type-product","3":"status-publish","4":"has-post-thumbnail","6":"product_cat-blazer-ceketler","7":"pa_brand-koton","8":"pa_color-kirik-beyaz-2","9":"pa_size-4698","10":"pa_size-4701","11":"pa_size-4706","12":"pa_size-4711","13":"pa_size-4713","15":"first","16":"instock","17":"sale","18":"shipping-taxable","19":"purchasable","20":"product-type-variable"},"_links":{"self":[{"href":"https:\/\/mod.wisdar.net\/tr\/wp-json\/wp\/v2\/product\/209330","targetHints":{"allow":["GET"]}}],"collection":[{"href":"https:\/\/mod.wisdar.net\/tr\/wp-json\/wp\/v2\/product"}],"about":[{"href":"https:\/\/mod.wisdar.net\/tr\/wp-json\/wp\/v2\/types\/product"}],"replies":[{"embeddable":true,"href":"https:\/\/mod.wisdar.net\/tr\/wp-json\/wp\/v2\/comments?post=209330"}],"wp:featuredmedia":[{"embeddable":true,"href":"https:\/\/mod.wisdar.net\/tr\/wp-json\/wp\/v2\/media\/209316"}],"wp:attachment":[{"href":"https:\/\/mod.wisdar.net\/tr\/wp-json\/wp\/v2\/media?parent=209330"}],"wp:term":[{"taxonomy":"product_brand","embeddable":true,"href":"https:\/\/mod.wisdar.net\/tr\/wp-json\/wp\/v2\/product_brand?post=209330"},{"taxonomy":"product_cat","embeddable":true,"href":"https:\/\/mod.wisdar.net\/tr\/wp-json\/wp\/v2\/product_cat?post=209330"},{"taxonomy":"product_tag","embeddable":true,"href":"https:\/\/mod.wisdar.net\/tr\/wp-json\/wp\/v2\/product_tag?post=209330"}],"curies":[{"name":"wp","href":"https:\/\/api.w.org\/{rel}","templated":true}]}}