{"id":209451,"date":"2026-04-05T20:55:18","date_gmt":"2026-04-05T20:55:18","guid":{"rendered":"https:\/\/modesthanim.com\/product\/regular-fit-viskon-kupro-kumas-cepli-kisa-kollu-gomlek\/"},"modified":"2026-04-12T22:33:08","modified_gmt":"2026-04-12T22:33:08","slug":"regular-fit-viskon-kupro-kumas-cepli-kisa-kollu-gomlek","status":"publish","type":"product","link":"https:\/\/mod.wisdar.net\/tr\/urun\/regular-fit-viskon-kupro-kumas-cepli-kisa-kollu-gomlek\/","title":{"rendered":"Regular Fit Viskon Kupro Kuma\u015f Cepli K\u0131sa Kollu G\u00f6mlek"},"content":{"rendered":"<p>Regular fit kesimi ve k\u0131sa kollu yap\u0131s\u0131 ile \u00f6ne \u00e7\u0131kan g\u00f6mlek, rahat kullan\u0131m sunuyor. Klasik yaka tasar\u0131m\u0131 ile modern bir g\u00f6r\u00fcn\u00fcm kazand\u0131r\u0131yor. \u00d6n y\u00fcz\u00fcnde bulunan kapakl\u0131 \u00e7ift cepli tasar\u0131m\u0131 g\u00f6mle\u011fe i\u015flevsellik katarken g\u00fcnl\u00fck kombinler i\u00e7in ideal bir se\u00e7im sunuyor. Kaliteli kuma\u015f\u0131 ve yumu\u015fak dokusuyla konforlu bir giyim deneyimi sa\u011fl\u0131yor. Stil \u00d6nerisi G\u00f6mle\u011fi, geni\u015f pa\u00e7a pantolonlar ve loafer ayakkab\u0131larla kombinleyerek sofistike bir g\u00f6r\u00fcn\u00fcm elde edebilirsiniz. Daha rahat bir tarz i\u00e7in denim pantolon ve spor ayakkab\u0131larla tamamlayarak g\u00fcnl\u00fck stilinize modern bir dokunu\u015f katabilirsiniz. Minimal aksesuarlarla g\u00f6r\u00fcn\u00fcm\u00fcn\u00fcz\u00fc zenginle\u015ftirebilirsiniz. \u00dcr\u00fcn \u00d6zellikleri Kol Tipi: K\u0131sa Kollu Yaka Tipi: Klasik Yaka Cep: Kapakl\u0131 \u00c7ift Cep Fit: Regular Fit Kuma\u015f: %90 Viskon, %10 Polyester Kullan\u0131m Alan\u0131: G\u00fcnl\u00fck Giyim, Ofis Giyim Koton g\u00f6mlek koleksiyonuyla stilinize modern bir hava kat\u0131n. Rahat ve \u015f\u0131k kombinler yaratmak i\u00e7in \u015fimdi deneyin!<\/p>\n<p>\u2014 Technical Details \u2014<br \/>\nmodel_measurements: Boy: 175 \/ Bel: 61 \/ G\u00f6\u011f\u00fcs: 81 \/ Kal\u00e7a: 91<br \/>\nsleeve_length: K\u0131sa Kol<br \/>\nsleeve_type: D\u00fc\u015f\u00fck Omuz<br \/>\ncollar_type: G\u00f6mlek Yaka<br \/>\nsilhouette: Basic<br \/>\nproduct_type: Basic<br \/>\nsub_brand: City fashion<\/p>\n","protected":false},"excerpt":{"rendered":"<p>Regular fit kesimi ve k\u0131sa kollu yap\u0131s\u0131 ile \u00f6ne \u00e7\u0131kan g\u00f6mlek, rahat kullan\u0131m sunuyor. Klasik yaka tasar\u0131m\u0131 ile modern bir g\u00f6r\u00fcn\u00fcm kazand\u0131r\u0131yor. \u00d6n y\u00fcz\u00fcnde bulunan kapakl\u0131 \u00e7ift cepli tasar\u0131m\u0131 g\u00f6mle\u011fe i\u015flevsellik katarken g\u00fcnl\u00fck kombinler i\u00e7in ideal bir se\u00e7im sunuyor. Kaliteli kuma\u015f\u0131 ve yumu\u015fak dokusuyla konforlu bir giyim deneyimi sa\u011fl\u0131yor. Stil \u00d6nerisi G\u00f6mle\u011fi, geni\u015f pa\u00e7a pantolonlar [&hellip;]<\/p>\n","protected":false},"featured_media":209440,"comment_status":"open","ping_status":"closed","template":"","meta":[],"product_brand":[],"product_cat":[12479],"product_tag":[7426,6845,6754],"class_list":{"0":"post-209451","1":"product","2":"type-product","3":"status-publish","4":"has-post-thumbnail","6":"product_cat-gunluk-giyim","7":"product_tag-gunluk-giyim-3","8":"product_tag-modern-stil","9":"product_tag-ofis-kiyafeti","10":"pa_brand-koton","11":"pa_color-haki","12":"pa_size-4698","13":"pa_size-4701","14":"pa_size-4706","15":"pa_size-4711","16":"pa_size-4713","17":"pa_size-4751","19":"first","20":"instock","21":"shipping-taxable","22":"purchasable","23":"product-type-variable"},"_links":{"self":[{"href":"https:\/\/mod.wisdar.net\/tr\/wp-json\/wp\/v2\/product\/209451","targetHints":{"allow":["GET"]}}],"collection":[{"href":"https:\/\/mod.wisdar.net\/tr\/wp-json\/wp\/v2\/product"}],"about":[{"href":"https:\/\/mod.wisdar.net\/tr\/wp-json\/wp\/v2\/types\/product"}],"replies":[{"embeddable":true,"href":"https:\/\/mod.wisdar.net\/tr\/wp-json\/wp\/v2\/comments?post=209451"}],"wp:featuredmedia":[{"embeddable":true,"href":"https:\/\/mod.wisdar.net\/tr\/wp-json\/wp\/v2\/media\/209440"}],"wp:attachment":[{"href":"https:\/\/mod.wisdar.net\/tr\/wp-json\/wp\/v2\/media?parent=209451"}],"wp:term":[{"taxonomy":"product_brand","embeddable":true,"href":"https:\/\/mod.wisdar.net\/tr\/wp-json\/wp\/v2\/product_brand?post=209451"},{"taxonomy":"product_cat","embeddable":true,"href":"https:\/\/mod.wisdar.net\/tr\/wp-json\/wp\/v2\/product_cat?post=209451"},{"taxonomy":"product_tag","embeddable":true,"href":"https:\/\/mod.wisdar.net\/tr\/wp-json\/wp\/v2\/product_tag?post=209451"}],"curies":[{"name":"wp","href":"https:\/\/api.w.org\/{rel}","templated":true}]}}