{"id":20949,"date":"2025-11-02T14:36:06","date_gmt":"2025-11-02T14:36:06","guid":{"rendered":"https:\/\/modesthanim.com\/product\/beyaz-genis-paca-kot-pantolon-2\/"},"modified":"2026-02-19T02:36:47","modified_gmt":"2026-02-19T02:36:47","slug":"beyaz-genis-paca-kot-pantolon-2","status":"publish","type":"product","link":"https:\/\/mod.wisdar.net\/tr\/urun\/beyaz-genis-paca-kot-pantolon-2\/","title":{"rendered":"Beyaz Geni\u015f Pa\u00e7a Kot Pantolon"},"content":{"rendered":"<p>Beyaz Geni\u015f Pa\u00e7a Kot Pantolonumuz ile modern ve rahat bir stil yakalay\u0131n. Kombininizi tamamlamak i\u00e7in ALLDAY&#8217;in Pantolon kategorisindeki di\u011fer modelleri ke\u015ffedin. \u015eimdi ke\u015ffet!<\/p>\n<p>\u2014 Teknik Detaylar \u2014<br \/>\nSezon: 25-Yaz<br \/>\nKuma\u015f \u0130\u00e7eri\u011fi: %98 Co, %2 Ea 9.75 Oz<br \/>\nKuma\u015f Grubu: Tencel<br \/>\nCep Detay\u0131: Yan Cep<br \/>\nBoy \/ Uzunluk: 100 CM<br \/>\nTasar\u0131m D\u00f6nemi: 25-Yaz<br \/>\nKal\u0131p: RAHAT KES\u0130M<br \/>\nPa\u00e7a: Geni\u015f Pa\u00e7a<br \/>\nBel: Elastik<br \/>\nDesen: D\u00fcz<br \/>\nTema: 2.LADY<br \/>\n\u00c7izgi: ZARAFET<br \/>\n\u00dcr\u00fcn Lig: A Kalite<br \/>\nMevsimlik Sat\u0131\u015f D\u00f6nemi: \u0130lkbahar<br \/>\nY\u0131kama Talimatlar\u0131: 40\u00b0&#8217;ye kadar y\u0131kanabilir<br \/>\nMalzeme T\u00fcr\u00fc: Kot<\/p>\n","protected":false},"excerpt":{"rendered":"<p>Beyaz Geni\u015f Pa\u00e7a Kot Pantolonumuz ile modern ve rahat bir stil yakalay\u0131n. Kombininizi tamamlamak i\u00e7in ALLDAY&#8217;in Pantolon kategorisindeki di\u011fer modelleri ke\u015ffedin. \u015eimdi ke\u015ffet! \u2014 Teknik Detaylar \u2014 Sezon: 25-Yaz Kuma\u015f \u0130\u00e7eri\u011fi: %98 Co, %2 Ea 9.75 Oz Kuma\u015f Grubu: Tencel Cep Detay\u0131: Yan Cep Boy \/ Uzunluk: 100 CM Tasar\u0131m D\u00f6nemi: 25-Yaz Kal\u0131p: RAHAT KES\u0130M [&hellip;]<\/p>\n","protected":false},"featured_media":0,"comment_status":"open","ping_status":"closed","template":"","meta":[],"product_brand":[],"product_cat":[1882],"product_tag":[7294,7490,7844,5012,6749],"class_list":{"0":"post-20949","1":"product","2":"type-product","3":"status-publish","5":"product_cat-alt-giyim","6":"product_tag-beyaz","7":"product_tag-bol-paca-2","8":"product_tag-denim","9":"product_tag-elegant","10":"product_tag-pantolon","11":"pa_brand-allday","12":"pa_color-beyaz","13":"pa_size-4701","14":"pa_size-4706","15":"pa_size-4711","16":"pa_size-4713","17":"pa_size-4751","19":"first","20":"instock","21":"sale","22":"shipping-taxable","23":"purchasable","24":"product-type-variable"},"_links":{"self":[{"href":"https:\/\/mod.wisdar.net\/tr\/wp-json\/wp\/v2\/product\/20949","targetHints":{"allow":["GET"]}}],"collection":[{"href":"https:\/\/mod.wisdar.net\/tr\/wp-json\/wp\/v2\/product"}],"about":[{"href":"https:\/\/mod.wisdar.net\/tr\/wp-json\/wp\/v2\/types\/product"}],"replies":[{"embeddable":true,"href":"https:\/\/mod.wisdar.net\/tr\/wp-json\/wp\/v2\/comments?post=20949"}],"wp:attachment":[{"href":"https:\/\/mod.wisdar.net\/tr\/wp-json\/wp\/v2\/media?parent=20949"}],"wp:term":[{"taxonomy":"product_brand","embeddable":true,"href":"https:\/\/mod.wisdar.net\/tr\/wp-json\/wp\/v2\/product_brand?post=20949"},{"taxonomy":"product_cat","embeddable":true,"href":"https:\/\/mod.wisdar.net\/tr\/wp-json\/wp\/v2\/product_cat?post=20949"},{"taxonomy":"product_tag","embeddable":true,"href":"https:\/\/mod.wisdar.net\/tr\/wp-json\/wp\/v2\/product_tag?post=20949"}],"curies":[{"name":"wp","href":"https:\/\/api.w.org\/{rel}","templated":true}]}}