{"id":209498,"date":"2026-04-05T20:56:10","date_gmt":"2026-04-05T20:56:10","guid":{"rendered":"https:\/\/modesthanim.com\/product\/slim-fit-kisa-kollu-bisiklet-yaka-cizgili-tisort\/"},"modified":"2026-04-12T22:33:48","modified_gmt":"2026-04-12T22:33:48","slug":"slim-fit-kisa-kollu-bisiklet-yaka-cizgili-tisort","status":"publish","type":"product","link":"https:\/\/mod.wisdar.net\/tr\/urun\/slim-fit-kisa-kollu-bisiklet-yaka-cizgili-tisort\/","title":{"rendered":"Slim Fit K\u0131sa Kollu Bisiklet Yaka \u00c7izgili Ti\u015f\u00f6rt"},"content":{"rendered":"<p>Slim fit k\u0131sa kollu \u00e7izgili ti\u015f\u00f6rt, g\u00fcn\u00fcn her an\u0131nda \u015f\u0131kl\u0131\u011f\u0131 ve konforu bir arada sunuyor. Bisiklet yaka tasar\u0131m\u0131 ile g\u00fcnl\u00fck kullan\u0131ma uygun olan ti\u015f\u00f6rt, drape detay\u0131yla dikkat \u00e7ekiyor. Pamuk kar\u0131\u015f\u0131ml\u0131 kuma\u015f\u0131 nefes alabilirli\u011fin yan\u0131 s\u0131ra rahat bir giyim deneyimi sa\u011fl\u0131yor. Rahat kal\u0131b\u0131 ve zarif \u00e7izgileriyle v\u00fccut hatlar\u0131n\u0131z\u0131 \u015f\u0131k bir \u015fekilde \u00f6ne \u00e7\u0131kar\u0131yor. Ti\u015f\u00f6rt, hem spor giyim kombinlerinize hem de g\u00fcnl\u00fck \u015f\u0131kl\u0131\u011f\u0131n\u0131za uygun tasar\u0131m\u0131yla favoriler aras\u0131nda yer al\u0131yor. Stil \u00d6nerisi K\u0131sa kollu ti\u015f\u00f6rt\u00fc, y\u00fcksek bel denim \u015fortlarla kombinleyerek yaz aylar\u0131nda rahat ve stil sahibi g\u00f6r\u00fcnebilirsiniz. Sneakers ve \u00e7apraz ask\u0131l\u0131 bir \u00e7anta ile tamamlad\u0131\u011f\u0131n\u0131zda hem g\u00fcnl\u00fck aktiviteler hem de arkada\u015f bulu\u015fmalar\u0131 i\u00e7in harika bir kombin elde edebilirsiniz. Daha \u015f\u0131k bir g\u00f6r\u00fcn\u00fcm i\u00e7in ise mini etek ve ince topuklu sandaletlerle kombinleyerek yaz ak\u015famlar\u0131nda dikkat \u00e7ekici bir tarz yakalayabilirsiniz. \u00dcr\u00fcn \u00d6zellikleri Kol Tipi: K\u0131sa Kol Yaka Tipi: Bisiklet Yaka Fit: Slim Fit Kuma\u015f: %64 Pamuk, %12 Viskon, %24 Polyester Kullan\u0131m Alan\u0131: G\u00fcnl\u00fck Giyim, Spor Giyim Koton ti\u015f\u00f6rt modelleri ile trend kombinler yarat\u0131n. Kombinlerinize \u015fimdi modern ve rahat bir hava kat\u0131n!<\/p>\n","protected":false},"excerpt":{"rendered":"<p>Slim fit k\u0131sa kollu \u00e7izgili ti\u015f\u00f6rt, g\u00fcn\u00fcn her an\u0131nda \u015f\u0131kl\u0131\u011f\u0131 ve konforu bir arada sunuyor. Bisiklet yaka tasar\u0131m\u0131 ile g\u00fcnl\u00fck kullan\u0131ma uygun olan ti\u015f\u00f6rt, drape detay\u0131yla dikkat \u00e7ekiyor. Pamuk kar\u0131\u015f\u0131ml\u0131 kuma\u015f\u0131 nefes alabilirli\u011fin yan\u0131 s\u0131ra rahat bir giyim deneyimi sa\u011fl\u0131yor. Rahat kal\u0131b\u0131 ve zarif \u00e7izgileriyle v\u00fccut hatlar\u0131n\u0131z\u0131 \u015f\u0131k bir \u015fekilde \u00f6ne \u00e7\u0131kar\u0131yor. Ti\u015f\u00f6rt, hem spor [&hellip;]<\/p>\n","protected":false},"featured_media":209489,"comment_status":"open","ping_status":"closed","template":"","meta":[],"product_brand":[],"product_cat":[12479],"product_tag":[8110,7426,7430,7425,7424],"class_list":{"0":"post-209498","1":"product","2":"type-product","3":"status-publish","4":"has-post-thumbnail","6":"product_cat-gunluk-giyim","7":"product_tag-bisiklet-yaka-2","8":"product_tag-gunluk-giyim-3","9":"product_tag-gunluk-kombin","10":"product_tag-pamuk-karisimi","11":"product_tag-spor-giyim","12":"pa_brand-koton","13":"pa_color-beyaz-cizgili","14":"pa_size-3xl","15":"pa_size-l","16":"pa_size-m","17":"pa_size-s","18":"pa_size-xl","19":"pa_size-xxl","21":"first","22":"outofstock","23":"shipping-taxable","24":"product-type-variable"},"_links":{"self":[{"href":"https:\/\/mod.wisdar.net\/tr\/wp-json\/wp\/v2\/product\/209498","targetHints":{"allow":["GET"]}}],"collection":[{"href":"https:\/\/mod.wisdar.net\/tr\/wp-json\/wp\/v2\/product"}],"about":[{"href":"https:\/\/mod.wisdar.net\/tr\/wp-json\/wp\/v2\/types\/product"}],"replies":[{"embeddable":true,"href":"https:\/\/mod.wisdar.net\/tr\/wp-json\/wp\/v2\/comments?post=209498"}],"wp:featuredmedia":[{"embeddable":true,"href":"https:\/\/mod.wisdar.net\/tr\/wp-json\/wp\/v2\/media\/209489"}],"wp:attachment":[{"href":"https:\/\/mod.wisdar.net\/tr\/wp-json\/wp\/v2\/media?parent=209498"}],"wp:term":[{"taxonomy":"product_brand","embeddable":true,"href":"https:\/\/mod.wisdar.net\/tr\/wp-json\/wp\/v2\/product_brand?post=209498"},{"taxonomy":"product_cat","embeddable":true,"href":"https:\/\/mod.wisdar.net\/tr\/wp-json\/wp\/v2\/product_cat?post=209498"},{"taxonomy":"product_tag","embeddable":true,"href":"https:\/\/mod.wisdar.net\/tr\/wp-json\/wp\/v2\/product_tag?post=209498"}],"curies":[{"name":"wp","href":"https:\/\/api.w.org\/{rel}","templated":true}]}}