{"id":209542,"date":"2026-04-05T20:56:46","date_gmt":"2026-04-05T20:56:46","guid":{"rendered":"https:\/\/modesthanim.com\/product\/dar-kesim-nervur-detayli-ispanyol-paca-kumas-pantolon\/"},"modified":"2026-04-15T22:24:55","modified_gmt":"2026-04-15T22:24:55","slug":"dar-kesim-nervur-detayli-ispanyol-paca-kumas-pantolon","status":"publish","type":"product","link":"https:\/\/mod.wisdar.net\/tr\/urun\/dar-kesim-nervur-detayli-ispanyol-paca-kumas-pantolon\/","title":{"rendered":"Dar Kesim Nerv\u00fcr Detayl\u0131 \u0130spanyol Pa\u00e7a Kuma\u015f Pantolon"},"content":{"rendered":"<p>\u0130spanyol pa\u00e7a kuma\u015f pantolon, zamans\u0131z bir stil arayanlar i\u00e7in ideal bir par\u00e7a sunuyor. Dar kesimi ve \u0130spanyol pa\u00e7a sil\u00fceti sayesinde feminen bir g\u00f6r\u00fcn\u00fcm yakalarken kaliteli kuma\u015f\u0131 ile birlikte konforlu bir deneyim sa\u011fl\u0131yor. Normal beli ve uzun boyu farkl\u0131 \u00fcstlerle kolayca kombinlenebilecek esneklik sunuyor. Nerv\u00fcrl\u00fc detaylar\u0131 ise stilinize modern ve sofistike bir dokunu\u015f kat\u0131yor. Stil \u00d6nerisi Pantolon, \u015f\u0131k bir bluz ve topuklu ayakkab\u0131larla ofis stilinizi g\u00fc\u00e7lendiriyor. G\u00fcnl\u00fck kombinlerdeyse sala\u015f bir ti\u015f\u00f6rt ve spor ayakkab\u0131yla rahat bir \u015f\u0131kl\u0131k sunuyor. So\u011fuk havalarda ise tren\u00e7kot veya klasik bir kabanla stilinizi tamamlayabilirsiniz. Aksesuar se\u00e7iminde minimal yakla\u015f\u0131mlar sayesinde daha sofistike bir g\u00f6r\u00fcn\u00fcm elde edebilirsiniz. \u00dcr\u00fcn \u00d6zellikleri Bel Tipi: Normal Bel Fit Tipi: Dar Kesim Pa\u00e7a : \u0130spanyol Pa\u00e7a Detay: Nerv\u00fcrl\u00fc Kuma\u015f: %35 Viskoz, %7 Elastan, %34 Poliamid, %24 Polyester Kullan\u0131m Alan\u0131: G\u00fcnl\u00fck Giyim, Ofis Giyim, \u00d6zel G\u00fcnler Koton pantolon koleksiyonuyla gard\u0131robunuza modern bir dokunu\u015f kat\u0131n. Hem \u015f\u0131kl\u0131\u011f\u0131 hem de konforu bir araya getiren modelleri \u015fimdi deneyin!<\/p>\n","protected":false},"excerpt":{"rendered":"<p>\u0130spanyol pa\u00e7a kuma\u015f pantolon, zamans\u0131z bir stil arayanlar i\u00e7in ideal bir par\u00e7a sunuyor. Dar kesimi ve \u0130spanyol pa\u00e7a sil\u00fceti sayesinde feminen bir g\u00f6r\u00fcn\u00fcm yakalarken kaliteli kuma\u015f\u0131 ile birlikte konforlu bir deneyim sa\u011fl\u0131yor. Normal beli ve uzun boyu farkl\u0131 \u00fcstlerle kolayca kombinlenebilecek esneklik sunuyor. Nerv\u00fcrl\u00fc detaylar\u0131 ise stilinize modern ve sofistike bir dokunu\u015f kat\u0131yor. Stil \u00d6nerisi [&hellip;]<\/p>\n","protected":false},"featured_media":209532,"comment_status":"open","ping_status":"closed","template":"","meta":[],"product_brand":[],"product_cat":[12479],"product_tag":[6754],"class_list":{"0":"post-209542","1":"product","2":"type-product","3":"status-publish","4":"has-post-thumbnail","6":"product_cat-gunluk-giyim","7":"product_tag-ofis-kiyafeti","8":"pa_brand-koton","9":"pa_color-siyah","10":"pa_size-l","11":"pa_size-m","12":"pa_size-s","13":"pa_size-xl","14":"pa_size-xs","15":"pa_size-xxl","17":"first","18":"instock","19":"shipping-taxable","20":"purchasable","21":"product-type-variable"},"_links":{"self":[{"href":"https:\/\/mod.wisdar.net\/tr\/wp-json\/wp\/v2\/product\/209542","targetHints":{"allow":["GET"]}}],"collection":[{"href":"https:\/\/mod.wisdar.net\/tr\/wp-json\/wp\/v2\/product"}],"about":[{"href":"https:\/\/mod.wisdar.net\/tr\/wp-json\/wp\/v2\/types\/product"}],"replies":[{"embeddable":true,"href":"https:\/\/mod.wisdar.net\/tr\/wp-json\/wp\/v2\/comments?post=209542"}],"wp:featuredmedia":[{"embeddable":true,"href":"https:\/\/mod.wisdar.net\/tr\/wp-json\/wp\/v2\/media\/209532"}],"wp:attachment":[{"href":"https:\/\/mod.wisdar.net\/tr\/wp-json\/wp\/v2\/media?parent=209542"}],"wp:term":[{"taxonomy":"product_brand","embeddable":true,"href":"https:\/\/mod.wisdar.net\/tr\/wp-json\/wp\/v2\/product_brand?post=209542"},{"taxonomy":"product_cat","embeddable":true,"href":"https:\/\/mod.wisdar.net\/tr\/wp-json\/wp\/v2\/product_cat?post=209542"},{"taxonomy":"product_tag","embeddable":true,"href":"https:\/\/mod.wisdar.net\/tr\/wp-json\/wp\/v2\/product_tag?post=209542"}],"curies":[{"name":"wp","href":"https:\/\/api.w.org\/{rel}","templated":true}]}}