{"id":209590,"date":"2026-04-05T20:57:23","date_gmt":"2026-04-05T20:57:23","guid":{"rendered":"https:\/\/modesthanim.com\/product\/slim-fit-pamuklu-kolsuz-bisiklet-yaka-body\/"},"modified":"2026-04-15T20:45:33","modified_gmt":"2026-04-15T20:45:33","slug":"slim-fit-pamuklu-kolsuz-bisiklet-yaka-body","status":"publish","type":"product","link":"https:\/\/mod.wisdar.net\/tr\/urun\/slim-fit-pamuklu-kolsuz-bisiklet-yaka-body\/","title":{"rendered":"Slim Fit Pamuklu Kolsuz Bisiklet Yaka Body"},"content":{"rendered":"<p>Pamuklu kuma\u015f\u0131 ve slim fit kesimiyle dikkat \u00e7eken body, zarif bir sil\u00fcet sunuyor. Kolsuz tasar\u0131m\u0131 s\u0131cak yaz g\u00fcnlerinde ferah bir kullan\u0131m sa\u011fl\u0131yor. Bisiklet yaka detay\u0131 ise stilinize modern ve sade bir g\u00f6r\u00fcn\u00fcm kat\u0131yor. Tasar\u0131m g\u00fcnl\u00fck kombinlerinizde hem \u015f\u0131k hem de rahat bir tercih olarak \u00f6ne \u00e7\u0131k\u0131yor. Diki\u015f detaylar\u0131yla hareketlendirilen body, farkl\u0131 alt giyim par\u00e7alar\u0131yla kolayca kombin ediliyor. Stil \u00d6nerisi Body, mom jean ve beyaz sneakerlar ile kombinleyerek g\u00fcnl\u00fck stilinizi tamamlayabilirsiniz. \u00dczerine hafif bir kimono veya blazer ceket ekleyerek ge\u00e7i\u015f mevsimlerinde de rahatl\u0131kla kullanabilirsiniz. Aksesuar olarak sade bir kolye ve bileklik tercih ederek g\u00f6r\u00fcn\u00fcm\u00fcn\u00fcze minimalist bir dokunu\u015f katabilirsiniz. \u00dcr\u00fcn \u00d6zellikleri Kol Tipi: Kolsuz Yaka Tipi: Bisiklet Yaka Fit: Slim Fit Kuma\u015f: %95 Pamuk, %5 Elastan Kullan\u0131m Alan\u0131: G\u00fcnl\u00fck Giyim Koton&#8217;un \u015f\u0131k ve rahat \u00fcst giyim modelleri ile gard\u0131robunuzu yenileyin! Koton kad\u0131n giyim koleksiyonuyla tarz\u0131n\u0131z\u0131 yans\u0131t\u0131n!<\/p>\n<p>\u2014 Technical Details \u2014<br \/>\nKuma\u015f: %95 PAMUK, %5 ELASTAN<br \/>\nKol Boyu: Kolsuz<br \/>\nKol Tipi: Kolsuz<br \/>\nYaka Tipi: Bisiklet Yaka<br \/>\n\u00dcr\u00fcn\u00fcn Alt Markas\u0131: City fashion<br \/>\nSat\u0131c\u0131\/\u0130malat\u00e7\u0131\/\u0130thalat\u00e7\u0131 \u0130smi: Koton Ma\u011fazac\u0131l\u0131k Tekstil Sanayi ve Ticaret A.\u015e.<br \/>\nPosta Adresi: Ayaza\u011fa Mah. Maslak Ayaza\u011fa Cad. No:3 \u0130\u00e7 Kap\u0131 No:5 Sar\u0131yer\/\u0130stanbul<br \/>\nE-Posta Adresi: mim@koton.com<\/p>\n","protected":false},"excerpt":{"rendered":"<p>Pamuklu kuma\u015f\u0131 ve slim fit kesimiyle dikkat \u00e7eken body, zarif bir sil\u00fcet sunuyor. Kolsuz tasar\u0131m\u0131 s\u0131cak yaz g\u00fcnlerinde ferah bir kullan\u0131m sa\u011fl\u0131yor. Bisiklet yaka detay\u0131 ise stilinize modern ve sade bir g\u00f6r\u00fcn\u00fcm kat\u0131yor. Tasar\u0131m g\u00fcnl\u00fck kombinlerinizde hem \u015f\u0131k hem de rahat bir tercih olarak \u00f6ne \u00e7\u0131k\u0131yor. Diki\u015f detaylar\u0131yla hareketlendirilen body, farkl\u0131 alt giyim par\u00e7alar\u0131yla kolayca [&hellip;]<\/p>\n","protected":false},"featured_media":209579,"comment_status":"open","ping_status":"closed","template":"","meta":[],"product_brand":[],"product_cat":[12479],"product_tag":[7354,6744,8039,7310],"class_list":{"0":"post-209590","1":"product","2":"type-product","3":"status-publish","4":"has-post-thumbnail","6":"product_cat-gunluk-giyim","7":"product_tag-gunluk-giyim-2","8":"product_tag-kadin-modasi","9":"product_tag-koton","10":"product_tag-slim-fit","11":"pa_brand-koton","12":"pa_color-kirik-beyaz","13":"pa_size-3xl","14":"pa_size-l","15":"pa_size-m","16":"pa_size-s","17":"pa_size-xl","18":"pa_size-xs","19":"pa_size-xxl","21":"first","22":"instock","23":"shipping-taxable","24":"purchasable","25":"product-type-variable"},"_links":{"self":[{"href":"https:\/\/mod.wisdar.net\/tr\/wp-json\/wp\/v2\/product\/209590","targetHints":{"allow":["GET"]}}],"collection":[{"href":"https:\/\/mod.wisdar.net\/tr\/wp-json\/wp\/v2\/product"}],"about":[{"href":"https:\/\/mod.wisdar.net\/tr\/wp-json\/wp\/v2\/types\/product"}],"replies":[{"embeddable":true,"href":"https:\/\/mod.wisdar.net\/tr\/wp-json\/wp\/v2\/comments?post=209590"}],"wp:featuredmedia":[{"embeddable":true,"href":"https:\/\/mod.wisdar.net\/tr\/wp-json\/wp\/v2\/media\/209579"}],"wp:attachment":[{"href":"https:\/\/mod.wisdar.net\/tr\/wp-json\/wp\/v2\/media?parent=209590"}],"wp:term":[{"taxonomy":"product_brand","embeddable":true,"href":"https:\/\/mod.wisdar.net\/tr\/wp-json\/wp\/v2\/product_brand?post=209590"},{"taxonomy":"product_cat","embeddable":true,"href":"https:\/\/mod.wisdar.net\/tr\/wp-json\/wp\/v2\/product_cat?post=209590"},{"taxonomy":"product_tag","embeddable":true,"href":"https:\/\/mod.wisdar.net\/tr\/wp-json\/wp\/v2\/product_tag?post=209590"}],"curies":[{"name":"wp","href":"https:\/\/api.w.org\/{rel}","templated":true}]}}