{"id":209633,"date":"2026-04-05T20:58:04","date_gmt":"2026-04-05T20:58:04","guid":{"rendered":"https:\/\/modesthanim.com\/product\/pamuklu-kisa-kollu-bisiklet-yaka-basic-tisort\/"},"modified":"2026-04-05T21:07:57","modified_gmt":"2026-04-05T21:07:57","slug":"pamuklu-kisa-kollu-bisiklet-yaka-basic-tisort","status":"publish","type":"product","link":"https:\/\/mod.wisdar.net\/tr\/urun\/pamuklu-kisa-kollu-bisiklet-yaka-basic-tisort\/","title":{"rendered":"Pamuklu K\u0131sa Kollu Bisiklet Yaka Basic Ti\u015f\u00f6rt"},"content":{"rendered":"<p>Ti\u015f\u00f6rt, basic tasar\u0131m\u0131yla her gard\u0131robun vazge\u00e7ilmezi haline geliyor. K\u0131sa kollu ve bisiklet yaka kesimi ile hem rahat hem de klasik bir g\u00f6r\u00fcn\u00fcm sunuyor. Yumu\u015fak dokusu sayesinde g\u00fcnl\u00fck kullan\u0131mlar\u0131n\u0131zda konfor sa\u011fl\u0131yor. \u0130ster spor bir tarz i\u00e7in jeanlerle, ister ofis i\u00e7in eteklerle m\u00fckemmel bir uyum yarat\u0131yor. Stil \u00d6nerisi Ti\u015f\u00f6rt\u00fc jean pantolonlar ve rahat sneakerslarla kombinleyerek dinamik bir g\u00f6r\u00fcn\u00fcm elde edebilirsiniz. Ayr\u0131ca blazer ceket veya h\u0131rkayla birlikte giyerek \u015f\u0131kl\u0131\u011f\u0131n\u0131z\u0131 art\u0131rabilirsiniz. Ofis kombinlerinde ise kalem etek ve zarif aksesuarlarla profesyonel bir imaj yaratabilirsiniz. \u00dcr\u00fcn \u00d6zellikleri Kol Tipi: K\u0131sa Kol Yaka Tipi: Bisiklet Yaka Fit: Regular Fit Kuma\u015f: %100 Pamuk Kullan\u0131m Alan\u0131: G\u00fcnl\u00fck Giyim, Ofis Giyim, Spor Giyim Koton ti\u015f\u00f6rt koleksiyonuyla \u015f\u0131kl\u0131k ve konforu bir araya getirin. Her kombine uygun bu \u00e7ok y\u00f6nl\u00fc tasar\u0131mla stilinizi kolayca yenileyin.<\/p>\n<p>\u2014 Technical Details \u2014<br \/>\nKuma\u015f: %100 PAMUK<br \/>\nKol Boyu: K\u0131sa Kol<br \/>\nKol Tipi: D\u00fc\u015f\u00fck Omuz<br \/>\nYaka Tipi: Bisiklet Yaka<br \/>\nSil\u00fcet: Basic<br \/>\n\u00dcr\u00fcn Tipi \/ Stil: Basic<br \/>\n\u00dcr\u00fcn\u00fcn Alt Markas\u0131: City fashion<br \/>\nSat\u0131c\u0131\/\u0130malat\u00e7\u0131\/\u0130thalat\u00e7\u0131 \u0130smi: Koton Ma\u011fazac\u0131l\u0131k Tekstil Sanayi ve Ticaret A.\u015e.<br \/>\nPosta Adresi: Ayaza\u011fa Mah. Maslak Ayaza\u011fa Cad. No:3 \u0130\u00e7 Kap\u0131 No:5 Sar\u0131yer\/\u0130stanbul<br \/>\nE-Posta Adresi: mim@koton.com<\/p>\n","protected":false},"excerpt":{"rendered":"<p>Ti\u015f\u00f6rt, basic tasar\u0131m\u0131yla her gard\u0131robun vazge\u00e7ilmezi haline geliyor. K\u0131sa kollu ve bisiklet yaka kesimi ile hem rahat hem de klasik bir g\u00f6r\u00fcn\u00fcm sunuyor. Yumu\u015fak dokusu sayesinde g\u00fcnl\u00fck kullan\u0131mlar\u0131n\u0131zda konfor sa\u011fl\u0131yor. \u0130ster spor bir tarz i\u00e7in jeanlerle, ister ofis i\u00e7in eteklerle m\u00fckemmel bir uyum yarat\u0131yor. Stil \u00d6nerisi Ti\u015f\u00f6rt\u00fc jean pantolonlar ve rahat sneakerslarla kombinleyerek dinamik bir [&hellip;]<\/p>\n","protected":false},"featured_media":209626,"comment_status":"open","ping_status":"closed","template":"","meta":[],"product_brand":[],"product_cat":[11020],"product_tag":[8110,7426,6754,7488],"class_list":{"0":"post-209633","1":"product","2":"type-product","3":"status-publish","4":"has-post-thumbnail","6":"product_cat-tisort-ve-sort","7":"product_tag-bisiklet-yaka-2","8":"product_tag-gunluk-giyim-3","9":"product_tag-ofis-kiyafeti","10":"product_tag-pamuk","11":"pa_brand-koton","12":"pa_color-beyaz","13":"pa_size-l","14":"pa_size-m","15":"pa_size-s","16":"pa_size-xl","17":"pa_size-xs","18":"pa_size-xxl","20":"first","21":"instock","22":"shipping-taxable","23":"purchasable","24":"product-type-variable"},"_links":{"self":[{"href":"https:\/\/mod.wisdar.net\/tr\/wp-json\/wp\/v2\/product\/209633","targetHints":{"allow":["GET"]}}],"collection":[{"href":"https:\/\/mod.wisdar.net\/tr\/wp-json\/wp\/v2\/product"}],"about":[{"href":"https:\/\/mod.wisdar.net\/tr\/wp-json\/wp\/v2\/types\/product"}],"replies":[{"embeddable":true,"href":"https:\/\/mod.wisdar.net\/tr\/wp-json\/wp\/v2\/comments?post=209633"}],"wp:featuredmedia":[{"embeddable":true,"href":"https:\/\/mod.wisdar.net\/tr\/wp-json\/wp\/v2\/media\/209626"}],"wp:attachment":[{"href":"https:\/\/mod.wisdar.net\/tr\/wp-json\/wp\/v2\/media?parent=209633"}],"wp:term":[{"taxonomy":"product_brand","embeddable":true,"href":"https:\/\/mod.wisdar.net\/tr\/wp-json\/wp\/v2\/product_brand?post=209633"},{"taxonomy":"product_cat","embeddable":true,"href":"https:\/\/mod.wisdar.net\/tr\/wp-json\/wp\/v2\/product_cat?post=209633"},{"taxonomy":"product_tag","embeddable":true,"href":"https:\/\/mod.wisdar.net\/tr\/wp-json\/wp\/v2\/product_tag?post=209633"}],"curies":[{"name":"wp","href":"https:\/\/api.w.org\/{rel}","templated":true}]}}