{"id":209677,"date":"2026-04-05T20:58:56","date_gmt":"2026-04-05T20:58:56","guid":{"rendered":"https:\/\/modesthanim.com\/product\/modal-kumas-cepli-pileli-cizgili-midi-klos-etek\/"},"modified":"2026-04-05T21:08:10","modified_gmt":"2026-04-05T21:08:10","slug":"modal-kumas-cepli-pileli-cizgili-midi-klos-etek","status":"publish","type":"product","link":"https:\/\/mod.wisdar.net\/tr\/urun\/modal-kumas-cepli-pileli-cizgili-midi-klos-etek\/","title":{"rendered":"Modal Kuma\u015f Cepli Pileli \u00c7izgili Midi Klo\u015f Etek"},"content":{"rendered":"<p>Midi etek, zarif ve modern tasar\u0131m\u0131 ile dikkat \u00e7ekiyor. Modal i\u00e7eri\u011fi sayesinde yumu\u015fak ve hafif bir doku sunuyor, dayan\u0131kl\u0131l\u0131\u011f\u0131n\u0131 art\u0131r\u0131yor. Yan cepleri sayesinde pratiklik sa\u011flarken normal bel yap\u0131s\u0131 ile her v\u00fccut tipine uyum g\u00f6steriyor. Standart bel y\u00fcksekli\u011fi ve rahat kesimi g\u00fcnl\u00fck kullan\u0131m i\u00e7in ideal bir tercih haline getiriyor. Stil \u00d6nerisi Etek, g\u00fcnl\u00fck stilin vazge\u00e7ilmez bir par\u00e7as\u0131 haline gelirken \u015f\u0131k bir bluz ve topuklu ayakkab\u0131larla ofis i\u00e7in ho\u015f bir kombin olu\u015fturuyor. Hafta sonlar\u0131 ise spor bir ti\u015f\u00f6rt ve sneakerlarla rahat bir tarz yakalayabilirsiniz. \u015e\u0131k aksesuarlar ve zarif bir \u00e7anta ile kombininizi tamamlayarak, dikkat \u00e7ekici bir g\u00f6r\u00fcn\u00fcm elde edebilirsiniz. \u00dcr\u00fcn \u00d6zellikleri Kuma\u015f: %86 Modal, %14 Polyester Bel Tipi: Normal Bel Cep Tipi: Yan Cep Fit: Regular Boy: Midi Kullan\u0131m Alan\u0131: G\u00fcnl\u00fck Giyim, Ofis Giyim Koton etek modelleri, modern ve \u015f\u0131k tasar\u0131mlar\u0131yla sezonun vazge\u00e7ilmezi oluyor. Gard\u0131robunuza yenilik katmak i\u00e7in hemen ke\u015ffedin!<\/p>\n<p>\u2014 Technical Details \u2014<br \/>\nKuma\u015f: %86 MODAL, %14 POL\u0130ESTER<br \/>\nSil\u00fcet: Klo\u015f (Yar\u0131m Daire)<br \/>\nBel Y\u00fcksekli\u011fi: Standart Bel<br \/>\n\u00dcr\u00fcn Tipi \/ Stil: Klo\u015f (Yar\u0131m Daire)<br \/>\n\u00dcr\u00fcn\u00fcn Alt Markas\u0131: City fashion<br \/>\nSat\u0131c\u0131\/\u0130malat\u00e7\u0131\/\u0130thalat\u00e7\u0131 \u0130smi: Koton Ma\u011fazac\u0131l\u0131k Tekstil Sanayi ve Ticaret A.\u015e.<br \/>\nPosta Adresi: Ayaza\u011fa Mah. Maslak Ayaza\u011fa Cad. No:3 \u0130\u00e7 Kap\u0131 No:5 Sar\u0131yer\/\u0130stanbul<br \/>\nE-Posta Adresi: mim@koton.com<\/p>\n","protected":false},"excerpt":{"rendered":"<p>Midi etek, zarif ve modern tasar\u0131m\u0131 ile dikkat \u00e7ekiyor. Modal i\u00e7eri\u011fi sayesinde yumu\u015fak ve hafif bir doku sunuyor, dayan\u0131kl\u0131l\u0131\u011f\u0131n\u0131 art\u0131r\u0131yor. Yan cepleri sayesinde pratiklik sa\u011flarken normal bel yap\u0131s\u0131 ile her v\u00fccut tipine uyum g\u00f6steriyor. Standart bel y\u00fcksekli\u011fi ve rahat kesimi g\u00fcnl\u00fck kullan\u0131m i\u00e7in ideal bir tercih haline getiriyor. Stil \u00d6nerisi Etek, g\u00fcnl\u00fck stilin vazge\u00e7ilmez bir [&hellip;]<\/p>\n","protected":false},"featured_media":209668,"comment_status":"open","ping_status":"closed","template":"","meta":[],"product_brand":[],"product_cat":[12479],"product_tag":[7354,6744,8247,8039,7621,6754,7600],"class_list":{"0":"post-209677","1":"product","2":"type-product","3":"status-publish","4":"has-post-thumbnail","6":"product_cat-gunluk-giyim","7":"product_tag-gunluk-giyim-2","8":"product_tag-kadin-modasi","9":"product_tag-klos-etek","10":"product_tag-koton","11":"product_tag-midi-etek","12":"product_tag-ofis-kiyafeti","13":"product_tag-pileli-etek","14":"pa_brand-koton","15":"pa_color-kahverengi-cizgili","16":"pa_size-4698","17":"pa_size-4701","18":"pa_size-4706","19":"pa_size-4711","20":"pa_size-4713","22":"first","23":"instock","24":"sale","25":"shipping-taxable","26":"purchasable","27":"product-type-variable"},"_links":{"self":[{"href":"https:\/\/mod.wisdar.net\/tr\/wp-json\/wp\/v2\/product\/209677","targetHints":{"allow":["GET"]}}],"collection":[{"href":"https:\/\/mod.wisdar.net\/tr\/wp-json\/wp\/v2\/product"}],"about":[{"href":"https:\/\/mod.wisdar.net\/tr\/wp-json\/wp\/v2\/types\/product"}],"replies":[{"embeddable":true,"href":"https:\/\/mod.wisdar.net\/tr\/wp-json\/wp\/v2\/comments?post=209677"}],"wp:featuredmedia":[{"embeddable":true,"href":"https:\/\/mod.wisdar.net\/tr\/wp-json\/wp\/v2\/media\/209668"}],"wp:attachment":[{"href":"https:\/\/mod.wisdar.net\/tr\/wp-json\/wp\/v2\/media?parent=209677"}],"wp:term":[{"taxonomy":"product_brand","embeddable":true,"href":"https:\/\/mod.wisdar.net\/tr\/wp-json\/wp\/v2\/product_brand?post=209677"},{"taxonomy":"product_cat","embeddable":true,"href":"https:\/\/mod.wisdar.net\/tr\/wp-json\/wp\/v2\/product_cat?post=209677"},{"taxonomy":"product_tag","embeddable":true,"href":"https:\/\/mod.wisdar.net\/tr\/wp-json\/wp\/v2\/product_tag?post=209677"}],"curies":[{"name":"wp","href":"https:\/\/api.w.org\/{rel}","templated":true}]}}