{"id":209714,"date":"2026-04-05T20:59:29","date_gmt":"2026-04-05T20:59:29","guid":{"rendered":"https:\/\/modesthanim.com\/product\/drapeli-yirtmac-detayli-kruvaze-midi-etek\/"},"modified":"2026-04-05T21:12:36","modified_gmt":"2026-04-05T21:12:36","slug":"drapeli-yirtmac-detayli-kruvaze-midi-etek","status":"publish","type":"product","link":"https:\/\/mod.wisdar.net\/tr\/urun\/drapeli-yirtmac-detayli-kruvaze-midi-etek\/","title":{"rendered":"Drapeli Y\u0131rtma\u00e7 Detayl\u0131 Kruvaze Midi Etek"},"content":{"rendered":"<p>Midi etek, y\u0131rtma\u00e7 detay\u0131yla modern bir sil\u00fcet sunuyor. Normal bel kesimi ve A kesim yap\u0131s\u0131yla hem rahat hem de \u015f\u0131k bir g\u00f6r\u00fcn\u00fcm sa\u011fl\u0131yor. Ete\u011fin y\u0131rtma\u00e7 detay\u0131, hareket kabiliyetinizi art\u0131r\u0131rken dikkat \u00e7ekici bir g\u00f6r\u00fcn\u00fcm sunuyor. Midi boyu sayesinde g\u00fcnl\u00fck hayatta ve ofis kombinlerinde rahatl\u0131kla tercih ediliyor. Zamans\u0131z tasar\u0131m ile \u00f6ne \u00e7\u0131kan etek gard\u0131robunuzun vazge\u00e7ilmezlerinden biri olmaya aday. Stil \u00d6nerisi Kruvaze midi ete\u011fi, \u015f\u0131k bir bluz ve topuklu ayakkab\u0131larla tamamlayarak ofis \u015f\u0131kl\u0131\u011f\u0131 elde edebilirsiniz. G\u00fcnl\u00fck kombinler i\u00e7in ise basic bir ti\u015f\u00f6rt ve sneaker ayakkab\u0131larla rahat ve modern bir stil yakalayabilirsiniz. Aksesuar olarak minimal bir \u00e7anta ve zarif tak\u0131larla kombininizi zenginle\u015ftirebilirsiniz. \u00dcr\u00fcn \u00d6zellikleri Bel Tipi: Normal Bel Fit Tipi: Regular Boy: Midi Stil ve Siluet: A Kesim Kuma\u015f: %90 Viskon, %10 Polyester Detay: Y\u0131rtma\u00e7 Detayl\u0131 Kullan\u0131m Alan\u0131: G\u00fcnl\u00fck Giyim, Ofis Giyim, \u00d6zel G\u00fcnler Koton etek koleksiyonuyla trend ve \u015f\u0131k bir g\u00f6r\u00fcn\u00fcm elde edin. G\u00fcnl\u00fck ve ofis kombinlerinizde rahatl\u0131kla tercih edebilece\u011finiz bu ete\u011fi \u015fimdi deneyin!<\/p>\n<p>\u2014 Technical Details \u2014<br \/>\nModelin \u00d6l\u00e7\u00fcleri: Boy: 22 \/ Bel: 62 \/ G\u00f6\u011f\u00fcs: 80 \/ Kal\u00e7a: 88<br \/>\nKuma\u015f: %10 POL\u0130ESTER, %90 V\u0130SKOZ<br \/>\nSil\u00fcet: A Form<br \/>\nBel Y\u00fcksekli\u011fi: Standart Bel<br \/>\n\u00dcr\u00fcn Tipi \/ Stil: A Form<br \/>\n\u00dcr\u00fcn\u00fcn Alt Markas\u0131: City fashion<br \/>\nSat\u0131c\u0131\/\u0130malat\u00e7\u0131\/\u0130thalat\u00e7\u0131 \u0130smi: Koton Ma\u011fazac\u0131l\u0131k Tekstil Sanayi ve Ticaret A.\u015e.<br \/>\nPosta Adresi: Ayaza\u011fa Mah. Maslak Ayaza\u011fa Cad. No:3 \u0130\u00e7 Kap\u0131 No:5 Sar\u0131yer\/\u0130stanbul<br \/>\nE-Posta Adresi: mim@koton.com<\/p>\n","protected":false},"excerpt":{"rendered":"<p>Midi etek, y\u0131rtma\u00e7 detay\u0131yla modern bir sil\u00fcet sunuyor. Normal bel kesimi ve A kesim yap\u0131s\u0131yla hem rahat hem de \u015f\u0131k bir g\u00f6r\u00fcn\u00fcm sa\u011fl\u0131yor. Ete\u011fin y\u0131rtma\u00e7 detay\u0131, hareket kabiliyetinizi art\u0131r\u0131rken dikkat \u00e7ekici bir g\u00f6r\u00fcn\u00fcm sunuyor. Midi boyu sayesinde g\u00fcnl\u00fck hayatta ve ofis kombinlerinde rahatl\u0131kla tercih ediliyor. Zamans\u0131z tasar\u0131m ile \u00f6ne \u00e7\u0131kan etek gard\u0131robunuzun vazge\u00e7ilmezlerinden biri olmaya [&hellip;]<\/p>\n","protected":false},"featured_media":209706,"comment_status":"open","ping_status":"closed","template":"","meta":[],"product_brand":[],"product_cat":[12479],"product_tag":[4848,7426,7547,7621,6754,7600],"class_list":{"0":"post-209714","1":"product","2":"type-product","3":"status-publish","4":"has-post-thumbnail","6":"product_cat-gunluk-giyim","7":"product_tag-a-line-skirt","8":"product_tag-gunluk-giyim-3","9":"product_tag-kadin-giyim","10":"product_tag-midi-etek","11":"product_tag-ofis-kiyafeti","12":"product_tag-pileli-etek","13":"pa_brand-koton","14":"pa_color-kahverengi","15":"pa_size-4698","16":"pa_size-4701","17":"pa_size-4706","18":"pa_size-4711","19":"pa_size-4713","21":"first","22":"instock","23":"shipping-taxable","24":"purchasable","25":"product-type-variable"},"_links":{"self":[{"href":"https:\/\/mod.wisdar.net\/tr\/wp-json\/wp\/v2\/product\/209714","targetHints":{"allow":["GET"]}}],"collection":[{"href":"https:\/\/mod.wisdar.net\/tr\/wp-json\/wp\/v2\/product"}],"about":[{"href":"https:\/\/mod.wisdar.net\/tr\/wp-json\/wp\/v2\/types\/product"}],"replies":[{"embeddable":true,"href":"https:\/\/mod.wisdar.net\/tr\/wp-json\/wp\/v2\/comments?post=209714"}],"wp:featuredmedia":[{"embeddable":true,"href":"https:\/\/mod.wisdar.net\/tr\/wp-json\/wp\/v2\/media\/209706"}],"wp:attachment":[{"href":"https:\/\/mod.wisdar.net\/tr\/wp-json\/wp\/v2\/media?parent=209714"}],"wp:term":[{"taxonomy":"product_brand","embeddable":true,"href":"https:\/\/mod.wisdar.net\/tr\/wp-json\/wp\/v2\/product_brand?post=209714"},{"taxonomy":"product_cat","embeddable":true,"href":"https:\/\/mod.wisdar.net\/tr\/wp-json\/wp\/v2\/product_cat?post=209714"},{"taxonomy":"product_tag","embeddable":true,"href":"https:\/\/mod.wisdar.net\/tr\/wp-json\/wp\/v2\/product_tag?post=209714"}],"curies":[{"name":"wp","href":"https:\/\/api.w.org\/{rel}","templated":true}]}}