{"id":209756,"date":"2026-04-05T21:00:10","date_gmt":"2026-04-05T21:00:10","guid":{"rendered":"https:\/\/modesthanim.com\/product\/cepli-pile-detayli-genis-paca-cizgili-pantolon\/"},"modified":"2026-04-12T22:42:21","modified_gmt":"2026-04-12T22:42:21","slug":"cepli-pile-detayli-genis-paca-cizgili-pantolon","status":"publish","type":"product","link":"https:\/\/mod.wisdar.net\/tr\/urun\/cepli-pile-detayli-genis-paca-cizgili-pantolon\/","title":{"rendered":"Cepli Pile Detayl\u0131 Geni\u015f Pa\u00e7a \u00c7izgili Pantolon"},"content":{"rendered":"<p>Pantolon, \u015f\u0131k ve modern detaylar\u0131yla dikkat \u00e7ekiyor. Geni\u015f pa\u00e7a kesimi zarif bir duru\u015f sa\u011flarken rahat ve \u00f6zg\u00fcr bir kullan\u0131m sunuyor. Normal bel kesimiyle dikkat \u00e7eken pantolon, yan cepleri sayesinde pratiklik sunuyor. Uzun boyuyla hem ofis hem de g\u00fcnl\u00fck kombine uygun kullan\u0131m yarat\u0131yor. Kaliteli kuma\u015f\u0131 hafif ve nefes alabilir yap\u0131s\u0131yla konfor sa\u011fl\u0131yor. Stil \u00d6nerisi Geni\u015f pa\u00e7a pantolonu, beyaz g\u00f6mlek ve topuklu ayakkab\u0131larla kullanabilir, ofiste trend bir g\u00f6r\u00fcn\u00fcm elde edebilirsiniz. Daha rahat bir stil ar\u0131yorsan\u0131z basic bir ti\u015f\u00f6rt ve sneaker ile g\u00fcnl\u00fck aktivitelerinizde rahat\u00e7a kullanabilirsiniz. \u015e\u0131k bir \u00e7anta ve minimal aksesuarlarla g\u00f6r\u00fcn\u00fcm\u00fcn\u00fcz\u00fc zenginle\u015ftirerek, stilinizi her ortamda \u00f6n plana \u00e7\u0131karabilirsiniz. \u00dcr\u00fcn \u00d6zellikleri Bel Tipi: Normal Bel Pa\u00e7a Tipi: Geni\u015f Pa\u00e7a Kuma\u015f: %32 Viskon, %3 Elastan, %65 Polyester Fit Tipi: Regular Fit Stil: Kemerli Kullan\u0131m Alan\u0131: G\u00fcnl\u00fck Giyim, Ofis Giyim Koton&#8217;un \u015f\u0131k pantolon tasar\u0131m\u0131 ile kombinlerinize trend bir hava kat\u0131n. Koton kad\u0131n giyim koleksiyonunu \u015fimdi ke\u015ffedin!<\/p>\n","protected":false},"excerpt":{"rendered":"<p>Pantolon, \u015f\u0131k ve modern detaylar\u0131yla dikkat \u00e7ekiyor. Geni\u015f pa\u00e7a kesimi zarif bir duru\u015f sa\u011flarken rahat ve \u00f6zg\u00fcr bir kullan\u0131m sunuyor. Normal bel kesimiyle dikkat \u00e7eken pantolon, yan cepleri sayesinde pratiklik sunuyor. Uzun boyuyla hem ofis hem de g\u00fcnl\u00fck kombine uygun kullan\u0131m yarat\u0131yor. Kaliteli kuma\u015f\u0131 hafif ve nefes alabilir yap\u0131s\u0131yla konfor sa\u011fl\u0131yor. Stil \u00d6nerisi Geni\u015f pa\u00e7a [&hellip;]<\/p>\n","protected":false},"featured_media":209746,"comment_status":"open","ping_status":"closed","template":"","meta":[],"product_brand":[],"product_cat":[1882,12479],"product_tag":[7856,7874,6754],"class_list":{"0":"post-209756","1":"product","2":"type-product","3":"status-publish","4":"has-post-thumbnail","6":"product_cat-alt-giyim","7":"product_cat-gunluk-giyim","8":"product_tag-kadin-pantolon","9":"product_tag-moda-pantolonu","10":"product_tag-ofis-kiyafeti","11":"pa_brand-koton","12":"pa_color-lacivert-cizgili","13":"pa_size-4698","14":"pa_size-4701","15":"pa_size-4706","16":"pa_size-4711","17":"pa_size-4713","18":"pa_size-4751","20":"first","21":"instock","22":"sale","23":"shipping-taxable","24":"purchasable","25":"product-type-variable"},"_links":{"self":[{"href":"https:\/\/mod.wisdar.net\/tr\/wp-json\/wp\/v2\/product\/209756","targetHints":{"allow":["GET"]}}],"collection":[{"href":"https:\/\/mod.wisdar.net\/tr\/wp-json\/wp\/v2\/product"}],"about":[{"href":"https:\/\/mod.wisdar.net\/tr\/wp-json\/wp\/v2\/types\/product"}],"replies":[{"embeddable":true,"href":"https:\/\/mod.wisdar.net\/tr\/wp-json\/wp\/v2\/comments?post=209756"}],"wp:featuredmedia":[{"embeddable":true,"href":"https:\/\/mod.wisdar.net\/tr\/wp-json\/wp\/v2\/media\/209746"}],"wp:attachment":[{"href":"https:\/\/mod.wisdar.net\/tr\/wp-json\/wp\/v2\/media?parent=209756"}],"wp:term":[{"taxonomy":"product_brand","embeddable":true,"href":"https:\/\/mod.wisdar.net\/tr\/wp-json\/wp\/v2\/product_brand?post=209756"},{"taxonomy":"product_cat","embeddable":true,"href":"https:\/\/mod.wisdar.net\/tr\/wp-json\/wp\/v2\/product_cat?post=209756"},{"taxonomy":"product_tag","embeddable":true,"href":"https:\/\/mod.wisdar.net\/tr\/wp-json\/wp\/v2\/product_tag?post=209756"}],"curies":[{"name":"wp","href":"https:\/\/api.w.org\/{rel}","templated":true}]}}