{"id":209862,"date":"2026-04-05T21:01:49","date_gmt":"2026-04-05T21:01:49","guid":{"rendered":"https:\/\/modesthanim.com\/product\/viskon-kumas-kemer-detayli-can-kesim-midi-etek\/"},"modified":"2026-04-05T21:13:12","modified_gmt":"2026-04-05T21:13:12","slug":"viskon-kumas-kemer-detayli-can-kesim-midi-etek","status":"publish","type":"product","link":"https:\/\/mod.wisdar.net\/tr\/urun\/viskon-kumas-kemer-detayli-can-kesim-midi-etek\/","title":{"rendered":"Viskon Kuma\u015f Kemer Detayl\u0131 \u00c7an Kesim Midi Etek"},"content":{"rendered":"<p>Midi etek, zarif tasar\u0131m\u0131yla dikkat \u00e7ekiyor. Bel k\u0131sm\u0131nda kemer detay\u0131 kullan\u0131m kolayl\u0131\u011f\u0131 sa\u011fl\u0131yor. \u00c7an kesimi ve yuvarlak hatlar\u0131 ete\u011fe ak\u0131c\u0131 bir hareket kazand\u0131r\u0131yor. Viskon kuma\u015f\u0131 yumu\u015fak dokusuyla g\u00fcn boyu konfor sunuyor. Hem g\u00fcnl\u00fck hem de \u00f6zel g\u00fcnler i\u00e7in m\u00fckemmel bir se\u00e7enek olan etek, modern \u015fehir stiline dinamik bir dokunu\u015f kat\u0131yor. Stil \u00d6nerisi Etek, crop bluz ya da g\u00f6mleklerle kusursuz bir kombin olu\u015fturuyor. G\u00fcnl\u00fck stilinize \u015f\u0131kl\u0131k katmak i\u00e7in sneaker veya babetlerle tamamlayabilirsiniz. Ak\u015fam \u00e7\u0131k\u0131\u015flar\u0131nda deri ceket ve stiletto tercih ederek daha sofistike bir g\u00f6r\u00fcn\u00fcm elde edebilirsiniz. Minimal tak\u0131lar ve zarif bir \u00e7anta ile kombininizi zenginle\u015ftirin, stilinizi vurgulay\u0131n. \u00dcr\u00fcn \u00d6zellikleri Bel Tipi: Normal Bel Fit Tipi: Loose Boy: Midi Stil: Klo\u015f Detay: Kemerli Kuma\u015f: %92 Viskoz, %8 Polyester Kullan\u0131m Alan\u0131: G\u00fcnl\u00fck Giyim, \u00d6zel G\u00fcnler Koton etek modelleri \u015f\u0131kl\u0131\u011f\u0131 ve rahatl\u0131\u011f\u0131 bir arada sunarak stilinizi \u00f6n plana \u00e7\u0131kar\u0131yor. Kombinlerinizi kolayca tamamlarken her ortamda fark yarat\u0131n!<\/p>\n<p>\u2014 Technical Details \u2014<br \/>\nKuma\u015f: %92 V\u0130SKOZ, %8 POL\u0130ESTER<br \/>\nSil\u00fcet: Klo\u015f (Yar\u0131m Daire)<br \/>\nBel Y\u00fcksekli\u011fi: Standart Bel<br \/>\n\u00dcr\u00fcn Tipi \/ Stil: Klo\u015f (Yar\u0131m Daire)<br \/>\n\u00dcr\u00fcn\u00fcn Alt Markas\u0131: City fashion<br \/>\nSat\u0131c\u0131\/\u0130malat\u00e7\u0131\/\u0130thalat\u00e7\u0131 \u0130smi: Koton Ma\u011fazac\u0131l\u0131k Tekstil Sanayi ve Ticaret A.\u015e.<br \/>\nPosta Adresi: Ayaza\u011fa Mah. Maslak Ayaza\u011fa Cad. No:3 \u0130\u00e7 Kap\u0131 No:5 Sar\u0131yer\/\u0130stanbul<br \/>\nE-Posta Adresi: mim@koton.com<\/p>\n","protected":false},"excerpt":{"rendered":"<p>Midi etek, zarif tasar\u0131m\u0131yla dikkat \u00e7ekiyor. Bel k\u0131sm\u0131nda kemer detay\u0131 kullan\u0131m kolayl\u0131\u011f\u0131 sa\u011fl\u0131yor. \u00c7an kesimi ve yuvarlak hatlar\u0131 ete\u011fe ak\u0131c\u0131 bir hareket kazand\u0131r\u0131yor. Viskon kuma\u015f\u0131 yumu\u015fak dokusuyla g\u00fcn boyu konfor sunuyor. Hem g\u00fcnl\u00fck hem de \u00f6zel g\u00fcnler i\u00e7in m\u00fckemmel bir se\u00e7enek olan etek, modern \u015fehir stiline dinamik bir dokunu\u015f kat\u0131yor. Stil \u00d6nerisi Etek, crop bluz [&hellip;]<\/p>\n","protected":false},"featured_media":209854,"comment_status":"open","ping_status":"closed","template":"","meta":[],"product_brand":[],"product_cat":[12479],"product_tag":[7354,8247,7621,6772],"class_list":{"0":"post-209862","1":"product","2":"type-product","3":"status-publish","4":"has-post-thumbnail","6":"product_cat-gunluk-giyim","7":"product_tag-gunluk-giyim-2","8":"product_tag-klos-etek","9":"product_tag-midi-etek","10":"product_tag-ozel-gun","11":"pa_brand-koton","12":"pa_color-kirik-beyaz-2","13":"pa_size-4698","14":"pa_size-4701","15":"pa_size-4706","16":"pa_size-4711","17":"pa_size-4713","18":"pa_size-4751","19":"pa_size-4749","21":"first","22":"instock","23":"sale","24":"shipping-taxable","25":"purchasable","26":"product-type-variable"},"_links":{"self":[{"href":"https:\/\/mod.wisdar.net\/tr\/wp-json\/wp\/v2\/product\/209862","targetHints":{"allow":["GET"]}}],"collection":[{"href":"https:\/\/mod.wisdar.net\/tr\/wp-json\/wp\/v2\/product"}],"about":[{"href":"https:\/\/mod.wisdar.net\/tr\/wp-json\/wp\/v2\/types\/product"}],"replies":[{"embeddable":true,"href":"https:\/\/mod.wisdar.net\/tr\/wp-json\/wp\/v2\/comments?post=209862"}],"wp:featuredmedia":[{"embeddable":true,"href":"https:\/\/mod.wisdar.net\/tr\/wp-json\/wp\/v2\/media\/209854"}],"wp:attachment":[{"href":"https:\/\/mod.wisdar.net\/tr\/wp-json\/wp\/v2\/media?parent=209862"}],"wp:term":[{"taxonomy":"product_brand","embeddable":true,"href":"https:\/\/mod.wisdar.net\/tr\/wp-json\/wp\/v2\/product_brand?post=209862"},{"taxonomy":"product_cat","embeddable":true,"href":"https:\/\/mod.wisdar.net\/tr\/wp-json\/wp\/v2\/product_cat?post=209862"},{"taxonomy":"product_tag","embeddable":true,"href":"https:\/\/mod.wisdar.net\/tr\/wp-json\/wp\/v2\/product_tag?post=209862"}],"curies":[{"name":"wp","href":"https:\/\/api.w.org\/{rel}","templated":true}]}}