{"id":209930,"date":"2026-04-05T21:03:10","date_gmt":"2026-04-05T21:03:10","guid":{"rendered":"https:\/\/modesthanim.com\/product\/uzun-kollu-dantel-detayli-v-yaka-sweatshirt-2\/"},"modified":"2026-04-05T21:13:13","modified_gmt":"2026-04-05T21:13:13","slug":"uzun-kollu-dantel-detayli-v-yaka-sweatshirt-2","status":"publish","type":"product","link":"https:\/\/mod.wisdar.net\/tr\/urun\/uzun-kollu-dantel-detayli-v-yaka-sweatshirt-2\/","title":{"rendered":"Uzun Kollu Dantel Detayl\u0131 V Yaka Sweatshirt"},"content":{"rendered":"<p>Dantel detayl\u0131 sweatshirt, zarif bir stil ve rahatl\u0131k sunuyor. V yaka tasar\u0131m\u0131 ile \u015f\u0131kl\u0131k kazanan sweatshirt, uzun kollar\u0131 sayesinde serin g\u00fcnlerde ideal bir tercih olu\u015fturuyor. Regular fit kesimi ile rahat bir giyim deneyimi sa\u011flarken pamuk kar\u0131\u015f\u0131ml\u0131 kuma\u015f\u0131 yumu\u015fak bir his b\u0131rak\u0131yor. \u015e\u0131k bir g\u00f6r\u00fcn\u00fcm elde etmenizi sa\u011flayacak sweatshirt, gard\u0131robunuzun vazge\u00e7ilmez par\u00e7as\u0131 olacak. Stil \u00d6nerisi Dantel detayl\u0131 sweatshirt\u00fc, baggy pantolon ve minimal aksesuarlarla kombinleyerek zarif ve sofistike bir g\u00f6r\u00fcn\u00fcm elde edebilirsiniz. \u0130nce topuklu ayakkab\u0131larla gece \u015f\u0131kl\u0131\u011f\u0131n\u0131 yakalayabilir veya sneakers ile g\u00fcnl\u00fck stilinizi tamamlayabilirsiniz. Ofis i\u00e7in etek ve k\u0131sa topuklu ayakkab\u0131larla modern bir g\u00f6r\u00fcn\u00fcm yaratabilirsiniz. \u00dcr\u00fcn \u00d6zellikleri Kol Boyu: Uzun Kol Yaka Tipi: V Yaka Fit Tipi: Regular Kuma\u015f: %52 Polyester, %48 Pamuk Detay: Dantel Detayl\u0131 Kullan\u0131m Alan\u0131: G\u00fcnl\u00fck Giyim Koton&#8217;un \u015f\u0131k ve rahat sweatshirt tasar\u0131mlar\u0131yla gard\u0131robunuzu yenileyin! Feminen detaylar ve zarif kesimlerle trend kombinler yarat\u0131n!<\/p>\n","protected":false},"excerpt":{"rendered":"<p>Dantel detayl\u0131 sweatshirt, zarif bir stil ve rahatl\u0131k sunuyor. V yaka tasar\u0131m\u0131 ile \u015f\u0131kl\u0131k kazanan sweatshirt, uzun kollar\u0131 sayesinde serin g\u00fcnlerde ideal bir tercih olu\u015fturuyor. Regular fit kesimi ile rahat bir giyim deneyimi sa\u011flarken pamuk kar\u0131\u015f\u0131ml\u0131 kuma\u015f\u0131 yumu\u015fak bir his b\u0131rak\u0131yor. \u015e\u0131k bir g\u00f6r\u00fcn\u00fcm elde etmenizi sa\u011flayacak sweatshirt, gard\u0131robunuzun vazge\u00e7ilmez par\u00e7as\u0131 olacak. Stil \u00d6nerisi Dantel [&hellip;]<\/p>\n","protected":false},"featured_media":209919,"comment_status":"open","ping_status":"closed","template":"","meta":[],"product_brand":[],"product_cat":[1927],"product_tag":[7426,7430,6744,7425,6768],"class_list":{"0":"post-209930","1":"product","2":"type-product","3":"status-publish","4":"has-post-thumbnail","6":"product_cat-hoodies-sweatshirtler","7":"product_tag-gunluk-giyim-3","8":"product_tag-gunluk-kombin","9":"product_tag-kadin-modasi","10":"product_tag-pamuk-karisimi","11":"product_tag-uzun-kol","12":"pa_brand-koton","13":"pa_color-bej","14":"pa_size-l","15":"pa_size-m","16":"pa_size-s","17":"pa_size-xl","18":"pa_size-xs","20":"first","21":"instock","22":"shipping-taxable","23":"purchasable","24":"product-type-variable"},"_links":{"self":[{"href":"https:\/\/mod.wisdar.net\/tr\/wp-json\/wp\/v2\/product\/209930","targetHints":{"allow":["GET"]}}],"collection":[{"href":"https:\/\/mod.wisdar.net\/tr\/wp-json\/wp\/v2\/product"}],"about":[{"href":"https:\/\/mod.wisdar.net\/tr\/wp-json\/wp\/v2\/types\/product"}],"replies":[{"embeddable":true,"href":"https:\/\/mod.wisdar.net\/tr\/wp-json\/wp\/v2\/comments?post=209930"}],"wp:featuredmedia":[{"embeddable":true,"href":"https:\/\/mod.wisdar.net\/tr\/wp-json\/wp\/v2\/media\/209919"}],"wp:attachment":[{"href":"https:\/\/mod.wisdar.net\/tr\/wp-json\/wp\/v2\/media?parent=209930"}],"wp:term":[{"taxonomy":"product_brand","embeddable":true,"href":"https:\/\/mod.wisdar.net\/tr\/wp-json\/wp\/v2\/product_brand?post=209930"},{"taxonomy":"product_cat","embeddable":true,"href":"https:\/\/mod.wisdar.net\/tr\/wp-json\/wp\/v2\/product_cat?post=209930"},{"taxonomy":"product_tag","embeddable":true,"href":"https:\/\/mod.wisdar.net\/tr\/wp-json\/wp\/v2\/product_tag?post=209930"}],"curies":[{"name":"wp","href":"https:\/\/api.w.org\/{rel}","templated":true}]}}