{"id":210014,"date":"2026-04-05T21:04:28","date_gmt":"2026-04-05T21:04:28","guid":{"rendered":"https:\/\/modesthanim.com\/product\/regular-fit-uzun-kollu-kacik-yaka-modal-kumas-gomlek\/"},"modified":"2026-04-05T21:13:32","modified_gmt":"2026-04-05T21:13:32","slug":"regular-fit-uzun-kollu-kacik-yaka-modal-kumas-gomlek","status":"publish","type":"product","link":"https:\/\/mod.wisdar.net\/tr\/urun\/regular-fit-uzun-kollu-kacik-yaka-modal-kumas-gomlek\/","title":{"rendered":"Regular Fit Uzun Kollu Ka\u00e7\u0131k Yaka Modal Kuma\u015f G\u00f6mlek"},"content":{"rendered":"<p>Modal kuma\u015f g\u00f6mlek, regular fit kesimi ve g\u00f6\u011f\u00fcs hizas\u0131nda ba\u015flayan ka\u00e7\u0131k yaka tasar\u0131m\u0131yla rahat ve \u015f\u0131k bir g\u00f6r\u00fcn\u00fcm sunuyor. Uzun kollu yap\u0131s\u0131 ve d\u00fc\u011fmeli \u00f6n kapan\u0131\u015f\u0131 ile kullan\u0131\u015fl\u0131 bir par\u00e7a haline geliyor. Esnek ve hafif modal kuma\u015f\u0131 sayesinde g\u00fcnl\u00fck kullan\u0131m i\u00e7in ideal bir se\u00e7enek yarat\u0131yor. Standart boyu ve basic tarz\u0131 g\u00fcn\u00fcn her saati i\u00e7in kombinlemesi kolay bir tasar\u0131m haline getiriyor. Stil \u00d6nerisi G\u00f6mlek, \u015f\u0131k bir pantolon veya etek ile kombinlenerek ofis stilinizi tamamlayabilir. Hafta sonu rahat bir g\u00f6r\u00fcn\u00fcm i\u00e7in denim pantolon ve sneakerslarla m\u00fckemmel bir uyum yakalayabilirsiniz. Aksesuar olarak minimal bir kolye veya k\u00fcpe tercih ederek g\u00f6r\u00fcn\u00fcm\u00fcn\u00fcze zarif bir dokunu\u015f katabilirsiniz. Hem g\u00fcnd\u00fcz hem de gece i\u00e7in ideal bir tercih olacakt\u0131r. \u00dcr\u00fcn \u00d6zellikleri Kol Tipi: Uzun Kol Yaka Tipi: Ka\u00e7\u0131k Yaka Fit: Regular Fit Kuma\u015f: %83 Modal, %17 Polyester Kullan\u0131m Alan\u0131: G\u00fcnl\u00fck Giyim, Ofis Giyim Koton&#8217;un modal g\u00f6mlek tasar\u0131m\u0131yla stilinizi zahmetsizce y\u00fckseltin. Kombinlerinize trend bir dokunu\u015f katacak \u015f\u0131kl\u0131\u011f\u0131 \u015fimdi ke\u015ffedin! Respect Life \u2013 Ya\u015fama Sayg\u0131 | \u00c7evre dostu kuma\u015f. Koton&#8217;un insana ve topluma de\u011fer katma, gelecek nesillere daha ya\u015fan\u0131labilir bir d\u00fcnya b\u0131rakma duyarl\u0131l\u0131\u011f\u0131yla haz\u0131rlad\u0131\u011f\u0131 koleksiyonu ke\u015ffedin.<\/p>\n<p>\u2014 Technical Details \u2014<br \/>\nModelin \u00d6l\u00e7\u00fcleri: Boy: 22 \/ Bel: 62 \/ G\u00f6\u011f\u00fcs: 80 \/ Kal\u00e7a: 88<br \/>\nKuma\u015f: %83 MODAL, %17 POL\u0130ESTER<br \/>\nKol Boyu: Uzun Kol<br \/>\nKol Tipi: D\u00fc\u015f\u00fck Omuz<br \/>\nYaka Tipi: Hakim Yaka<br \/>\nSil\u00fcet: Basic<br \/>\n\u00dcr\u00fcn Tipi \/ Stil: Basic<br \/>\n\u00dcr\u00fcn\u00fcn Alt Markas\u0131: City fashion<br \/>\nSat\u0131c\u0131\/\u0130malat\u00e7\u0131\/\u0130thalat\u00e7\u0131 \u0130smi: Koton Ma\u011fazac\u0131l\u0131k Tekstil Sanayi ve Ticaret A.\u015e.<br \/>\nPosta Adresi: Ayaza\u011fa Mah. Maslak Ayaza\u011fa Cad. No:3 \u0130\u00e7 Kap\u0131 No:5 Sar\u0131yer\/\u0130stanbul<br \/>\nE-Posta Adresi: mim@koton.com<\/p>\n","protected":false},"excerpt":{"rendered":"<p>Modal kuma\u015f g\u00f6mlek, regular fit kesimi ve g\u00f6\u011f\u00fcs hizas\u0131nda ba\u015flayan ka\u00e7\u0131k yaka tasar\u0131m\u0131yla rahat ve \u015f\u0131k bir g\u00f6r\u00fcn\u00fcm sunuyor. Uzun kollu yap\u0131s\u0131 ve d\u00fc\u011fmeli \u00f6n kapan\u0131\u015f\u0131 ile kullan\u0131\u015fl\u0131 bir par\u00e7a haline geliyor. Esnek ve hafif modal kuma\u015f\u0131 sayesinde g\u00fcnl\u00fck kullan\u0131m i\u00e7in ideal bir se\u00e7enek yarat\u0131yor. Standart boyu ve basic tarz\u0131 g\u00fcn\u00fcn her saati i\u00e7in kombinlemesi [&hellip;]<\/p>\n","protected":false},"featured_media":209999,"comment_status":"open","ping_status":"closed","template":"","meta":[],"product_brand":[],"product_cat":[12479],"product_tag":[7426,8039,6754,6768],"class_list":{"0":"post-210014","1":"product","2":"type-product","3":"status-publish","4":"has-post-thumbnail","6":"product_cat-gunluk-giyim","7":"product_tag-gunluk-giyim-3","8":"product_tag-koton","9":"product_tag-ofis-kiyafeti","10":"product_tag-uzun-kol","11":"pa_brand-koton","12":"pa_color-pembe","13":"pa_size-4698","14":"pa_size-4701","15":"pa_size-4706","16":"pa_size-4711","17":"pa_size-4713","19":"first","20":"instock","21":"shipping-taxable","22":"purchasable","23":"product-type-variable"},"_links":{"self":[{"href":"https:\/\/mod.wisdar.net\/tr\/wp-json\/wp\/v2\/product\/210014","targetHints":{"allow":["GET"]}}],"collection":[{"href":"https:\/\/mod.wisdar.net\/tr\/wp-json\/wp\/v2\/product"}],"about":[{"href":"https:\/\/mod.wisdar.net\/tr\/wp-json\/wp\/v2\/types\/product"}],"replies":[{"embeddable":true,"href":"https:\/\/mod.wisdar.net\/tr\/wp-json\/wp\/v2\/comments?post=210014"}],"wp:featuredmedia":[{"embeddable":true,"href":"https:\/\/mod.wisdar.net\/tr\/wp-json\/wp\/v2\/media\/209999"}],"wp:attachment":[{"href":"https:\/\/mod.wisdar.net\/tr\/wp-json\/wp\/v2\/media?parent=210014"}],"wp:term":[{"taxonomy":"product_brand","embeddable":true,"href":"https:\/\/mod.wisdar.net\/tr\/wp-json\/wp\/v2\/product_brand?post=210014"},{"taxonomy":"product_cat","embeddable":true,"href":"https:\/\/mod.wisdar.net\/tr\/wp-json\/wp\/v2\/product_cat?post=210014"},{"taxonomy":"product_tag","embeddable":true,"href":"https:\/\/mod.wisdar.net\/tr\/wp-json\/wp\/v2\/product_tag?post=210014"}],"curies":[{"name":"wp","href":"https:\/\/api.w.org\/{rel}","templated":true}]}}