{"id":210099,"date":"2026-04-05T21:05:46","date_gmt":"2026-04-05T21:05:46","guid":{"rendered":"https:\/\/modesthanim.com\/product\/kruvaze-asimetrik-kesim-mini-sort-etek\/"},"modified":"2026-04-15T22:40:28","modified_gmt":"2026-04-15T22:40:28","slug":"kruvaze-asimetrik-kesim-mini-sort-etek","status":"publish","type":"product","link":"https:\/\/mod.wisdar.net\/tr\/urun\/kruvaze-asimetrik-kesim-mini-sort-etek\/","title":{"rendered":"Kruvaze Asimetrik Kesim Mini \u015eort Etek"},"content":{"rendered":"<p>Mini \u015fort etek, zarif ve modern bir stil sunuyor. Yandan d\u00fc\u011fme detayl\u0131 kapamas\u0131 ve asimetrik kesimi \u015fort ete\u011fe dinamik bir dokunu\u015f kat\u0131yor. \u015eort etek, hem rahat hem \u015f\u0131k tasar\u0131m\u0131yla g\u00fcn\u00fcn her an\u0131nda tercih ediliyor. Standart bel y\u00fcksekli\u011fi ile oturmu\u015f bir sil\u00fcet sunan \u015fort etek, yaz aylar\u0131nda g\u00fcnl\u00fck stilinizi yenilemek i\u00e7in ideal bir se\u00e7im! Stil \u00d6nerisi \u015eort etek, basic bir ti\u015f\u00f6rt ve sandaletler ile kombinlenerek g\u00fcnl\u00fck bir tarz yarat\u0131yor. Ak\u015fam etkinlikleri i\u00e7in ise \u015f\u0131k bir bluz ve stiletto ayakkab\u0131lar ile tamamlanarak daha sofistike bir g\u00f6r\u00fcn\u00fcm elde edebilirsiniz. Minimal tak\u0131lar ve zarif bir \u00e7anta ile kombininizi tamamlayarak stilinizi vurgulayabilirsiniz. Ofis stilinizi yenilemek i\u00e7in blazer ceketlerle harika bir uyum yakalayabilirsiniz. \u00dcr\u00fcn \u00d6zellikleri Bel Tipi: Normal Bel Fit Tipi: Regular Boy: Mini Ana Kuma\u015f: %6 Elastan, %94 Polyester Kullan\u0131m Alan\u0131: G\u00fcnl\u00fck Giyim, \u00d6zel G\u00fcnler Koton \u015fort etek koleksiyonu, dinamik stilinizi ortaya \u00e7\u0131karacak e\u015fsiz tasar\u0131mlar sunuyor. Koton ile \u015fimdi stilinize enerji kat\u0131n!<\/p>\n<p>\u2014 Technical Details \u2014<br \/>\nKuma\u015f: %9 ELASTAN, %91 POL\u0130ESTER<br \/>\nSil\u00fcet: \u015eort Etek<br \/>\nBel Y\u00fcksekli\u011fi: Standart Bel<br \/>\n\u00dcr\u00fcn Tipi \/ Stil: \u015eort Etek<br \/>\n\u00dcr\u00fcn\u00fcn Alt Markas\u0131: City fashion<br \/>\nSat\u0131c\u0131\/\u0130malat\u00e7\u0131\/\u0130thalat\u00e7\u0131 \u0130smi: Koton Ma\u011fazac\u0131l\u0131k Tekstil Sanayi ve Ticaret A.\u015e.<br \/>\nPosta Adresi: Ayaza\u011fa Mah. Maslak Ayaza\u011fa Cad. No:3 \u0130\u00e7 Kap\u0131 No:5 Sar\u0131yer\/\u0130stanbul<br \/>\nE-Posta Adresi: mim@koton.com<\/p>\n","protected":false},"excerpt":{"rendered":"<p>Mini \u015fort etek, zarif ve modern bir stil sunuyor. Yandan d\u00fc\u011fme detayl\u0131 kapamas\u0131 ve asimetrik kesimi \u015fort ete\u011fe dinamik bir dokunu\u015f kat\u0131yor. \u015eort etek, hem rahat hem \u015f\u0131k tasar\u0131m\u0131yla g\u00fcn\u00fcn her an\u0131nda tercih ediliyor. Standart bel y\u00fcksekli\u011fi ile oturmu\u015f bir sil\u00fcet sunan \u015fort etek, yaz aylar\u0131nda g\u00fcnl\u00fck stilinizi yenilemek i\u00e7in ideal bir se\u00e7im! Stil \u00d6nerisi [&hellip;]<\/p>\n","protected":false},"featured_media":210086,"comment_status":"open","ping_status":"closed","template":"","meta":[],"product_brand":[],"product_cat":[11020],"product_tag":[7426,7449],"class_list":{"0":"post-210099","1":"product","2":"type-product","3":"status-publish","4":"has-post-thumbnail","6":"product_cat-tisort-ve-sort","7":"product_tag-gunluk-giyim-3","8":"product_tag-polyester-elastan-karisimi","9":"pa_brand-koton","10":"pa_color-mavi","11":"pa_size-4698","12":"pa_size-4701","13":"pa_size-4706","14":"pa_size-4711","15":"pa_size-4713","17":"first","18":"instock","19":"shipping-taxable","20":"purchasable","21":"product-type-variable"},"_links":{"self":[{"href":"https:\/\/mod.wisdar.net\/tr\/wp-json\/wp\/v2\/product\/210099","targetHints":{"allow":["GET"]}}],"collection":[{"href":"https:\/\/mod.wisdar.net\/tr\/wp-json\/wp\/v2\/product"}],"about":[{"href":"https:\/\/mod.wisdar.net\/tr\/wp-json\/wp\/v2\/types\/product"}],"replies":[{"embeddable":true,"href":"https:\/\/mod.wisdar.net\/tr\/wp-json\/wp\/v2\/comments?post=210099"}],"wp:featuredmedia":[{"embeddable":true,"href":"https:\/\/mod.wisdar.net\/tr\/wp-json\/wp\/v2\/media\/210086"}],"wp:attachment":[{"href":"https:\/\/mod.wisdar.net\/tr\/wp-json\/wp\/v2\/media?parent=210099"}],"wp:term":[{"taxonomy":"product_brand","embeddable":true,"href":"https:\/\/mod.wisdar.net\/tr\/wp-json\/wp\/v2\/product_brand?post=210099"},{"taxonomy":"product_cat","embeddable":true,"href":"https:\/\/mod.wisdar.net\/tr\/wp-json\/wp\/v2\/product_cat?post=210099"},{"taxonomy":"product_tag","embeddable":true,"href":"https:\/\/mod.wisdar.net\/tr\/wp-json\/wp\/v2\/product_tag?post=210099"}],"curies":[{"name":"wp","href":"https:\/\/api.w.org\/{rel}","templated":true}]}}