{"id":210124,"date":"2026-04-05T21:06:00","date_gmt":"2026-04-05T21:06:00","guid":{"rendered":"https:\/\/modesthanim.com\/product\/koyun-yunu-karisimli-slim-fit-uzun-kollu-dik-yaka-tisort\/"},"modified":"2026-04-12T22:51:44","modified_gmt":"2026-04-12T22:51:44","slug":"koyun-yunu-karisimli-slim-fit-uzun-kollu-dik-yaka-tisort","status":"publish","type":"product","link":"https:\/\/mod.wisdar.net\/tr\/urun\/koyun-yunu-karisimli-slim-fit-uzun-kollu-dik-yaka-tisort\/","title":{"rendered":"Koyun Y\u00fcn\u00fc Kar\u0131\u015f\u0131ml\u0131 Slim Fit Uzun Kollu Dik Yaka Ti\u015f\u00f6rt"},"content":{"rendered":"<p>\u015e\u0131k ve sade tasar\u0131m\u0131yla \u00f6n plana \u00e7\u0131kan uzun kollu ti\u015f\u00f6rt, gard\u0131robunuza zarafet kat\u0131yor. Dik yaka tasar\u0131m\u0131 ve slim fit kesimi ile v\u00fccudu nazik\u00e7e sararak bedeninize zarif bir sil\u00fcet veriyor. Koyun y\u00fcn\u00fc kar\u0131\u015f\u0131ml\u0131 kuma\u015f\u0131 sayesinde nefes alabilir bir yap\u0131ya sahip olan ti\u015f\u00f6rt, favoriler aras\u0131nda yer al\u0131yor. Kolay kombinlenebilir yap\u0131s\u0131 sayesinde ister g\u00fcnl\u00fck giyimde ister ofis stilinizde rahatl\u0131kla kullanabilirsiniz.<br \/>\nStil \u00d6nerisi<br \/>\nTi\u015f\u00f6rt\u00fc, palazzo pantolon ve zarif bir blazer ceketle kombinleyerek ofis \u015f\u0131kl\u0131\u011f\u0131 elde edebilirsiniz. G\u00fcnl\u00fck stilde ise denim pantolon ve sneaker ayakkab\u0131larla spor bir g\u00f6r\u00fcn\u00fcm yaratabilirsiniz. Aksesuar olarak minimal kolyelerle tamamlayarak zarafetinizi \u00f6n plana \u00e7\u0131karabilirsiniz.<br \/>\n\u00dcr\u00fcn \u00d6zellikleri<br \/>\nKol Tipi: Uzun Kol<br \/>\nYaka Tipi: Dik Yaka<br \/>\nFit: Slim Fit<br \/>\nKullan\u0131m Alan\u0131: G\u00fcnl\u00fck Giyim, Ofis Giyim<br \/>\nKoton&#8217;un modern ve zarif tasar\u0131m\u0131 ile stilinize \u015f\u0131kl\u0131k kat\u0131n. Trend ve konforlu Koton kad\u0131n giyim koleksiyonunu \u015fimdi ke\u015ffedin!<\/p>\n","protected":false},"excerpt":{"rendered":"<p>\u015e\u0131k ve sade tasar\u0131m\u0131yla \u00f6n plana \u00e7\u0131kan uzun kollu ti\u015f\u00f6rt, gard\u0131robunuza zarafet kat\u0131yor. Dik yaka tasar\u0131m\u0131 ve slim fit kesimi ile v\u00fccudu nazik\u00e7e sararak bedeninize zarif bir sil\u00fcet veriyor. Koyun y\u00fcn\u00fc kar\u0131\u015f\u0131ml\u0131 kuma\u015f\u0131 sayesinde nefes alabilir bir yap\u0131ya sahip olan ti\u015f\u00f6rt, favoriler aras\u0131nda yer al\u0131yor. Kolay kombinlenebilir yap\u0131s\u0131 sayesinde ister g\u00fcnl\u00fck giyimde ister ofis stilinizde [&hellip;]<\/p>\n","protected":false},"featured_media":210105,"comment_status":"open","ping_status":"closed","template":"","meta":[],"product_brand":[],"product_cat":[12479],"product_tag":[8110,7426,6744,8039,6754,6768],"class_list":{"0":"post-210124","1":"product","2":"type-product","3":"status-publish","4":"has-post-thumbnail","6":"product_cat-gunluk-giyim","7":"product_tag-bisiklet-yaka-2","8":"product_tag-gunluk-giyim-3","9":"product_tag-kadin-modasi","10":"product_tag-koton","11":"product_tag-ofis-kiyafeti","12":"product_tag-uzun-kol","13":"pa_brand-koton","14":"pa_color-kahverengi","15":"pa_size-l","16":"pa_size-m","17":"pa_size-s","18":"pa_size-xl","19":"pa_size-xs","21":"first","22":"instock","23":"shipping-taxable","24":"purchasable","25":"product-type-variable"},"_links":{"self":[{"href":"https:\/\/mod.wisdar.net\/tr\/wp-json\/wp\/v2\/product\/210124","targetHints":{"allow":["GET"]}}],"collection":[{"href":"https:\/\/mod.wisdar.net\/tr\/wp-json\/wp\/v2\/product"}],"about":[{"href":"https:\/\/mod.wisdar.net\/tr\/wp-json\/wp\/v2\/types\/product"}],"replies":[{"embeddable":true,"href":"https:\/\/mod.wisdar.net\/tr\/wp-json\/wp\/v2\/comments?post=210124"}],"wp:featuredmedia":[{"embeddable":true,"href":"https:\/\/mod.wisdar.net\/tr\/wp-json\/wp\/v2\/media\/210105"}],"wp:attachment":[{"href":"https:\/\/mod.wisdar.net\/tr\/wp-json\/wp\/v2\/media?parent=210124"}],"wp:term":[{"taxonomy":"product_brand","embeddable":true,"href":"https:\/\/mod.wisdar.net\/tr\/wp-json\/wp\/v2\/product_brand?post=210124"},{"taxonomy":"product_cat","embeddable":true,"href":"https:\/\/mod.wisdar.net\/tr\/wp-json\/wp\/v2\/product_cat?post=210124"},{"taxonomy":"product_tag","embeddable":true,"href":"https:\/\/mod.wisdar.net\/tr\/wp-json\/wp\/v2\/product_tag?post=210124"}],"curies":[{"name":"wp","href":"https:\/\/api.w.org\/{rel}","templated":true}]}}