{"id":210253,"date":"2026-04-05T21:11:42","date_gmt":"2026-04-05T21:11:42","guid":{"rendered":"https:\/\/modesthanim.com\/product\/indigo-keten-palazzo-pantolon\/"},"modified":"2026-04-12T22:54:27","modified_gmt":"2026-04-12T22:54:27","slug":"indigo-keten-palazzo-pantolon","status":"publish","type":"product","link":"https:\/\/mod.wisdar.net\/tr\/urun\/indigo-keten-palazzo-pantolon\/","title":{"rendered":"\u0130ndigo-Keten Palazzo Pantolon"},"content":{"rendered":"<p>\u015e\u0131kl\u0131\u011f\u0131 detaylarda arayanlara \u00f6zel \u0130ndigo-Keten Palazzo Pantolon ile zarif bir g\u00f6r\u00fcn\u00fcm yakalay\u0131n. G\u00fcnl\u00fck ve \u00f6zel kombinler i\u00e7in ideal tasar\u0131m.<\/p>\n<p>\u2014 Teknik Detaylar \u2014<br \/>\nSezon: 26 YAZ<br \/>\nKuma\u015f \u0130\u00e7eri\u011fi: %58 Viskon %30 Pamuk %12 Keten<br \/>\nKuma\u015f Grubu: Keten<br \/>\nCep Detay: Yan Cep<br \/>\nEbat \/ Boy: 110 CM<br \/>\nTasar\u0131m D\u00f6nemi: 26 SS<br \/>\nKal\u0131p: PALAZZO<br \/>\nPa\u00e7a: Geni\u015f Pa\u00e7a<br \/>\nBel: Fermuarl\u0131<br \/>\nDesen: D\u00fcz<br \/>\nTema: 2. Tema<br \/>\nLine: CASUAL<br \/>\n\u00dcr\u00fcn Ligi: A Kalite<br \/>\nSezon Sat\u0131\u015f D\u00f6nemi: Yaz<br \/>\nMalzeme T\u00fcr\u00fc: Dokuma<\/p>\n","protected":false},"excerpt":{"rendered":"<p>\u015e\u0131kl\u0131\u011f\u0131 detaylarda arayanlara \u00f6zel \u0130ndigo-Keten Palazzo Pantolon ile zarif bir g\u00f6r\u00fcn\u00fcm yakalay\u0131n. G\u00fcnl\u00fck ve \u00f6zel kombinler i\u00e7in ideal tasar\u0131m. \u2014 Teknik Detaylar \u2014 Sezon: 26 YAZ Kuma\u015f \u0130\u00e7eri\u011fi: %58 Viskon %30 Pamuk %12 Keten Kuma\u015f Grubu: Keten Cep Detay: Yan Cep Ebat \/ Boy: 110 CM Tasar\u0131m D\u00f6nemi: 26 SS Kal\u0131p: PALAZZO Pa\u00e7a: Geni\u015f Pa\u00e7a [&hellip;]<\/p>\n","protected":false},"featured_media":210246,"comment_status":"open","ping_status":"closed","template":"","meta":[],"product_brand":[],"product_cat":[1882],"product_tag":[],"class_list":{"0":"post-210253","1":"product","2":"type-product","3":"status-publish","4":"has-post-thumbnail","6":"product_cat-alt-giyim","7":"pa_brand-allday","8":"pa_color-indigo","9":"pa_size-l","10":"pa_size-m","11":"pa_size-s","12":"pa_size-xl","13":"pa_size-xs","15":"first","16":"instock","17":"sale","18":"shipping-taxable","19":"purchasable","20":"product-type-variable"},"_links":{"self":[{"href":"https:\/\/mod.wisdar.net\/tr\/wp-json\/wp\/v2\/product\/210253","targetHints":{"allow":["GET"]}}],"collection":[{"href":"https:\/\/mod.wisdar.net\/tr\/wp-json\/wp\/v2\/product"}],"about":[{"href":"https:\/\/mod.wisdar.net\/tr\/wp-json\/wp\/v2\/types\/product"}],"replies":[{"embeddable":true,"href":"https:\/\/mod.wisdar.net\/tr\/wp-json\/wp\/v2\/comments?post=210253"}],"wp:featuredmedia":[{"embeddable":true,"href":"https:\/\/mod.wisdar.net\/tr\/wp-json\/wp\/v2\/media\/210246"}],"wp:attachment":[{"href":"https:\/\/mod.wisdar.net\/tr\/wp-json\/wp\/v2\/media?parent=210253"}],"wp:term":[{"taxonomy":"product_brand","embeddable":true,"href":"https:\/\/mod.wisdar.net\/tr\/wp-json\/wp\/v2\/product_brand?post=210253"},{"taxonomy":"product_cat","embeddable":true,"href":"https:\/\/mod.wisdar.net\/tr\/wp-json\/wp\/v2\/product_cat?post=210253"},{"taxonomy":"product_tag","embeddable":true,"href":"https:\/\/mod.wisdar.net\/tr\/wp-json\/wp\/v2\/product_tag?post=210253"}],"curies":[{"name":"wp","href":"https:\/\/api.w.org\/{rel}","templated":true}]}}