{"id":210308,"date":"2026-04-06T17:51:49","date_gmt":"2026-04-06T17:51:49","guid":{"rendered":"https:\/\/modesthanim.com\/product\/yesil-relax-ruzgarlikli-tensel-ferace\/"},"modified":"2026-04-13T18:11:00","modified_gmt":"2026-04-13T18:11:00","slug":"yesil-relax-ruzgarlikli-tensel-ferace","status":"publish","type":"product","link":"https:\/\/mod.wisdar.net\/tr\/urun\/yesil-relax-ruzgarlikli-tensel-ferace\/","title":{"rendered":"Ye\u015fil-Relax R\u00fczgarl\u0131kl\u0131 Tensel Ferace"},"content":{"rendered":"<p>\u015e\u0131kl\u0131\u011f\u0131 detaylarda arayanlara \u00f6zel Ye\u015fil-Relax R\u00fczgarl\u0131kl\u0131 Tensel Ferace ile zarif bir g\u00f6r\u00fcn\u00fcm yakalay\u0131n. G\u00fcnl\u00fck ve \u00f6zel kombinler i\u00e7in ideal tasar\u0131m<\/p>\n<p>\u2014 Technical Details \u2014<br \/>\nKal\u0131p: RELAX<br \/>\nMalzeme T\u00fcr\u00fc: Dokuma<br \/>\nY\u0131kama Talimat\u0131: 30\u00b0 dereceye kadar y\u0131kama yap\u0131labilir<br \/>\nSezon Sat\u0131\u015f D\u00f6nemi: Yaz<br \/>\n\u00dcr\u00fcn Ligi: A Kalite<br \/>\nLine: ELEGANCE<br \/>\nTema: 1.Tema<br \/>\nDesen: D\u00fcz<br \/>\nBel: T\u00fcnelli<br \/>\nSezon: 26 YAZ<br \/>\nTasar\u0131m D\u00f6nemi: 26 SS<br \/>\nEbat \/ Boy: 140 CM<br \/>\nKol Kal\u0131p: Takma<br \/>\nYaka: G\u00f6mlek<br \/>\nCep Detay: Yan Cep<br \/>\nKuma\u015f Grubu: Tensel<br \/>\nKuma\u015f \u0130\u00e7eri\u011fi: %82 Cly %18 Pes<\/p>\n","protected":false},"excerpt":{"rendered":"<p>\u015e\u0131kl\u0131\u011f\u0131 detaylarda arayanlara \u00f6zel Ye\u015fil-Relax R\u00fczgarl\u0131kl\u0131 Tensel Ferace ile zarif bir g\u00f6r\u00fcn\u00fcm yakalay\u0131n. G\u00fcnl\u00fck ve \u00f6zel kombinler i\u00e7in ideal tasar\u0131m \u2014 Technical Details \u2014 Kal\u0131p: RELAX Malzeme T\u00fcr\u00fc: Dokuma Y\u0131kama Talimat\u0131: 30\u00b0 dereceye kadar y\u0131kama yap\u0131labilir Sezon Sat\u0131\u015f D\u00f6nemi: Yaz \u00dcr\u00fcn Ligi: A Kalite Line: ELEGANCE Tema: 1.Tema Desen: D\u00fcz Bel: T\u00fcnelli Sezon: 26 YAZ [&hellip;]<\/p>\n","protected":false},"featured_media":210302,"comment_status":"open","ping_status":"closed","template":"","meta":[],"product_brand":[],"product_cat":[4028,2050],"product_tag":[8298,5012,7547,7548,7425],"class_list":{"0":"post-210308","1":"product","2":"type-product","3":"status-publish","4":"has-post-thumbnail","6":"product_cat-abaya","7":"product_cat-blazer-ceketler","8":"product_tag-abaya","9":"product_tag-elegant","10":"product_tag-kadin-giyim","11":"product_tag-mutevazi-moda","12":"product_tag-pamuk-karisimi","13":"pa_brand-allday","14":"pa_color-yesil","15":"pa_size-l","16":"pa_size-m","17":"pa_size-s","18":"pa_size-xl","20":"first","21":"instock","22":"sale","23":"shipping-taxable","24":"purchasable","25":"product-type-variable"},"_links":{"self":[{"href":"https:\/\/mod.wisdar.net\/tr\/wp-json\/wp\/v2\/product\/210308","targetHints":{"allow":["GET"]}}],"collection":[{"href":"https:\/\/mod.wisdar.net\/tr\/wp-json\/wp\/v2\/product"}],"about":[{"href":"https:\/\/mod.wisdar.net\/tr\/wp-json\/wp\/v2\/types\/product"}],"replies":[{"embeddable":true,"href":"https:\/\/mod.wisdar.net\/tr\/wp-json\/wp\/v2\/comments?post=210308"}],"wp:featuredmedia":[{"embeddable":true,"href":"https:\/\/mod.wisdar.net\/tr\/wp-json\/wp\/v2\/media\/210302"}],"wp:attachment":[{"href":"https:\/\/mod.wisdar.net\/tr\/wp-json\/wp\/v2\/media?parent=210308"}],"wp:term":[{"taxonomy":"product_brand","embeddable":true,"href":"https:\/\/mod.wisdar.net\/tr\/wp-json\/wp\/v2\/product_brand?post=210308"},{"taxonomy":"product_cat","embeddable":true,"href":"https:\/\/mod.wisdar.net\/tr\/wp-json\/wp\/v2\/product_cat?post=210308"},{"taxonomy":"product_tag","embeddable":true,"href":"https:\/\/mod.wisdar.net\/tr\/wp-json\/wp\/v2\/product_tag?post=210308"}],"curies":[{"name":"wp","href":"https:\/\/api.w.org\/{rel}","templated":true}]}}