{"id":210363,"date":"2026-04-06T21:44:12","date_gmt":"2026-04-06T21:44:12","guid":{"rendered":"https:\/\/modesthanim.com\/product\/yaka-ve-kol-volanli-sifon-takim-pembe\/"},"modified":"2026-04-06T21:44:23","modified_gmt":"2026-04-06T21:44:23","slug":"yaka-ve-kol-volanli-sifon-takim-pembe","status":"publish","type":"product","link":"https:\/\/mod.wisdar.net\/tr\/urun\/yaka-ve-kol-volanli-sifon-takim-pembe\/","title":{"rendered":"Yaka ve Kol Volanl\u0131 \u015eifon Tak\u0131m \u2013 Pembe"},"content":{"rendered":"<p>\u00dcR\u00dcN TANIMI<\/p>\n<p>Romantik \u00e7izgileri zarif detaylarla bulu\u015fturan bu \u00f6zel tak\u0131m, yumu\u015fak dokusuyla sade bir \u015f\u0131kl\u0131k sunar. G\u00f6\u011f\u00fcs ve etek b\u00f6l\u00fcm\u00fcnde yer alan katl\u0131 f\u0131rf\u0131rlar tasar\u0131ma hareket katarken, \u00f6n k\u0131sm\u0131ndaki ba\u011fc\u0131k detaylar\u0131 nostaljik bir hava kazand\u0131r\u0131r. Balon formundaki kollar\u0131 ve bilek detaylar\u0131 zarif bir duru\u015f olu\u015ftururken, d\u00f6k\u00fcml\u00fc yap\u0131s\u0131 g\u00fcn boyu konfor sa\u011flar.  Feminen ve huzurlu bir g\u00f6r\u00fcn\u00fcm sunan bu tak\u0131m hem g\u00fcnl\u00fck hem de \u00f6zel anlar i\u00e7in ideal bir tercih.<\/p>\n<p>\u00dcR\u00dcN \u00d6ZELL\u0130KLER\u0130<\/p>\n<p>Kuma\u015f T\u00fcr\u00fc: Hafif, d\u00f6k\u00fcml\u00fc ve yumu\u015fak Fitilli viskon (% 30 viskon %70 pes )<br \/>\nBoy: \u00dcst \u00d6n 59 cm Arka 78 cm Pantolon 115 cm<br \/>\nYaka: Bisiklet yaka, fiyonk ba\u011flama detayl\u0131<br \/>\n\u00d6n Detay: F\u0131rf\u0131r s\u00fcslemeli, d\u00fc\u011fmesiz ba\u011fc\u0131k kapamal\u0131 g\u00f6r\u00fcn\u00fcm<br \/>\nKol Tipi: Uzun kol, bilek k\u0131sm\u0131 lastikli<br \/>\nPantolon  Kesimi: Uzun ve geni\u015f kesim, d\u00f6k\u00fcml\u00fc ve rahat<br \/>\nStil: Romantik, zarif, vintage esintili<br \/>\nAstarl\u0131d\u0131r.<\/p>\n<p>MANKEN \u00d6L\u00c7\u00dcLER\u0130<\/p>\n<p>Manken \u00d6l\u00e7\u00fcleri: Boy 176 cm, 55 kilo<br \/>\nManken \u00fczerindeki \u00fcr\u00fcn 1 Bedendir.<br \/>\n1 beden 36-38\/ 2 beden 40-42 beden uyumludur<\/p>\n","protected":false},"excerpt":{"rendered":"<p>\u00dcR\u00dcN TANIMI Romantik \u00e7izgileri zarif detaylarla bulu\u015fturan bu \u00f6zel tak\u0131m, yumu\u015fak dokusuyla sade bir \u015f\u0131kl\u0131k sunar. G\u00f6\u011f\u00fcs ve etek b\u00f6l\u00fcm\u00fcnde yer alan katl\u0131 f\u0131rf\u0131rlar tasar\u0131ma hareket katarken, \u00f6n k\u0131sm\u0131ndaki ba\u011fc\u0131k detaylar\u0131 nostaljik bir hava kazand\u0131r\u0131r. Balon formundaki kollar\u0131 ve bilek detaylar\u0131 zarif bir duru\u015f olu\u015ftururken, d\u00f6k\u00fcml\u00fc yap\u0131s\u0131 g\u00fcn boyu konfor sa\u011flar. Feminen ve huzurlu bir [&hellip;]<\/p>\n","protected":false},"featured_media":210357,"comment_status":"open","ping_status":"closed","template":"","meta":[],"product_brand":[],"product_cat":[1900],"product_tag":[6744,6831],"class_list":{"0":"post-210363","1":"product","2":"type-product","3":"status-publish","4":"has-post-thumbnail","6":"product_cat-koordinatlar-setler","7":"product_tag-kadin-modasi","8":"product_tag-rahat-takim","9":"pa_brand-ahel","10":"pa_color-pembe","11":"pa_size-4446","12":"pa_size-4463","14":"first","15":"instock","16":"sale","17":"shipping-taxable","18":"purchasable","19":"product-type-variable"},"_links":{"self":[{"href":"https:\/\/mod.wisdar.net\/tr\/wp-json\/wp\/v2\/product\/210363","targetHints":{"allow":["GET"]}}],"collection":[{"href":"https:\/\/mod.wisdar.net\/tr\/wp-json\/wp\/v2\/product"}],"about":[{"href":"https:\/\/mod.wisdar.net\/tr\/wp-json\/wp\/v2\/types\/product"}],"replies":[{"embeddable":true,"href":"https:\/\/mod.wisdar.net\/tr\/wp-json\/wp\/v2\/comments?post=210363"}],"wp:featuredmedia":[{"embeddable":true,"href":"https:\/\/mod.wisdar.net\/tr\/wp-json\/wp\/v2\/media\/210357"}],"wp:attachment":[{"href":"https:\/\/mod.wisdar.net\/tr\/wp-json\/wp\/v2\/media?parent=210363"}],"wp:term":[{"taxonomy":"product_brand","embeddable":true,"href":"https:\/\/mod.wisdar.net\/tr\/wp-json\/wp\/v2\/product_brand?post=210363"},{"taxonomy":"product_cat","embeddable":true,"href":"https:\/\/mod.wisdar.net\/tr\/wp-json\/wp\/v2\/product_cat?post=210363"},{"taxonomy":"product_tag","embeddable":true,"href":"https:\/\/mod.wisdar.net\/tr\/wp-json\/wp\/v2\/product_tag?post=210363"}],"curies":[{"name":"wp","href":"https:\/\/api.w.org\/{rel}","templated":true}]}}