{"id":210773,"date":"2026-04-06T21:48:00","date_gmt":"2026-04-06T21:48:00","guid":{"rendered":"https:\/\/modesthanim.com\/product\/belden-oturtmali-ceketli-etek-takim-bej\/"},"modified":"2026-04-13T22:41:29","modified_gmt":"2026-04-13T22:41:29","slug":"belden-oturtmali-ceketli-etek-takim-bej","status":"publish","type":"product","link":"https:\/\/mod.wisdar.net\/tr\/urun\/belden-oturtmali-ceketli-etek-takim-bej\/","title":{"rendered":"Belden Oturtmal\u0131 Ceketli Etek Tak\u0131m \u2013 Bej"},"content":{"rendered":"<p>Modern \u015f\u0131kl\u0131\u011f\u0131n en g\u00fc\u00e7l\u00fc yorumlar\u0131ndan biri olan belden oturtmal\u0131 ceket etek tak\u0131m, feminen ve sofistike duru\u015fu bir arada sunar. V\u00fccuda oturan kesimi sayesinde silueti zarif\u00e7e ortaya \u00e7\u0131kar\u0131rken, klasik ceket formu g\u00fc\u00e7l\u00fc ve stil sahibi bir g\u00f6r\u00fcn\u00fcm kazand\u0131r\u0131r.<\/p>\n<p>Zamans\u0131z siyah rengi ile hem g\u00fcnl\u00fck kombinlerde hem de \u00f6zel davetlerde rahatl\u0131kla tercih edebilece\u011finiz bu tak\u0131m, tek par\u00e7a ile zahmetsiz \u015f\u0131kl\u0131k sunar. Bel vurgulu tasar\u0131m\u0131 sayesinde daha ince ve dengeli bir g\u00f6r\u00fcn\u00fcm elde etmenize yard\u0131mc\u0131 olur.<\/p>\n<p>\u0130ster topuklu ayakkab\u0131larla klasik bir stil olu\u015fturabilir, ister minimal aksesuarlarla modern ve sade bir \u015f\u0131kl\u0131k yakalayabilirsiniz. G\u00fcnl\u00fck kullan\u0131mda da, \u00f6zel g\u00fcnlerde de kurtar\u0131c\u0131 par\u00e7an\u0131z olmaya aday.<\/p>\n<p> \u00dcr\u00fcn \u00d6zellikleri<\/p>\n<p>\tBelden oturtmal\u0131 ceket tasar\u0131m\u0131<br \/>\n\t\u015e\u0131k ve modern etek formu<br \/>\n\tTak\u0131m halinde kombin kolayl\u0131\u011f\u0131<br \/>\n\tZamans\u0131z ve kurtar\u0131c\u0131 siyah renk<br \/>\n\tG\u00fcnl\u00fck, ofis ve \u00f6zel davet kullan\u0131m\u0131na uygun<\/p>\n<p> Manken Bilgisi<\/p>\n<p>\tBoy: 175 cm<br \/>\n\tKilo: 55 kg<br \/>\n\t\u00dczerindeki beden: S \/ 36<\/p>\n<p> Y\u0131kama Talimat\u0131<\/p>\n<p>\t30\u00b0C\u2019de hassas y\u0131kama yap\u0131labilir<br \/>\n\t\u00c7ama\u015f\u0131r suyu kullan\u0131lmaz<br \/>\n\tD\u00fc\u015f\u00fck \u0131s\u0131da \u00fct\u00fclenebilir<br \/>\n\tKurutma makinesi \u00f6nerilmez<br \/>\n\tUzun \u00f6m\u00fcrl\u00fc kullan\u0131m i\u00e7in talimatlara uyulmas\u0131 tavsiye edilir<\/p>\n<p>\t\t\t\t8368<\/p>\n<p>\t\t\t\t\u00d6L\u00c7\u00dcLER (CM)<br \/>\n\t\t\t\t36<br \/>\n\t\t\t\t38<br \/>\n\t\t\t\t40<br \/>\n\t\t\t\t42<\/p>\n<p>\t\t\t\tBOY<br \/>\n\t\t\t\t59<br \/>\n\t\t\t\t59<br \/>\n\t\t\t\t60<br \/>\n\t\t\t\t60<\/p>\n<p>\t\t\t\t G\u00d6\u011e\u00dcS<br \/>\n\t\t\t\t42<br \/>\n\t\t\t\t44<br \/>\n\t\t\t\t46<br \/>\n\t\t\t\t48<\/p>\n<p>\t\t\t\tOMUZ<br \/>\n\t\t\t\t14<br \/>\n\t\t\t\t14,5<br \/>\n\t\t\t\t15<br \/>\n\t\t\t\t15,5<\/p>\n<p>\t\t\t\tOMUZ DAHIL KOL BOYU<br \/>\n\t\t\t\t74<br \/>\n\t\t\t\t74<br \/>\n\t\t\t\t74<br \/>\n\t\t\t\t74<\/p>\n<p>\t\t\t\tKOL DAHIL ETEK BOY<br \/>\n\t\t\t\t96<br \/>\n\t\t\t\t96<br \/>\n\t\t\t\t96<br \/>\n\t\t\t\t96<\/p>\n<p>\t\t\t\tKEMER EN<br \/>\n\t\t\t\t4,5<br \/>\n\t\t\t\t4,5<br \/>\n\t\t\t\t4,5<br \/>\n\t\t\t\t4,5<\/p>\n","protected":false},"excerpt":{"rendered":"<p>Modern \u015f\u0131kl\u0131\u011f\u0131n en g\u00fc\u00e7l\u00fc yorumlar\u0131ndan biri olan belden oturtmal\u0131 ceket etek tak\u0131m, feminen ve sofistike duru\u015fu bir arada sunar. V\u00fccuda oturan kesimi sayesinde silueti zarif\u00e7e ortaya \u00e7\u0131kar\u0131rken, klasik ceket formu g\u00fc\u00e7l\u00fc ve stil sahibi bir g\u00f6r\u00fcn\u00fcm kazand\u0131r\u0131r. Zamans\u0131z siyah rengi ile hem g\u00fcnl\u00fck kombinlerde hem de \u00f6zel davetlerde rahatl\u0131kla tercih edebilece\u011finiz bu tak\u0131m, tek par\u00e7a [&hellip;]<\/p>\n","protected":false},"featured_media":210759,"comment_status":"open","ping_status":"closed","template":"","meta":[],"product_brand":[],"product_cat":[1900],"product_tag":[6753,7552,5012,6908,6826,7959],"class_list":{"0":"post-210773","1":"product","2":"type-product","3":"status-publish","4":"has-post-thumbnail","6":"product_cat-koordinatlar-setler","7":"product_tag-bej","8":"product_tag-bel-oturan","9":"product_tag-elegant","10":"product_tag-kadin-takim","11":"product_tag-modern-moda","12":"product_tag-resmi-giyim","13":"pa_brand-ahel","14":"pa_color-bej","15":"pa_size-4701","16":"pa_size-4706","17":"pa_size-4711","18":"pa_size-4713","20":"first","21":"instock","22":"sale","23":"shipping-taxable","24":"purchasable","25":"product-type-variable"},"_links":{"self":[{"href":"https:\/\/mod.wisdar.net\/tr\/wp-json\/wp\/v2\/product\/210773","targetHints":{"allow":["GET"]}}],"collection":[{"href":"https:\/\/mod.wisdar.net\/tr\/wp-json\/wp\/v2\/product"}],"about":[{"href":"https:\/\/mod.wisdar.net\/tr\/wp-json\/wp\/v2\/types\/product"}],"replies":[{"embeddable":true,"href":"https:\/\/mod.wisdar.net\/tr\/wp-json\/wp\/v2\/comments?post=210773"}],"wp:featuredmedia":[{"embeddable":true,"href":"https:\/\/mod.wisdar.net\/tr\/wp-json\/wp\/v2\/media\/210759"}],"wp:attachment":[{"href":"https:\/\/mod.wisdar.net\/tr\/wp-json\/wp\/v2\/media?parent=210773"}],"wp:term":[{"taxonomy":"product_brand","embeddable":true,"href":"https:\/\/mod.wisdar.net\/tr\/wp-json\/wp\/v2\/product_brand?post=210773"},{"taxonomy":"product_cat","embeddable":true,"href":"https:\/\/mod.wisdar.net\/tr\/wp-json\/wp\/v2\/product_cat?post=210773"},{"taxonomy":"product_tag","embeddable":true,"href":"https:\/\/mod.wisdar.net\/tr\/wp-json\/wp\/v2\/product_tag?post=210773"}],"curies":[{"name":"wp","href":"https:\/\/api.w.org\/{rel}","templated":true}]}}