{"id":210835,"date":"2026-04-06T21:48:39","date_gmt":"2026-04-06T21:48:39","guid":{"rendered":"https:\/\/modesthanim.com\/product\/kravat-yaka-puantiyeli-saten-takim-siyah\/"},"modified":"2026-04-06T21:48:51","modified_gmt":"2026-04-06T21:48:51","slug":"kravat-yaka-puantiyeli-saten-takim-siyah","status":"publish","type":"product","link":"https:\/\/mod.wisdar.net\/tr\/urun\/kravat-yaka-puantiyeli-saten-takim-siyah\/","title":{"rendered":"Kravat Yaka Puantiyeli Saten Tak\u0131m \u2013 Siyah"},"content":{"rendered":"<p>\u00dcr\u00fcn A\u00e7\u0131klamas\u0131<br \/>\nZarif ve modern tasar\u0131m\u0131yla \u00f6ne \u00e7\u0131kan bu tak\u0131m, minimal desenleri ve rahat kesimiyle g\u00fcn boyu konfor sunar. Y\u00fcksek yakas\u0131nda bulunan ba\u011flama detay\u0131 ile \u015f\u0131k bir dokunu\u015f kazan\u0131rken, bol kesim pantolon hareket \u00f6zg\u00fcrl\u00fc\u011f\u00fc sa\u011flar. Hafif ve ak\u0131\u015fkan kuma\u015f\u0131 sayesinde hem g\u00fcnl\u00fck kullan\u0131mda hem de \u00f6zel anlarda tercih edilebilir.<\/p>\n<p>\u00dcr\u00fcn \u00d6zellikleri<\/p>\n<p>Tunik uzunlu\u011fu: 80 cm<br \/>\nPantolon uzunlu\u011fu: 113 cm<br \/>\nYaka: Ba\u011flama detayl\u0131 y\u00fcksek yaka<br \/>\nDesen: Minimal puantiye<br \/>\nKesim: Rahat \/ bol kal\u0131p<br \/>\nKuma\u015f: Hafif ve d\u00f6k\u00fcml\u00fc yap\u0131<\/p>\n<p>Y\u0131kama Talimat\u0131<\/p>\n<p>30\u00b0C\u2019de hassas y\u0131kama yap\u0131lmal\u0131d\u0131r<br \/>\nA\u011fart\u0131c\u0131 kullan\u0131lmaz<br \/>\nD\u00fc\u015f\u00fck \u0131s\u0131da \u00fct\u00fclenir<br \/>\nKurutma makinesinde kurutulmas\u0131 \u00f6nerilmez<br \/>\nBenzer renklerle y\u0131kay\u0131n\u0131z<\/p>\n<p>Manken Bilgisi<\/p>\n<p>Boy: 175 cm<br \/>\nKilo : 55<br \/>\n\u00dczerindeki beden: 1<\/p>\n<p>8388<br \/>\n\u00d6L\u00c7\u00dcLER (CM)<br \/>\n1 BEDEN<br \/>\n2 BEDEN<br \/>\nBOY<br \/>\n80<br \/>\n80<br \/>\n\u00d6N G\u00d6\u011e\u00dcS<br \/>\n58<br \/>\n61<br \/>\nPANTOLON BOY<br \/>\n113<br \/>\n113<\/p>\n","protected":false},"excerpt":{"rendered":"<p>\u00dcr\u00fcn A\u00e7\u0131klamas\u0131 Zarif ve modern tasar\u0131m\u0131yla \u00f6ne \u00e7\u0131kan bu tak\u0131m, minimal desenleri ve rahat kesimiyle g\u00fcn boyu konfor sunar. Y\u00fcksek yakas\u0131nda bulunan ba\u011flama detay\u0131 ile \u015f\u0131k bir dokunu\u015f kazan\u0131rken, bol kesim pantolon hareket \u00f6zg\u00fcrl\u00fc\u011f\u00fc sa\u011flar. Hafif ve ak\u0131\u015fkan kuma\u015f\u0131 sayesinde hem g\u00fcnl\u00fck kullan\u0131mda hem de \u00f6zel anlarda tercih edilebilir. \u00dcr\u00fcn \u00d6zellikleri Tunik uzunlu\u011fu: 80 cm [&hellip;]<\/p>\n","protected":false},"featured_media":210824,"comment_status":"open","ping_status":"closed","template":"","meta":[],"product_brand":[],"product_cat":[1900],"product_tag":[7547],"class_list":{"0":"post-210835","1":"product","2":"type-product","3":"status-publish","4":"has-post-thumbnail","6":"product_cat-koordinatlar-setler","7":"product_tag-kadin-giyim","8":"pa_brand-ahel","9":"pa_color-siyah","10":"pa_size-4446","11":"pa_size-4463","13":"first","14":"instock","15":"sale","16":"shipping-taxable","17":"purchasable","18":"product-type-variable"},"_links":{"self":[{"href":"https:\/\/mod.wisdar.net\/tr\/wp-json\/wp\/v2\/product\/210835","targetHints":{"allow":["GET"]}}],"collection":[{"href":"https:\/\/mod.wisdar.net\/tr\/wp-json\/wp\/v2\/product"}],"about":[{"href":"https:\/\/mod.wisdar.net\/tr\/wp-json\/wp\/v2\/types\/product"}],"replies":[{"embeddable":true,"href":"https:\/\/mod.wisdar.net\/tr\/wp-json\/wp\/v2\/comments?post=210835"}],"wp:featuredmedia":[{"embeddable":true,"href":"https:\/\/mod.wisdar.net\/tr\/wp-json\/wp\/v2\/media\/210824"}],"wp:attachment":[{"href":"https:\/\/mod.wisdar.net\/tr\/wp-json\/wp\/v2\/media?parent=210835"}],"wp:term":[{"taxonomy":"product_brand","embeddable":true,"href":"https:\/\/mod.wisdar.net\/tr\/wp-json\/wp\/v2\/product_brand?post=210835"},{"taxonomy":"product_cat","embeddable":true,"href":"https:\/\/mod.wisdar.net\/tr\/wp-json\/wp\/v2\/product_cat?post=210835"},{"taxonomy":"product_tag","embeddable":true,"href":"https:\/\/mod.wisdar.net\/tr\/wp-json\/wp\/v2\/product_tag?post=210835"}],"curies":[{"name":"wp","href":"https:\/\/api.w.org\/{rel}","templated":true}]}}