{"id":210893,"date":"2026-04-06T21:49:15","date_gmt":"2026-04-06T21:49:15","guid":{"rendered":"https:\/\/modesthanim.com\/product\/gri-pokemon-baskili-erkek-cocuk-tisort\/"},"modified":"2026-04-06T21:49:29","modified_gmt":"2026-04-06T21:49:29","slug":"gri-pokemon-baskili-erkek-cocuk-tisort","status":"publish","type":"product","link":"https:\/\/mod.wisdar.net\/tr\/urun\/gri-pokemon-baskili-erkek-cocuk-tisort\/","title":{"rendered":"Gri Pokemon Bask\u0131l\u0131 Erkek \u00c7ocuk Ti\u015f\u00f6rt"},"content":{"rendered":"<p>LCW Kids Gri Pokemon Bask\u0131l\u0131 Erkek \u00c7ocuk Ti\u015f\u00f6rt size \u00f6zel indirim, taksit ve kap\u0131da \u00f6deme avantajlar\u0131yla LCW&#8217;de! Hemen online al\u0131\u015fveri\u015f yap, \u00fcr\u00fcn kap\u0131na gelsin! \u2013 S6A491Z1-HGL<\/p>\n<p>\u2014 Technical Details \u2014<br \/>\nMen\u015fei: Turk\u0131ye<br \/>\nSat\u0131c\u0131: LC Waikiki<br \/>\nMarka: LCW Kids<br \/>\n\u00dcr\u00fcn Tipi: Ti\u015f\u00f6rt<br \/>\nCinsiyet: Erkek \u00c7ocuk<br \/>\nKal\u0131p: Loose &amp; Bol<br \/>\nYaka: Bisiklet Yaka<br \/>\nDesen: Bask\u0131l\u0131<br \/>\nKuma\u015f: Penye<br \/>\nKal\u0131nl\u0131k: \u0130nce<br \/>\nKol Boyu: K\u0131sa Kollu<br \/>\nLisans: Pokemon<br \/>\nMalzeme: %100 Pamuk<\/p>\n","protected":false},"excerpt":{"rendered":"<p>LCW Kids Gri Pokemon Bask\u0131l\u0131 Erkek \u00c7ocuk Ti\u015f\u00f6rt size \u00f6zel indirim, taksit ve kap\u0131da \u00f6deme avantajlar\u0131yla LCW&#8217;de! Hemen online al\u0131\u015fveri\u015f yap, \u00fcr\u00fcn kap\u0131na gelsin! \u2013 S6A491Z1-HGL \u2014 Technical Details \u2014 Men\u015fei: Turk\u0131ye Sat\u0131c\u0131: LC Waikiki Marka: LCW Kids \u00dcr\u00fcn Tipi: Ti\u015f\u00f6rt Cinsiyet: Erkek \u00c7ocuk Kal\u0131p: Loose &amp; Bol Yaka: Bisiklet Yaka Desen: Bask\u0131l\u0131 Kuma\u015f: Penye [&hellip;]<\/p>\n","protected":false},"featured_media":210890,"comment_status":"open","ping_status":"closed","template":"","meta":[],"product_brand":[],"product_cat":[8739,8694,8742],"product_tag":[8022],"class_list":{"0":"post-210893","1":"product","2":"type-product","3":"status-publish","4":"has-post-thumbnail","6":"product_cat-erkek-cocuklar-2-14-yas","7":"product_cat-cocuklar","8":"product_cat-tisortler-gomlekler","9":"product_tag-baskili-2","10":"pa_brand-lcw-kids","11":"pa_color-koyu-gri","12":"pa_size-2-3-yas","13":"pa_size-3-4-yas","14":"pa_size-4-5-yas","15":"pa_size-5-6-yas","16":"pa_size-6-7-yas","17":"pa_size-7-8-yas","19":"first","20":"instock","21":"sale","22":"shipping-taxable","23":"purchasable","24":"product-type-variable"},"_links":{"self":[{"href":"https:\/\/mod.wisdar.net\/tr\/wp-json\/wp\/v2\/product\/210893","targetHints":{"allow":["GET"]}}],"collection":[{"href":"https:\/\/mod.wisdar.net\/tr\/wp-json\/wp\/v2\/product"}],"about":[{"href":"https:\/\/mod.wisdar.net\/tr\/wp-json\/wp\/v2\/types\/product"}],"replies":[{"embeddable":true,"href":"https:\/\/mod.wisdar.net\/tr\/wp-json\/wp\/v2\/comments?post=210893"}],"wp:featuredmedia":[{"embeddable":true,"href":"https:\/\/mod.wisdar.net\/tr\/wp-json\/wp\/v2\/media\/210890"}],"wp:attachment":[{"href":"https:\/\/mod.wisdar.net\/tr\/wp-json\/wp\/v2\/media?parent=210893"}],"wp:term":[{"taxonomy":"product_brand","embeddable":true,"href":"https:\/\/mod.wisdar.net\/tr\/wp-json\/wp\/v2\/product_brand?post=210893"},{"taxonomy":"product_cat","embeddable":true,"href":"https:\/\/mod.wisdar.net\/tr\/wp-json\/wp\/v2\/product_cat?post=210893"},{"taxonomy":"product_tag","embeddable":true,"href":"https:\/\/mod.wisdar.net\/tr\/wp-json\/wp\/v2\/product_tag?post=210893"}],"curies":[{"name":"wp","href":"https:\/\/api.w.org\/{rel}","templated":true}]}}